{"id":2,"date":"2024-03-20T17:22:13","date_gmt":"2024-03-20T17:22:13","guid":{"rendered":"http:\/\/dev.indice-consulting.com\/arouca-multisite\/arouca-agricola\/?page_id=2"},"modified":"2026-02-23T16:23:36","modified_gmt":"2026-02-23T16:23:36","slug":"pagina-exemplo","status":"publish","type":"page","link":"https:\/\/aroucageopark.pt\/arouca-agricola\/","title":{"rendered":"Inicio"},"content":{"rendered":"\t\t<div data-elementor-type=\"wp-page\" data-elementor-id=\"2\" class=\"elementor elementor-2\" data-elementor-post-type=\"page\">\n\t\t\t\t<div class=\"elementor-element elementor-element-405f5b6 e-flex e-con-boxed e-con e-parent\" data-id=\"405f5b6\" data-element_type=\"container\">\n\t\t\t\t\t<div class=\"e-con-inner\">\n\t\t\t\t<div class=\"elementor-element elementor-element-4f59dd0 section-title elementor-widget elementor-widget-heading\" data-id=\"4f59dd0\" data-element_type=\"widget\" data-widget_type=\"heading.default\">\n\t\t\t\t<div class=\"elementor-widget-container\">\n\t\t\t\t\t<h2 class=\"elementor-heading-title elementor-size-default\"><small>Os nossos<\/small>Produtores<\/h2>\t\t\t\t<\/div>\n\t\t\t\t<\/div>\n\t\t\t\t<div class=\"elementor-element elementor-element-3cc2781 elementor-widget elementor-widget-shortcode\" data-id=\"3cc2781\" data-element_type=\"widget\" data-widget_type=\"shortcode.default\">\n\t\t\t\t<div class=\"elementor-widget-container\">\n\t\t\t\t\t\t\t<div class=\"elementor-shortcode\">\t<!-- Swiper -->\r\n\t<div class=\"position-relative\">\r\n\r\n\t\t<div class=\"cards-autoplay swiper-container swiper position-static\">\r\n\r\n\t\t\t<div class=\"swiper-wrapper pb-1\">\r\n\r\n\t\t\t\t\r\n\t\t\t\t\t<div class=\"swiper-slide h-auto\">\r\n\r\n\t\t\t\t\t\t\n<article style=\"background-image: url(https:\/\/aroucageopark.pt\/arouca-agricola\/wp-content\/themes\/arouca-geopark\/assets\/img\/generic\/dummy-image-square.jpg);\" class=\"grid-item format-image square-content\">\n\t<a href=\"https:\/\/aroucageopark.pt\/arouca-agricola\/produtores\/mariana-alves\/\" aria-label=\"Explorar &lt;b class=&#039;&#039;&gt;Mariana &lt;\/b&gt;Alves \">\n\t\t<div class=\"tw-text-center\">\n\t\t\t<h3 class=\"tw-uppercase tw-text-center tw-font-extralight tw-text-balance tw-text-white tw-mb-6 [&>b]:tw-font-extrabold [&>b]:tw-block [&>b]:tw-drop-shadow-2xl\">\n\t\t\t\t<b class=''>Mariana <\/b>Alves \t\t\t<\/h3>\n\t\t\t<span class=\"btn btn-light\">\n\t\t\t\tExplorar\t\t\t<\/span>\n\t\t<\/div>\n\t<\/a>\n<\/article>\r\n\t\t\t\t\t<\/div><!-- .card -->\r\n\r\n\t\t\t\t\r\n\t\t\t\t\t<div class=\"swiper-slide h-auto\">\r\n\r\n\t\t\t\t\t\t\n<article style=\"background-image: url(https:\/\/aroucageopark.pt\/arouca-agricola\/wp-content\/themes\/arouca-geopark\/assets\/img\/generic\/dummy-image-square.jpg);\" class=\"grid-item format-image square-content\">\n\t<a href=\"https:\/\/aroucageopark.pt\/arouca-agricola\/produtores\/tiago-holz\/\" aria-label=\"Explorar &lt;b class=&#039;&#039;&gt;Tiago &lt;\/b&gt;Holz \">\n\t\t<div class=\"tw-text-center\">\n\t\t\t<h3 class=\"tw-uppercase tw-text-center tw-font-extralight tw-text-balance tw-text-white tw-mb-6 [&>b]:tw-font-extrabold [&>b]:tw-block [&>b]:tw-drop-shadow-2xl\">\n\t\t\t\t<b class=''>Tiago <\/b>Holz \t\t\t<\/h3>\n\t\t\t<span class=\"btn btn-light\">\n\t\t\t\tExplorar\t\t\t<\/span>\n\t\t<\/div>\n\t<\/a>\n<\/article>\r\n\t\t\t\t\t<\/div><!-- .card -->\r\n\r\n\t\t\t\t\r\n\t\t\t\t\t<div class=\"swiper-slide h-auto\">\r\n\r\n\t\t\t\t\t\t\n<article style=\"background-image: url(https:\/\/aroucageopark.pt\/arouca-agricola\/wp-content\/uploads\/sites\/8\/2024\/07\/Semente-de-Futuro.png);\" class=\"grid-item format-image square-content\">\n\t<a href=\"https:\/\/aroucageopark.pt\/arouca-agricola\/produtores\/semente-de-futuro-2\/\" aria-label=\"Explorar &lt;b class=&#039;&#039;&gt;Semente &lt;\/b&gt;de Futuro \">\n\t\t<div class=\"tw-text-center\">\n\t\t\t<h3 class=\"tw-uppercase tw-text-center tw-font-extralight tw-text-balance tw-text-white tw-mb-6 [&>b]:tw-font-extrabold [&>b]:tw-block [&>b]:tw-drop-shadow-2xl\">\n\t\t\t\t<b class=''>Semente <\/b>de Futuro \t\t\t<\/h3>\n\t\t\t<span class=\"btn btn-light\">\n\t\t\t\tExplorar\t\t\t<\/span>\n\t\t<\/div>\n\t<\/a>\n<\/article>\r\n\t\t\t\t\t<\/div><!-- .card -->\r\n\r\n\t\t\t\t\r\n\t\t\t\t\t<div class=\"swiper-slide h-auto\">\r\n\r\n\t\t\t\t\t\t\n<article style=\"background-image: url(https:\/\/aroucageopark.pt\/arouca-agricola\/wp-content\/uploads\/sites\/8\/2024\/07\/Rosa-Almeida.jpg);\" class=\"grid-item format-image square-content\">\n\t<a href=\"https:\/\/aroucageopark.pt\/arouca-agricola\/produtores\/rosa-almeida\/\" aria-label=\"Explorar &lt;b class=&#039;&#039;&gt;Rosa &lt;\/b&gt;Almeida \">\n\t\t<div class=\"tw-text-center\">\n\t\t\t<h3 class=\"tw-uppercase tw-text-center tw-font-extralight tw-text-balance tw-text-white tw-mb-6 [&>b]:tw-font-extrabold [&>b]:tw-block [&>b]:tw-drop-shadow-2xl\">\n\t\t\t\t<b class=''>Rosa <\/b>Almeida \t\t\t<\/h3>\n\t\t\t<span class=\"btn btn-light\">\n\t\t\t\tExplorar\t\t\t<\/span>\n\t\t<\/div>\n\t<\/a>\n<\/article>\r\n\t\t\t\t\t<\/div><!-- .card -->\r\n\r\n\t\t\t\t\r\n\t\t\t\t\t<div class=\"swiper-slide h-auto\">\r\n\r\n\t\t\t\t\t\t\n<article style=\"background-image: url(https:\/\/aroucageopark.pt\/arouca-agricola\/wp-content\/uploads\/sites\/8\/2024\/07\/Mario-Alexandra-e-Adilia-Silva.jpg);\" class=\"grid-item format-image square-content\">\n\t<a href=\"https:\/\/aroucageopark.pt\/arouca-agricola\/produtores\/mario-alexandre-e-adilia-silva\/\" aria-label=\"Explorar &lt;b class=&#039;&#039;&gt;M\u00e1rio Alexandre &lt;\/b&gt;e Ad\u00edlia Silva \">\n\t\t<div class=\"tw-text-center\">\n\t\t\t<h3 class=\"tw-uppercase tw-text-center tw-font-extralight tw-text-balance tw-text-white tw-mb-6 [&>b]:tw-font-extrabold [&>b]:tw-block [&>b]:tw-drop-shadow-2xl\">\n\t\t\t\t<b class=''>M\u00e1rio Alexandre <\/b>e Ad\u00edlia Silva \t\t\t<\/h3>\n\t\t\t<span class=\"btn btn-light\">\n\t\t\t\tExplorar\t\t\t<\/span>\n\t\t<\/div>\n\t<\/a>\n<\/article>\r\n\t\t\t\t\t<\/div><!-- .card -->\r\n\r\n\t\t\t\t\r\n\t\t\t\t\t<div class=\"swiper-slide h-auto\">\r\n\r\n\t\t\t\t\t\t\n<article style=\"background-image: url(https:\/\/aroucageopark.pt\/arouca-agricola\/wp-content\/uploads\/sites\/8\/2024\/07\/Maria-Teresa-Gomes-1.jpg);\" class=\"grid-item format-image square-content\">\n\t<a href=\"https:\/\/aroucageopark.pt\/arouca-agricola\/produtores\/maria-teresa-gomes\/\" aria-label=\"Explorar &lt;b class=&#039;&#039;&gt;Maria &lt;\/b&gt;Teresa Gomes \">\n\t\t<div class=\"tw-text-center\">\n\t\t\t<h3 class=\"tw-uppercase tw-text-center tw-font-extralight tw-text-balance tw-text-white tw-mb-6 [&>b]:tw-font-extrabold [&>b]:tw-block [&>b]:tw-drop-shadow-2xl\">\n\t\t\t\t<b class=''>Maria <\/b>Teresa Gomes \t\t\t<\/h3>\n\t\t\t<span class=\"btn btn-light\">\n\t\t\t\tExplorar\t\t\t<\/span>\n\t\t<\/div>\n\t<\/a>\n<\/article>\r\n\t\t\t\t\t<\/div><!-- .card -->\r\n\r\n\t\t\t\t\r\n\t\t\t<\/div> <!-- .swiper-wrapper -->\r\n\r\n\t\t\t<!-- Add Pagination -->\r\n\t\t\t<div class=\"swiper-pagination mt-lg-5 mt-1\"><\/div>\r\n\t\t\t<!-- Add Arrows -->\r\n\t\t\t<div class=\"swiper-button-next end-0\"><\/div>\r\n\t\t\t<div class=\"swiper-button-prev start-0\"><\/div>\r\n\r\n\t\t<\/div><!-- swiper-container -->\r\n\r\n\t<\/div>\r\n\t<!-- Swiper End -->\r\n<\/div>\n\t\t\t\t\t\t<\/div>\n\t\t\t\t<\/div>\n\t\t\t\t\t<\/div>\n\t\t\t\t<\/div>\n\t\t\t\t<section class=\"elementor-section elementor-top-section elementor-element elementor-element-1f59891 elementor-section-boxed elementor-section-height-default elementor-section-height-default\" data-id=\"1f59891\" data-element_type=\"section\">\n\t\t\t\t\t\t<div class=\"elementor-container elementor-column-gap-default\">\n\t\t\t\t\t<div class=\"elementor-column elementor-col-100 elementor-top-column elementor-element elementor-element-96c4ebc\" data-id=\"96c4ebc\" data-element_type=\"column\">\n\t\t\t<div class=\"elementor-widget-wrap elementor-element-populated\">\n\t\t\t\t\t\t<div class=\"elementor-element elementor-element-93603c3 section-title mt-0 mb-5 elementor-widget elementor-widget-heading\" data-id=\"93603c3\" data-element_type=\"widget\" data-widget_type=\"heading.default\">\n\t\t\t\t<div class=\"elementor-widget-container\">\n\t\t\t\t\t<h2 class=\"elementor-heading-title elementor-size-default\">Atualidade<\/h2>\t\t\t\t<\/div>\n\t\t\t\t<\/div>\n\t\t\t\t<div class=\"elementor-element elementor-element-63af16c elementor-widget elementor-widget-shortcode\" data-id=\"63af16c\" data-element_type=\"widget\" data-widget_type=\"shortcode.default\">\n\t\t\t\t<div class=\"elementor-widget-container\">\n\t\t\t\t\t\t\t<div class=\"elementor-shortcode\">\r\n<ul class=\"nav nav-pills mb-3 gap-3\" id=\"pills-tab\" role=\"tablist\">\r\n  <li class=\"nav-item\" role=\"presentation\">\r\n    <button class=\"nav-link active\" id=\"pills-home-tab\" data-bs-toggle=\"pill\" data-bs-target=\"#pills-home\" type=\"button\"\r\n      role=\"tab\" aria-controls=\"pills-home\" aria-selected=\"true\"> Eventos <\/button>\r\n  <\/li>\r\n  <li class=\"nav-item\" role=\"presentation\">\r\n    <button class=\"nav-link\" id=\"pills-profile-tab\" data-bs-toggle=\"pill\" data-bs-target=\"#pills-profile\" type=\"button\"\r\n      role=\"tab\" aria-controls=\"pills-profile\" aria-selected=\"false\"> Not\u00edcias <\/button>\r\n  <\/li>\r\n<\/ul>\r\n<div class=\"tab-content\" id=\"pills-tabContent\">\r\n  <form id=\"events-filters\" action=\"https:\/\/aroucageopark.pt\/arouca-agricola\/wp-json\/wp\/v2\/pages\/2\" method=\"get\" class=\"mb-5\">\r\n    <div class=\"row\">\r\n      <div class=\"col-lg-8\">\r\n\r\n      <\/div>\r\n      <div class=\"col-lg-4 d-flex justify-content-end gap-3\">\r\n        <input type=\"text\" name=\"quando\" id=\"quando\" class=\"filter-select fw-normal\" placeholder=\"Quando\" \/>\r\n\r\n<script type=\"text\/javascript\" src=\"https:\/\/cdn.jsdelivr.net\/jquery\/latest\/jquery.min.js\"><\/script>\r\n<script type=\"text\/javascript\" src=\"https:\/\/cdn.jsdelivr.net\/momentjs\/latest\/moment.min.js\"><\/script>\r\n<script type=\"text\/javascript\" src=\"https:\/\/cdn.jsdelivr.net\/npm\/daterangepicker\/daterangepicker.min.js\"><\/script>\r\n<link rel=\"stylesheet\" type=\"text\/css\" href=\"https:\/\/cdn.jsdelivr.net\/npm\/daterangepicker\/daterangepicker.css\" \/>\r\n\r\n<script>\r\n\t$(function() {\r\n\t\t$('input[name=\"quando\"]').daterangepicker({\r\n\t\t\tautoApply: true,\r\n\t\t\topens: 'left',\r\n\t\t\tlocale: {\r\n\t\t\t\tformat: \"YYYY-MM-DD\",\r\n\t\t\t\tcancelLabel: 'Limpar'\r\n\t\t\t},\r\n\t\t}, function(start, end, label) {\r\n\t\t\t$('input[id=\"quando\"]').val(`${start.format('YYYY-MM-DD')} - ${end.format('YYYY-MM-DD')}`)\r\n\t\t\t$('form[id=\"events-filters\"]').submit()\r\n\t\t});\r\n\r\n\t\tconst queryString = window.location.search;\r\n\t\tconst urlParams = new URLSearchParams(queryString);\r\n\r\n\t\tif (urlParams.get('quando')) {\r\n\t\t\tconst intervalDates = urlParams.get('quando').split(' - ')\r\n\t\t\t$('#quando').data('daterangepicker').setStartDate(intervalDates[0]);\r\n\t\t\t$('#quando').data('daterangepicker').setEndDate(intervalDates[1]);\r\n\r\n\t\t\tif ($('#quando').val()) {\r\n\t\t\t\t$('#quando').addClass('active');\r\n\t\t\t}\r\n\t\t} else {\r\n\t\t\t$('#quando').val('Data')\r\n\r\n\t\t\t$('input[name=\"quando\"]').on('hide.daterangepicker', function(ev, picker) {\r\n\t\t\t\t$('#quando').val('Data')\r\n\t\t\t});\r\n\t\t}\r\n\r\n\t});\r\n<\/script>      <\/div>\r\n    <\/div>\r\n  <\/form>\r\n\r\n  <div class=\"tab-pane fade show active\" id=\"pills-home\" role=\"tabpanel\" aria-labelledby=\"pills-home-tab\" tabindex=\"0\">\r\n    \r\n<section id=\"list-posts\" class=\"list-posts-container mb-large\" data-instance=\"eventos_crossposts_69e26b1cde114\">\r\n\t\t\t<div id=\"events-grid\" class='row row-cols-lg-3 row-cols-1 g-5'>\r\n\t\t\t<div class='col event-card-wrapper tw-block'>\r\n<div class=\"h-100 d-flex flex-column\">\r\n\t<a href=\"https:\/\/aroucageopark.pt\/eventos\/arouca-agricola-promove-formacao-especializada-para-reforcar-a-agricultura-local\/\">\r\n\t\t<img decoding=\"async\" src=\"https:\/\/aroucageopark.pt\/arouca-agricola\/wp-content\/uploads\/2026\/02\/Capa-800x800.png\" alt=\"Arouca Agr\u00edcola promove forma\u00e7\u00e3o especializada para refor\u00e7ar a agricultura local\" class=\"format-image w-100 square-content mb-2\">\r\n\t<\/a>\r\n\r\n\t<p class=\"fs-6 text-primary mb-0\">\r\n\t\t19-02-2026 a 10-09-2026\t<\/p>\r\n\r\n\t<h2 class=\"mb-1 fs-5 fw-normal\">\r\n\t\t<a href=\"https:\/\/aroucageopark.pt\/eventos\/arouca-agricola-promove-formacao-especializada-para-reforcar-a-agricultura-local\/\">\r\n\t\t\tArouca Agr\u00edcola promove forma\u00e7\u00e3o especializada para refor\u00e7ar a agricultura local\t\t<\/a>\r\n\t<\/h2>\r\n\r\n\t<div class=\"d-flex justify-content-end mt-auto\">\r\n\t\t<a href=\"https:\/\/aroucageopark.pt\/eventos\/arouca-agricola-promove-formacao-especializada-para-reforcar-a-agricultura-local\/\" class=\"btn btn-outline-dark\" >\r\n\t\t\tVer mais\t\t<\/a>\r\n\t<\/div>\r\n<\/div><\/div>\t\t<\/div>\r\n\r\n\t\t\r\n\t<\/section>  <\/div>\r\n  <div class=\"tab-pane fade\" id=\"pills-profile\" role=\"tabpanel\" aria-labelledby=\"pills-profile-tab\" tabindex=\"0\">\r\n    \r\n<section id=\"list-posts\" class=\"list-posts-container mb-large\" data-instance=\"noticias_crossposts_69e26b1ce6833\">\r\n\t\t\t<div class=\"text-center mt-5\">\r\n\t\t\t<h3 class=\"text-muted\">\r\n\t\t\t\tNenhum resultado encontrado nesta se\u00e7\u00e3o!\r\n\t\t\t<\/h3>\r\n\t\t<\/div>\r\n\t<\/section>  <\/div>\r\n<\/div><\/div>\n\t\t\t\t\t\t<\/div>\n\t\t\t\t<\/div>\n\t\t\t\t\t<\/div>\n\t\t<\/div>\n\t\t\t\t\t<\/div>\n\t\t<\/section>\n\t\t\t\t<section class=\"elementor-section elementor-top-section elementor-element elementor-element-daa971e elementor-section-height-min-height elementor-section-stretched mb-section elementor-section-boxed elementor-section-height-default elementor-section-items-middle\" data-id=\"daa971e\" data-element_type=\"section\" data-settings=\"{&quot;stretch_section&quot;:&quot;section-stretched&quot;,&quot;background_background&quot;:&quot;classic&quot;}\">\n\t\t\t\t\t\t<div class=\"elementor-container elementor-column-gap-default\">\n\t\t\t\t\t<div class=\"elementor-column elementor-col-100 elementor-top-column elementor-element elementor-element-223f88c\" data-id=\"223f88c\" data-element_type=\"column\">\n\t\t\t<div class=\"elementor-widget-wrap elementor-element-populated\">\n\t\t\t\t\t\t<div class=\"elementor-element elementor-element-3f66f38 header-title elementor-widget elementor-widget-heading\" data-id=\"3f66f38\" data-element_type=\"widget\" data-widget_type=\"heading.default\">\n\t\t\t\t<div class=\"elementor-widget-container\">\n\t\t\t\t\t<h2 class=\"elementor-heading-title elementor-size-default\"><small>Compre os<\/small>Nossos Produtos<\/h2>\t\t\t\t<\/div>\n\t\t\t\t<\/div>\n\t\t\t\t<div class=\"elementor-element elementor-element-5afcdc8 elementor-align-center elementor-widget elementor-widget-button\" data-id=\"5afcdc8\" data-element_type=\"widget\" data-widget_type=\"button.default\">\n\t\t\t\t<div class=\"elementor-widget-container\">\n\t\t\t\t\t\t\t\t\t<div class=\"elementor-button-wrapper\">\n\t\t\t\t\t<a class=\"elementor-button elementor-button-link elementor-size-sm\" href=\"#\">\n\t\t\t\t\t\t<span class=\"elementor-button-content-wrapper\">\n\t\t\t\t\t\t\t\t\t<span class=\"elementor-button-text\">ver mais<\/span>\n\t\t\t\t\t<\/span>\n\t\t\t\t\t<\/a>\n\t\t\t\t<\/div>\n\t\t\t\t\t\t\t\t<\/div>\n\t\t\t\t<\/div>\n\t\t\t\t\t<\/div>\n\t\t<\/div>\n\t\t\t\t\t<\/div>\n\t\t<\/section>\n\t\t<div class=\"elementor-element elementor-element-266d471 e-flex e-con-boxed e-con e-parent\" data-id=\"266d471\" data-element_type=\"container\">\n\t\t\t\t\t<div class=\"e-con-inner\">\n\t\t\t\t<div class=\"elementor-element elementor-element-afe20ee section-title mb-3 elementor-widget elementor-widget-heading\" data-id=\"afe20ee\" data-element_type=\"widget\" data-widget_type=\"heading.default\">\n\t\t\t\t<div class=\"elementor-widget-container\">\n\t\t\t\t\t<h2 class=\"elementor-heading-title elementor-size-default\"><small>Itiner\u00e1rios<\/small>\nArouca Agricola<\/h2>\t\t\t\t<\/div>\n\t\t\t\t<\/div>\n\t\t\t\t<div class=\"elementor-element elementor-element-f89d9b0 elementor-widget elementor-widget-shortcode\" data-id=\"f89d9b0\" data-element_type=\"widget\" data-widget_type=\"shortcode.default\">\n\t\t\t\t<div class=\"elementor-widget-container\">\n\t\t\t\t\t\t\t<div class=\"elementor-shortcode\">\t<!-- Swiper -->\r\n\t<div class=\"position-relative\">\r\n\r\n\t\t<div class=\"cards-autoplay swiper-container swiper position-static\">\r\n\r\n\t\t\t<div class=\"swiper-wrapper pb-1\">\r\n\r\n\t\t\t\t\r\n\t\t\t\t\t<div class=\"swiper-slide h-auto\">\r\n\r\n\t\t\t\t\t\t\n<article style=\"background-image: url(https:\/\/aroucageopark.pt\/arouca-agricola\/wp-content\/uploads\/sites\/8\/2024\/03\/Grupo-de-mascara-13.png);\" class=\"grid-item format-image square-content\">\n\t<a href=\"https:\/\/aroucageopark.pt\/arouca-agricola\/itinerarios\/das-aboboras-a-broa-doce\/\" aria-label=\"Explorar &lt;b class=&#039;&#039;&gt;Das Ab\u00f3boras &lt;\/b&gt;\u00e0 Broa Doce \">\n\t\t<div class=\"tw-text-center\">\n\t\t\t<h3 class=\"tw-uppercase tw-text-center tw-font-extralight tw-text-balance tw-text-white tw-mb-6 [&>b]:tw-font-extrabold [&>b]:tw-block [&>b]:tw-drop-shadow-2xl\">\n\t\t\t\t<b class=''>Das Ab\u00f3boras <\/b>\u00e0 Broa Doce \t\t\t<\/h3>\n\t\t\t<span class=\"btn btn-light\">\n\t\t\t\tExplorar\t\t\t<\/span>\n\t\t<\/div>\n\t<\/a>\n<\/article>\r\n\t\t\t\t\t<\/div><!-- .card -->\r\n\r\n\t\t\t\t\r\n\t\t\t<\/div> <!-- .swiper-wrapper -->\r\n\r\n\t\t\t<!-- Add Pagination -->\r\n\t\t\t<div class=\"swiper-pagination mt-lg-5 mt-1\"><\/div>\r\n\t\t\t<!-- Add Arrows -->\r\n\t\t\t<div class=\"swiper-button-next end-0\"><\/div>\r\n\t\t\t<div class=\"swiper-button-prev start-0\"><\/div>\r\n\r\n\t\t<\/div><!-- swiper-container -->\r\n\r\n\t<\/div>\r\n\t<!-- Swiper End -->\r\n<\/div>\n\t\t\t\t\t\t<\/div>\n\t\t\t\t<\/div>\n\t\t\t\t\t<\/div>\n\t\t\t\t<\/div>\n\t\t\t\t<\/div>\n\t\t","protected":false},"excerpt":{"rendered":"<p>Os nossosProdutores Atualidade Compre osNossos Produtos ver mais Itiner\u00e1rios Arouca Agricola<\/p>\n","protected":false},"author":1,"featured_media":false,"parent":0,"menu_order":0,"comment_status":"closed","ping_status":"open","template":"","meta":{"_acf_changed":false,"footnotes":""},"class_list":["post-2","page","type-page","status-publish","hentry"],"acf":[],"yoast_head":"<!-- This site is optimized with the Yoast SEO plugin v25.7 - https:\/\/yoast.com\/wordpress\/plugins\/seo\/ -->\n<title>Inicio - Arouca Agricola<\/title>\n<meta name=\"robots\" content=\"index, follow, max-snippet:-1, max-image-preview:large, max-video-preview:-1\" \/>\n<link rel=\"canonical\" href=\"https:\/\/aroucageopark.pt\/arouca-agricola\/\" \/>\n<meta property=\"og:locale\" content=\"pt_PT\" \/>\n<meta property=\"og:type\" content=\"article\" \/>\n<meta property=\"og:title\" content=\"Inicio - Arouca Agricola\" \/>\n<meta property=\"og:description\" content=\"Os nossosProdutores Atualidade Compre osNossos Produtos ver mais Itiner\u00e1rios Arouca Agricola\" \/>\n<meta property=\"og:url\" content=\"https:\/\/aroucageopark.pt\/arouca-agricola\/\" \/>\n<meta property=\"og:site_name\" content=\"Arouca Agricola\" \/>\n<meta property=\"article:modified_time\" content=\"2026-02-23T16:23:36+00:00\" \/>\n<meta name=\"twitter:card\" content=\"summary_large_image\" \/>\n<meta name=\"twitter:label1\" content=\"Tempo estimado de leitura\" \/>\n\t<meta name=\"twitter:data1\" content=\"1 minuto\" \/>\n<script type=\"application\/ld+json\" class=\"yoast-schema-graph\">{\"@context\":\"https:\/\/schema.org\",\"@graph\":[{\"@type\":\"WebPage\",\"@id\":\"https:\/\/aroucageopark.pt\/arouca-agricola\/\",\"url\":\"https:\/\/aroucageopark.pt\/arouca-agricola\/\",\"name\":\"Inicio - Arouca Agricola\",\"isPartOf\":{\"@id\":\"https:\/\/aroucageopark.pt\/arouca-agricola\/#website\"},\"datePublished\":\"2024-03-20T17:22:13+00:00\",\"dateModified\":\"2026-02-23T16:23:36+00:00\",\"breadcrumb\":{\"@id\":\"https:\/\/aroucageopark.pt\/arouca-agricola\/#breadcrumb\"},\"inLanguage\":\"pt-PT\",\"potentialAction\":[{\"@type\":\"ReadAction\",\"target\":[\"https:\/\/aroucageopark.pt\/arouca-agricola\/\"]}]},{\"@type\":\"BreadcrumbList\",\"@id\":\"https:\/\/aroucageopark.pt\/arouca-agricola\/#breadcrumb\",\"itemListElement\":[{\"@type\":\"ListItem\",\"position\":1,\"name\":\"In\u00edcio\",\"item\":\"https:\/\/aroucageopark.pt\/arouca-agricola\/\"},{\"@type\":\"ListItem\",\"position\":2,\"name\":\"Inicio\"}]},{\"@type\":\"WebSite\",\"@id\":\"https:\/\/aroucageopark.pt\/arouca-agricola\/#website\",\"url\":\"https:\/\/aroucageopark.pt\/arouca-agricola\/\",\"name\":\"Arouca Agricola\",\"description\":\"\",\"potentialAction\":[{\"@type\":\"SearchAction\",\"target\":{\"@type\":\"EntryPoint\",\"urlTemplate\":\"https:\/\/aroucageopark.pt\/arouca-agricola\/?s={search_term_string}\"},\"query-input\":{\"@type\":\"PropertyValueSpecification\",\"valueRequired\":true,\"valueName\":\"search_term_string\"}}],\"inLanguage\":\"pt-PT\"}]}<\/script>\n<!-- \/ Yoast SEO plugin. -->","yoast_head_json":{"title":"Inicio - Arouca Agricola","robots":{"index":"index","follow":"follow","max-snippet":"max-snippet:-1","max-image-preview":"max-image-preview:large","max-video-preview":"max-video-preview:-1"},"canonical":"https:\/\/aroucageopark.pt\/arouca-agricola\/","og_locale":"pt_PT","og_type":"article","og_title":"Inicio - Arouca Agricola","og_description":"Os nossosProdutores Atualidade Compre osNossos Produtos ver mais Itiner\u00e1rios Arouca Agricola","og_url":"https:\/\/aroucageopark.pt\/arouca-agricola\/","og_site_name":"Arouca Agricola","article_modified_time":"2026-02-23T16:23:36+00:00","twitter_card":"summary_large_image","twitter_misc":{"Tempo estimado de leitura":"1 minuto"},"schema":{"@context":"https:\/\/schema.org","@graph":[{"@type":"WebPage","@id":"https:\/\/aroucageopark.pt\/arouca-agricola\/","url":"https:\/\/aroucageopark.pt\/arouca-agricola\/","name":"Inicio - Arouca Agricola","isPartOf":{"@id":"https:\/\/aroucageopark.pt\/arouca-agricola\/#website"},"datePublished":"2024-03-20T17:22:13+00:00","dateModified":"2026-02-23T16:23:36+00:00","breadcrumb":{"@id":"https:\/\/aroucageopark.pt\/arouca-agricola\/#breadcrumb"},"inLanguage":"pt-PT","potentialAction":[{"@type":"ReadAction","target":["https:\/\/aroucageopark.pt\/arouca-agricola\/"]}]},{"@type":"BreadcrumbList","@id":"https:\/\/aroucageopark.pt\/arouca-agricola\/#breadcrumb","itemListElement":[{"@type":"ListItem","position":1,"name":"In\u00edcio","item":"https:\/\/aroucageopark.pt\/arouca-agricola\/"},{"@type":"ListItem","position":2,"name":"Inicio"}]},{"@type":"WebSite","@id":"https:\/\/aroucageopark.pt\/arouca-agricola\/#website","url":"https:\/\/aroucageopark.pt\/arouca-agricola\/","name":"Arouca Agricola","description":"","potentialAction":[{"@type":"SearchAction","target":{"@type":"EntryPoint","urlTemplate":"https:\/\/aroucageopark.pt\/arouca-agricola\/?s={search_term_string}"},"query-input":{"@type":"PropertyValueSpecification","valueRequired":true,"valueName":"search_term_string"}}],"inLanguage":"pt-PT"}]}},"_links":{"self":[{"href":"https:\/\/aroucageopark.pt\/arouca-agricola\/wp-json\/wp\/v2\/pages\/2","targetHints":{"allow":["GET"]}}],"collection":[{"href":"https:\/\/aroucageopark.pt\/arouca-agricola\/wp-json\/wp\/v2\/pages"}],"about":[{"href":"https:\/\/aroucageopark.pt\/arouca-agricola\/wp-json\/wp\/v2\/types\/page"}],"author":[{"embeddable":true,"href":"https:\/\/aroucageopark.pt\/arouca-agricola\/wp-json\/wp\/v2\/users\/1"}],"replies":[{"embeddable":true,"href":"https:\/\/aroucageopark.pt\/arouca-agricola\/wp-json\/wp\/v2\/comments?post=2"}],"version-history":[{"count":39,"href":"https:\/\/aroucageopark.pt\/arouca-agricola\/wp-json\/wp\/v2\/pages\/2\/revisions"}],"predecessor-version":[{"id":535,"href":"https:\/\/aroucageopark.pt\/arouca-agricola\/wp-json\/wp\/v2\/pages\/2\/revisions\/535"}],"wp:attachment":[{"href":"https:\/\/aroucageopark.pt\/arouca-agricola\/wp-json\/wp\/v2\/media?parent=2"}],"curies":[{"name":"wp","href":"https:\/\/api.w.org\/{rel}","templated":true}]}}