{"id":90,"date":"2024-03-28T16:51:56","date_gmt":"2024-03-28T16:51:56","guid":{"rendered":"http:\/\/dev.indice-consulting.com\/arouca-multisite\/arouca-agricola\/?page_id=90"},"modified":"2024-04-01T14:31:07","modified_gmt":"2024-04-01T14:31:07","slug":"mercado-local","status":"publish","type":"page","link":"https:\/\/aroucageopark.pt\/arouca-agricola\/mercado-local\/","title":{"rendered":"Mercado Local"},"content":{"rendered":"\t\t<div data-elementor-type=\"wp-page\" data-elementor-id=\"90\" class=\"elementor elementor-90\" data-elementor-post-type=\"page\">\n\t\t\t\t<div class=\"elementor-element elementor-element-178b00d e-flex e-con-boxed e-con e-parent\" data-id=\"178b00d\" data-element_type=\"container\">\n\t\t\t\t\t<div class=\"e-con-inner\">\n\t\t\t\t<div class=\"elementor-element elementor-element-ef3157d section-title elementor-widget elementor-widget-heading\" data-id=\"ef3157d\" data-element_type=\"widget\" data-widget_type=\"heading.default\">\n\t\t\t\t<div class=\"elementor-widget-container\">\n\t\t\t\t\t<h2 class=\"elementor-heading-title elementor-size-default\"><small>Os Nossos<\/small>Produtos<\/h2>\t\t\t\t<\/div>\n\t\t\t\t<\/div>\n\t\t\t\t<div class=\"elementor-element elementor-element-fa40d4d elementor-widget elementor-widget-shortcode\" data-id=\"fa40d4d\" data-element_type=\"widget\" data-widget_type=\"shortcode.default\">\n\t\t\t\t<div class=\"elementor-widget-container\">\n\t\t\t\t\t\t\t<div class=\"elementor-shortcode\">[grid-products]<\/div>\n\t\t\t\t\t\t<\/div>\n\t\t\t\t<\/div>\n\t\t\t\t\t<\/div>\n\t\t\t\t<\/div>\n\t\t<div class=\"elementor-element elementor-element-a4fa198 e-flex e-con-boxed e-con e-parent\" data-id=\"a4fa198\" data-element_type=\"container\">\n\t\t\t\t\t<div class=\"e-con-inner\">\n\t\t\t\t<div class=\"elementor-element elementor-element-4e8522b elementor-widget elementor-widget-heading\" data-id=\"4e8522b\" data-element_type=\"widget\" data-widget_type=\"heading.default\">\n\t\t\t\t<div class=\"elementor-widget-container\">\n\t\t\t\t\t<h2 class=\"elementor-heading-title elementor-size-default\">Como Chegar<\/h2>\t\t\t\t<\/div>\n\t\t\t\t<\/div>\n\t\t\t\t\t<\/div>\n\t\t\t\t<\/div>\n\t\t<div class=\"elementor-element elementor-element-bcbcb82 mt-5 e-flex e-con-boxed e-con e-parent\" data-id=\"bcbcb82\" data-element_type=\"container\">\n\t\t\t\t\t<div class=\"e-con-inner\">\n\t\t<div class=\"elementor-element elementor-element-5d40d5a e-con-full e-flex e-con e-child\" data-id=\"5d40d5a\" data-element_type=\"container\">\n\t\t\t\t<div class=\"elementor-element elementor-element-e29bfae elementor-widget elementor-widget-heading\" data-id=\"e29bfae\" data-element_type=\"widget\" data-widget_type=\"heading.default\">\n\t\t\t\t<div class=\"elementor-widget-container\">\n\t\t\t\t\t<h3 class=\"elementor-heading-title elementor-size-default\">Contactos<\/h3>\t\t\t\t<\/div>\n\t\t\t\t<\/div>\n\t\t\t\t<div class=\"elementor-element elementor-element-c0c16cb elementor-position-left elementor-view-default elementor-mobile-position-top elementor-widget elementor-widget-icon-box\" data-id=\"c0c16cb\" data-element_type=\"widget\" data-widget_type=\"icon-box.default\">\n\t\t\t\t<div class=\"elementor-widget-container\">\n\t\t\t\t\t\t\t<div class=\"elementor-icon-box-wrapper\">\n\n\t\t\t\t\t\t<div class=\"elementor-icon-box-icon\">\n\t\t\t\t<span  class=\"elementor-icon\">\n\t\t\t\t<svg xmlns=\"http:\/\/www.w3.org\/2000\/svg\" id=\"Layer_1\" viewBox=\"0 0 246.07 246.08\"><path d=\"M191.05,20.53C171.07,7.24,147.15,.06,123.21,0h-.79c-16.87,.09-34.12,3.74-49.7,10.73C42.08,24.48,17.6,51.23,6.65,82.91-3.87,113.37-1.79,147.65,12.08,176.43c13.05,27.06,36.27,48.97,63.91,60.42,29.92,12.39,64.67,12.28,94.4-.15,27.65-11.55,50.77-33.55,63.72-60.61,11.28-23.59,14.71-50.81,9.74-76.48-6.22-32.17-25.81-61.14-52.81-79.09Zm35.46,152.12c-12.13,25.25-33.84,45.79-59.66,56.48-27.88,11.55-60.23,11.47-87.98-.13-25.82-10.8-47.43-31.36-59.48-56.67-10.48-21.98-13.64-47.38-8.97-71.31,4.56-23.38,16.66-45.13,33.97-61.44,21-19.78,49.56-31.15,78.45-31.22h.56c11.22,.04,22.35,1.7,33.05,4.96,34.83,10.61,63.2,38.22,74.98,72.16,9.85,28.35,7.98,60.3-4.92,87.17Z\" style=\"fill:#1db370;\"><\/path><path d=\"M175.17,79.94H70.9c-8.89,0-16.12,7.24-16.12,16.12v53.97c0,8.89,7.23,16.12,16.12,16.12h104.27c8.89,0,16.12-7.24,16.12-16.12v-53.97c0-8.89-7.23-16.12-16.12-16.12Zm-104.27,7.72h104.27c3.54,0,6.58,2.2,7.81,5.31l-59.95,41.72-59.95-41.72c1.24-3.11,4.27-5.31,7.81-5.31Zm112.68,62.37c0,4.63-3.77,8.4-8.41,8.4H70.9c-4.63,0-8.41-3.77-8.41-8.4v-48.09l58.34,40.6c.66,.46,1.43,.7,2.2,.7s1.54-.24,2.2-.7l58.34-40.61v48.09Z\" style=\"fill:#1db370;\"><\/path><\/svg>\t\t\t\t<\/span>\n\t\t\t<\/div>\n\t\t\t\n\t\t\t\t\t\t<div class=\"elementor-icon-box-content\">\n\n\t\t\t\t\n\t\t\t\t\t\t\t\t\t<p class=\"elementor-icon-box-description\">\n\t\t\t\t\t\tarouca.agricola@aroucageopark.pt\t\t\t\t\t<\/p>\n\t\t\t\t\n\t\t\t<\/div>\n\t\t\t\n\t\t<\/div>\n\t\t\t\t\t\t<\/div>\n\t\t\t\t<\/div>\n\t\t\t\t<div class=\"elementor-element elementor-element-96fa251 elementor-position-left elementor-view-default elementor-mobile-position-top elementor-widget elementor-widget-icon-box\" data-id=\"96fa251\" data-element_type=\"widget\" data-widget_type=\"icon-box.default\">\n\t\t\t\t<div class=\"elementor-widget-container\">\n\t\t\t\t\t\t\t<div class=\"elementor-icon-box-wrapper\">\n\n\t\t\t\t\t\t<div class=\"elementor-icon-box-icon\">\n\t\t\t\t<span  class=\"elementor-icon\">\n\t\t\t\t<svg xmlns=\"http:\/\/www.w3.org\/2000\/svg\" id=\"Layer_1\" viewBox=\"0 0 246.07 246.08\"><path d=\"M156.44,13.32c-10.7-3.26-21.84-4.91-33.05-4.96h-.56c-28.89,.06-57.45,11.44-78.45,31.22C27.07,55.89,14.97,77.64,10.41,101.02c-4.67,23.93-1.51,49.33,8.97,71.31,12.05,25.3,33.66,45.87,59.48,56.67,27.75,11.6,60.11,11.68,87.98,.13,25.81-10.69,47.52-31.23,59.66-56.48,12.9-26.86,14.77-58.82,4.92-87.17-11.79-33.95-40.16-61.56-74.98-72.16Zm-5.46,137.72c-19.09,19.08-44.46,29.58-71.45,29.58h-.04c-4.24,0-7.86-2.89-8.8-7.02l-5.02-21.79c-.92-4.27,1.28-8.58,5.24-10.3l23.45-10.06c3.68-1.58,8.02-.51,10.54,2.6l8.35,10.21c13.21-6.93,24.06-17.78,31-31l-10.21-8.36c-3.1-2.51-4.17-6.85-2.59-10.53l10-23.44c1.75-4.01,6.09-6.2,10.32-5.23l21.81,5.03c4.14,.94,7.02,4.56,7.02,8.8,0,27.06-10.53,52.44-29.63,71.52Z\" style=\"fill:none;\"><\/path><path d=\"M171.82,78.52h-.02l-21.8-5.03c-.48-.11-.99,.15-1.19,.61l-9.99,23.41c-.18,.42-.06,.9,.29,1.18l12.69,10.4c1.42,1.16,1.87,3.14,1.08,4.8-8.06,17.08-21.9,30.93-38.99,38.99-1.66,.78-3.64,.33-4.8-1.09l-10.37-12.69c-.2-.25-.5-.38-.8-.38-.13,0-.27,.03-.39,.08l-23.43,10.05c-.45,.2-.71,.71-.6,1.21l5.01,21.75c.11,.49,.57,.82,1.03,.81,24.85,0,48.21-9.67,65.79-27.24,17.59-17.57,27.28-40.94,27.28-65.81,0-.54-.32-.95-.79-1.06Z\" style=\"fill:none;\"><\/path><path d=\"M173.59,70.72l-21.81-5.03c-4.23-.96-8.57,1.23-10.32,5.23l-10,23.44c-1.58,3.68-.51,8.02,2.59,10.53l10.21,8.36c-6.93,13.21-17.78,24.07-31,31l-8.35-10.21c-2.53-3.1-6.86-4.17-10.54-2.6l-23.45,10.06c-3.95,1.72-6.16,6.03-5.24,10.3l5.02,21.79c.94,4.13,4.56,7.02,8.8,7.02h.04c26.98,0,52.36-10.51,71.45-29.58,19.1-19.08,29.62-44.46,29.63-71.52,0-4.24-2.88-7.86-7.02-8.8Zm-28.26,74.67c-17.58,17.57-40.94,27.24-65.79,27.24-.46,0-.92-.32-1.03-.81l-5.01-21.75c-.11-.5,.15-1.01,.6-1.21l23.43-10.05c.13-.05,.26-.08,.39-.08,.3,0,.6,.13,.8,.38l10.37,12.69c1.16,1.42,3.14,1.87,4.8,1.09,17.08-8.06,30.93-21.9,38.99-38.99,.78-1.66,.34-3.64-1.08-4.8l-12.69-10.4c-.35-.28-.47-.77-.29-1.18l9.99-23.41c.2-.46,.71-.72,1.19-.61l21.8,5.03h.02c.47,.11,.79,.52,.79,1.06,0,24.86-9.7,48.23-27.28,65.81Z\" style=\"fill:#1db370;\"><\/path><path d=\"M191.05,20.53C171.07,7.24,147.15,.06,123.21,0h-.79c-16.87,.09-34.12,3.74-49.7,10.73C42.08,24.48,17.6,51.23,6.65,82.91-3.87,113.37-1.79,147.65,12.08,176.43c13.05,27.06,36.27,48.97,63.91,60.42,29.92,12.39,64.67,12.28,94.4-.15,27.65-11.55,50.77-33.55,63.72-60.61,11.28-23.59,14.71-50.81,9.74-76.48-6.22-32.17-25.81-61.14-52.81-79.09Zm35.46,152.12c-12.13,25.25-33.84,45.79-59.66,56.48-27.88,11.55-60.23,11.47-87.98-.13-25.82-10.8-47.43-31.36-59.48-56.67-10.48-21.98-13.64-47.38-8.97-71.31,4.56-23.38,16.66-45.13,33.97-61.44,21-19.78,49.56-31.15,78.45-31.22h.56c11.22,.04,22.35,1.7,33.05,4.96,34.83,10.61,63.2,38.22,74.98,72.16,9.85,28.35,7.98,60.3-4.92,87.17Z\" style=\"fill:#1db370;\"><\/path><\/svg>\t\t\t\t<\/span>\n\t\t\t<\/div>\n\t\t\t\n\t\t\t\t\t\t<div class=\"elementor-icon-box-content\">\n\n\t\t\t\t\n\t\t\t\t\t\t\t\t\t<p class=\"elementor-icon-box-description\">\n\t\t\t\t\t\t256 940 259 <br>\n911 143 149\t\t\t\t\t<\/p>\n\t\t\t\t\n\t\t\t<\/div>\n\t\t\t\n\t\t<\/div>\n\t\t\t\t\t\t<\/div>\n\t\t\t\t<\/div>\n\t\t\t\t<\/div>\n\t\t<div class=\"elementor-element elementor-element-0ea8c5d e-con-full e-flex e-con e-child\" data-id=\"0ea8c5d\" data-element_type=\"container\">\n\t\t\t\t<div class=\"elementor-element elementor-element-2d11016 elementor-widget elementor-widget-heading\" data-id=\"2d11016\" data-element_type=\"widget\" data-widget_type=\"heading.default\">\n\t\t\t\t<div class=\"elementor-widget-container\">\n\t\t\t\t\t<h3 class=\"elementor-heading-title elementor-size-default\">Morada<\/h3>\t\t\t\t<\/div>\n\t\t\t\t<\/div>\n\t\t\t\t<div class=\"elementor-element elementor-element-920b4c5 elementor-position-left elementor-view-default elementor-mobile-position-top elementor-widget elementor-widget-icon-box\" data-id=\"920b4c5\" data-element_type=\"widget\" data-widget_type=\"icon-box.default\">\n\t\t\t\t<div class=\"elementor-widget-container\">\n\t\t\t\t\t\t\t<div class=\"elementor-icon-box-wrapper\">\n\n\t\t\t\t\t\t<div class=\"elementor-icon-box-icon\">\n\t\t\t\t<span  class=\"elementor-icon\">\n\t\t\t\t<svg xmlns=\"http:\/\/www.w3.org\/2000\/svg\" id=\"Layer_1\" viewBox=\"0 0 246.11 246.12\"><path d=\"M76,236.88c29.93,12.39,64.68,12.28,94.42-.15,27.66-11.55,50.78-33.55,63.73-60.62,11.29-23.59,14.72-50.82,9.75-76.49-6.22-32.18-25.81-61.15-52.82-79.1C171.09,7.23,147.17,.05,123.23,0h-.79c-16.88,.09-34.12,3.74-49.71,10.73C42.09,24.48,17.61,51.23,6.65,82.92-3.87,113.38-1.79,147.67,12.08,176.45c13.06,27.07,36.28,48.98,63.91,60.43ZM10.41,101.04c4.56-23.39,16.66-45.15,33.97-61.46,21-19.79,49.57-31.15,78.46-31.22h.56c11.22,.04,22.36,1.69,33.06,4.96,34.83,10.61,63.2,38.22,74.99,72.16,9.86,28.36,7.98,60.31-4.92,87.19-12.13,25.26-33.84,45.8-59.66,56.49-27.88,11.55-60.24,11.47-88-.13-25.82-10.8-47.43-31.38-59.49-56.68-10.48-21.98-13.64-47.38-8.97-71.31Z\" style=\"fill:#1db370;\"><\/path><path d=\"M122.66,78.42c8.24,0,14.69-6.54,14.69-14.88s-6.59-14.7-14.69-14.7-14.88,6.46-14.88,14.7,6.53,14.88,14.88,14.88Z\" style=\"fill:#1db370;\"><\/path><path d=\"M101,197.37h44.1c2.13,0,3.86-1.73,3.86-3.86v-4.25c0-2.09-1.66-3.8-3.74-3.85q-10.18-.31-10.18-16.07v-39.45c0-8.21,.6-25.22,1.15-35.97,.06-1.1-.36-2.17-1.14-2.94-.79-.77-1.85-1.09-2.97-1.1l-31.33,2.12c-2.02,.14-3.59,1.82-3.59,3.85v4.26c0,2.13,1.72,3.86,3.86,3.86,6.47,0,8.4,.43,8.97,.86,.35,.29,1.49,2.08,1.49,12.88v51.63q0,15.76-10.57,16.07c-2.09,.05-3.75,1.76-3.75,3.85v4.25c0,2.13,1.72,3.86,3.86,3.86Z\" style=\"fill:#1db370;\"><\/path><\/svg>\t\t\t\t<\/span>\n\t\t\t<\/div>\n\t\t\t\n\t\t\t\t\t\t<div class=\"elementor-icon-box-content\">\n\n\t\t\t\t\n\t\t\t\t\t\t\t\t\t<p class=\"elementor-icon-box-description\">\n\t\t\t\t\t\tRua D. Jo\u00e3o I (Central de Camionagem) 4540-202, Arouca\t\t\t\t\t<\/p>\n\t\t\t\t\n\t\t\t<\/div>\n\t\t\t\n\t\t<\/div>\n\t\t\t\t\t\t<\/div>\n\t\t\t\t<\/div>\n\t\t\t\t<\/div>\n\t\t\t\t\t<\/div>\n\t\t\t\t<\/div>\n\t\t<div class=\"elementor-element elementor-element-5cbfb1f mb-5 e-flex e-con-boxed e-con e-parent\" data-id=\"5cbfb1f\" data-element_type=\"container\">\n\t\t\t\t\t<div class=\"e-con-inner\">\n\t\t<div class=\"elementor-element elementor-element-ebd03c6 e-con-full e-flex e-con e-child\" data-id=\"ebd03c6\" data-element_type=\"container\">\n\t\t\t\t<div class=\"elementor-element elementor-element-be89569 elementor-widget elementor-widget-heading\" data-id=\"be89569\" data-element_type=\"widget\" data-widget_type=\"heading.default\">\n\t\t\t\t<div class=\"elementor-widget-container\">\n\t\t\t\t\t<h3 class=\"elementor-heading-title elementor-size-default\"><span style=\"font-weight: bolder\"><span>Hor\u00e1rio de Funcionamento<\/span><\/span><\/h3>\t\t\t\t<\/div>\n\t\t\t\t<\/div>\n\t\t\t\t<div class=\"elementor-element elementor-element-d489bee elementor-widget elementor-widget-text-editor\" data-id=\"d489bee\" data-element_type=\"widget\" data-widget_type=\"text-editor.default\">\n\t\t\t\t<div class=\"elementor-widget-container\">\n\t\t\t\t\t\t\t\t\t<p><span style=\"color: #000000;\">Segunda a Sexta: 10h00 &#8211; 13h30<\/span><br \/><span style=\"color: #000000;\">Ter\u00e7a e Quinta: 15h00-18h00<\/span><\/p>\t\t\t\t\t\t\t\t<\/div>\n\t\t\t\t<\/div>\n\t\t\t\t<\/div>\n\t\t<div class=\"elementor-element elementor-element-5886506 e-con-full e-flex e-con e-child\" data-id=\"5886506\" data-element_type=\"container\">\n\t\t\t\t<div class=\"elementor-element elementor-element-f0a0bf0 elementor-widget elementor-widget-heading\" data-id=\"f0a0bf0\" data-element_type=\"widget\" data-widget_type=\"heading.default\">\n\t\t\t\t<div class=\"elementor-widget-container\">\n\t\t\t\t\t<h3 class=\"elementor-heading-title elementor-size-default\">Coordenadas<\/h3>\t\t\t\t<\/div>\n\t\t\t\t<\/div>\n\t\t\t\t<div class=\"elementor-element elementor-element-8fad58c elementor-widget elementor-widget-text-editor\" data-id=\"8fad58c\" data-element_type=\"widget\" data-widget_type=\"text-editor.default\">\n\t\t\t\t<div class=\"elementor-widget-container\">\n\t\t\t\t\t\t\t\t\t<p><span style=\"color: #000000;\">40\u00b059&#8217;34.67&#8243;N 8\u00b012&#8217;41.19&#8243;W<\/span><\/p>\t\t\t\t\t\t\t\t<\/div>\n\t\t\t\t<\/div>\n\t\t\t\t<\/div>\n\t\t\t\t\t<\/div>\n\t\t\t\t<\/div>\n\t\t<div class=\"elementor-element elementor-element-0e2de6d rm-pb e-flex e-con-boxed e-con e-parent\" data-id=\"0e2de6d\" data-element_type=\"container\">\n\t\t\t\t\t<div class=\"e-con-inner\">\n\t\t\t\t<div class=\"elementor-element elementor-element-e4c819f elementor-widget__width-initial elementor-widget elementor-widget-html\" data-id=\"e4c819f\" data-element_type=\"widget\" data-widget_type=\"html.default\">\n\t\t\t\t<div class=\"elementor-widget-container\">\n\t\t\t\t\t<div id=\"map\" lat=\"40.928162\" lng=\"-8.2545329\" data-pin-title=\"Arouca Agricola\" data-zoom=\"17\" class=\"horizontal-map\" rounded\" style=\"position: relative;overflow: hidden;width: 100vw;margin-left: 50%;transform: translateX(-50%);\"><\/div>\t\t\t\t<\/div>\n\t\t\t\t<\/div>\n\t\t\t\t\t<\/div>\n\t\t\t\t<\/div>\n\t\t\t\t<\/div>\n\t\t","protected":false},"excerpt":{"rendered":"<p>Os NossosProdutos [grid-products] Como Chegar Contactos arouca.agricola@aroucageopark.pt 256 940 259 911 143 149 Morada Rua D. Jo\u00e3o I (Central de Camionagem) 4540-202, Arouca Hor\u00e1rio de Funcionamento Segunda a Sexta: 10h00 &#8211; 13h30Ter\u00e7a e Quinta: 15h00-18h00 Coordenadas 40\u00b059&#8217;34.67&#8243;N 8\u00b012&#8217;41.19&#8243;W<\/p>\n","protected":false},"author":1,"featured_media":false,"parent":0,"menu_order":0,"comment_status":"closed","ping_status":"closed","template":"page-templates\/page-full-width-image.php","meta":{"_acf_changed":false,"footnotes":""},"class_list":["post-90","page","type-page","status-publish","hentry"],"acf":[],"yoast_head":"<!-- This site is optimized with the Yoast SEO plugin v25.7 - https:\/\/yoast.com\/wordpress\/plugins\/seo\/ -->\n<title>Mercado Local - Arouca Agricola<\/title>\n<meta name=\"robots\" content=\"index, follow, max-snippet:-1, max-image-preview:large, max-video-preview:-1\" \/>\n<link rel=\"canonical\" href=\"https:\/\/aroucageopark.pt\/arouca-agricola\/mercado-local\/\" \/>\n<meta property=\"og:locale\" content=\"pt_PT\" \/>\n<meta property=\"og:type\" content=\"article\" \/>\n<meta property=\"og:title\" content=\"Mercado Local - Arouca Agricola\" \/>\n<meta property=\"og:description\" content=\"Os NossosProdutos [grid-products] Como Chegar Contactos arouca.agricola@aroucageopark.pt 256 940 259 911 143 149 Morada Rua D. Jo\u00e3o I (Central de Camionagem) 4540-202, Arouca Hor\u00e1rio de Funcionamento Segunda a Sexta: 10h00 &#8211; 13h30Ter\u00e7a e Quinta: 15h00-18h00 Coordenadas 40\u00b059&#8217;34.67&#8243;N 8\u00b012&#8217;41.19&#8243;W\" \/>\n<meta property=\"og:url\" content=\"https:\/\/aroucageopark.pt\/arouca-agricola\/mercado-local\/\" \/>\n<meta property=\"og:site_name\" content=\"Arouca Agricola\" \/>\n<meta property=\"article:modified_time\" content=\"2024-04-01T14:31:07+00:00\" \/>\n<meta name=\"twitter:card\" content=\"summary_large_image\" \/>\n<script type=\"application\/ld+json\" class=\"yoast-schema-graph\">{\"@context\":\"https:\/\/schema.org\",\"@graph\":[{\"@type\":\"WebPage\",\"@id\":\"https:\/\/aroucageopark.pt\/arouca-agricola\/mercado-local\/\",\"url\":\"https:\/\/aroucageopark.pt\/arouca-agricola\/mercado-local\/\",\"name\":\"Mercado Local - Arouca Agricola\",\"isPartOf\":{\"@id\":\"https:\/\/aroucageopark.pt\/arouca-agricola\/#website\"},\"datePublished\":\"2024-03-28T16:51:56+00:00\",\"dateModified\":\"2024-04-01T14:31:07+00:00\",\"breadcrumb\":{\"@id\":\"https:\/\/aroucageopark.pt\/arouca-agricola\/mercado-local\/#breadcrumb\"},\"inLanguage\":\"pt-PT\",\"potentialAction\":[{\"@type\":\"ReadAction\",\"target\":[\"https:\/\/aroucageopark.pt\/arouca-agricola\/mercado-local\/\"]}]},{\"@type\":\"BreadcrumbList\",\"@id\":\"https:\/\/aroucageopark.pt\/arouca-agricola\/mercado-local\/#breadcrumb\",\"itemListElement\":[{\"@type\":\"ListItem\",\"position\":1,\"name\":\"In\u00edcio\",\"item\":\"https:\/\/aroucageopark.pt\/arouca-agricola\/\"},{\"@type\":\"ListItem\",\"position\":2,\"name\":\"Mercado Local\"}]},{\"@type\":\"WebSite\",\"@id\":\"https:\/\/aroucageopark.pt\/arouca-agricola\/#website\",\"url\":\"https:\/\/aroucageopark.pt\/arouca-agricola\/\",\"name\":\"Arouca Agricola\",\"description\":\"\",\"potentialAction\":[{\"@type\":\"SearchAction\",\"target\":{\"@type\":\"EntryPoint\",\"urlTemplate\":\"https:\/\/aroucageopark.pt\/arouca-agricola\/?s={search_term_string}\"},\"query-input\":{\"@type\":\"PropertyValueSpecification\",\"valueRequired\":true,\"valueName\":\"search_term_string\"}}],\"inLanguage\":\"pt-PT\"}]}<\/script>\n<!-- \/ Yoast SEO plugin. -->","yoast_head_json":{"title":"Mercado Local - Arouca Agricola","robots":{"index":"index","follow":"follow","max-snippet":"max-snippet:-1","max-image-preview":"max-image-preview:large","max-video-preview":"max-video-preview:-1"},"canonical":"https:\/\/aroucageopark.pt\/arouca-agricola\/mercado-local\/","og_locale":"pt_PT","og_type":"article","og_title":"Mercado Local - Arouca Agricola","og_description":"Os NossosProdutos [grid-products] Como Chegar Contactos arouca.agricola@aroucageopark.pt 256 940 259 911 143 149 Morada Rua D. Jo\u00e3o I (Central de Camionagem) 4540-202, Arouca Hor\u00e1rio de Funcionamento Segunda a Sexta: 10h00 &#8211; 13h30Ter\u00e7a e Quinta: 15h00-18h00 Coordenadas 40\u00b059&#8217;34.67&#8243;N 8\u00b012&#8217;41.19&#8243;W","og_url":"https:\/\/aroucageopark.pt\/arouca-agricola\/mercado-local\/","og_site_name":"Arouca Agricola","article_modified_time":"2024-04-01T14:31:07+00:00","twitter_card":"summary_large_image","schema":{"@context":"https:\/\/schema.org","@graph":[{"@type":"WebPage","@id":"https:\/\/aroucageopark.pt\/arouca-agricola\/mercado-local\/","url":"https:\/\/aroucageopark.pt\/arouca-agricola\/mercado-local\/","name":"Mercado Local - Arouca Agricola","isPartOf":{"@id":"https:\/\/aroucageopark.pt\/arouca-agricola\/#website"},"datePublished":"2024-03-28T16:51:56+00:00","dateModified":"2024-04-01T14:31:07+00:00","breadcrumb":{"@id":"https:\/\/aroucageopark.pt\/arouca-agricola\/mercado-local\/#breadcrumb"},"inLanguage":"pt-PT","potentialAction":[{"@type":"ReadAction","target":["https:\/\/aroucageopark.pt\/arouca-agricola\/mercado-local\/"]}]},{"@type":"BreadcrumbList","@id":"https:\/\/aroucageopark.pt\/arouca-agricola\/mercado-local\/#breadcrumb","itemListElement":[{"@type":"ListItem","position":1,"name":"In\u00edcio","item":"https:\/\/aroucageopark.pt\/arouca-agricola\/"},{"@type":"ListItem","position":2,"name":"Mercado Local"}]},{"@type":"WebSite","@id":"https:\/\/aroucageopark.pt\/arouca-agricola\/#website","url":"https:\/\/aroucageopark.pt\/arouca-agricola\/","name":"Arouca Agricola","description":"","potentialAction":[{"@type":"SearchAction","target":{"@type":"EntryPoint","urlTemplate":"https:\/\/aroucageopark.pt\/arouca-agricola\/?s={search_term_string}"},"query-input":{"@type":"PropertyValueSpecification","valueRequired":true,"valueName":"search_term_string"}}],"inLanguage":"pt-PT"}]}},"_links":{"self":[{"href":"https:\/\/aroucageopark.pt\/arouca-agricola\/wp-json\/wp\/v2\/pages\/90","targetHints":{"allow":["GET"]}}],"collection":[{"href":"https:\/\/aroucageopark.pt\/arouca-agricola\/wp-json\/wp\/v2\/pages"}],"about":[{"href":"https:\/\/aroucageopark.pt\/arouca-agricola\/wp-json\/wp\/v2\/types\/page"}],"author":[{"embeddable":true,"href":"https:\/\/aroucageopark.pt\/arouca-agricola\/wp-json\/wp\/v2\/users\/1"}],"replies":[{"embeddable":true,"href":"https:\/\/aroucageopark.pt\/arouca-agricola\/wp-json\/wp\/v2\/comments?post=90"}],"version-history":[{"count":29,"href":"https:\/\/aroucageopark.pt\/arouca-agricola\/wp-json\/wp\/v2\/pages\/90\/revisions"}],"predecessor-version":[{"id":174,"href":"https:\/\/aroucageopark.pt\/arouca-agricola\/wp-json\/wp\/v2\/pages\/90\/revisions\/174"}],"wp:attachment":[{"href":"https:\/\/aroucageopark.pt\/arouca-agricola\/wp-json\/wp\/v2\/media?parent=90"}],"curies":[{"name":"wp","href":"https:\/\/api.w.org\/{rel}","templated":true}]}}