{"id":190,"date":"2023-11-22T16:41:42","date_gmt":"2023-11-22T16:41:42","guid":{"rendered":"http:\/\/dev.indice-consulting.com\/arouca-multisite\/casas-das-pedras-parideiras\/?page_id=190"},"modified":"2025-08-26T16:08:37","modified_gmt":"2025-08-26T16:08:37","slug":"preguntas-frequentes","status":"publish","type":"page","link":"https:\/\/aroucageopark.pt\/casa-das-pedras-parideiras\/preguntas-frequentes\/","title":{"rendered":"Perguntas Frequentes"},"content":{"rendered":"\t\t<div data-elementor-type=\"wp-page\" data-elementor-id=\"190\" class=\"elementor elementor-190\" data-elementor-post-type=\"page\">\n\t\t\t\t\t\t<section class=\"elementor-section elementor-top-section elementor-element elementor-element-9216c3a mb-5 elementor-section-boxed elementor-section-height-default elementor-section-height-default\" data-id=\"9216c3a\" data-element_type=\"section\">\n\t\t\t\t\t\t<div class=\"elementor-container elementor-column-gap-default\">\n\t\t\t\t\t<div class=\"elementor-column elementor-col-100 elementor-top-column elementor-element elementor-element-10510d4\" data-id=\"10510d4\" data-element_type=\"column\">\n\t\t\t<div class=\"elementor-widget-wrap elementor-element-populated\">\n\t\t\t\t\t\t<div class=\"elementor-element elementor-element-95a1e1a elementor-widget elementor-widget-arouca-acordeon\" data-id=\"95a1e1a\" data-element_type=\"widget\" data-widget_type=\"arouca-acordeon.default\">\n\t\t\t\t<div class=\"elementor-widget-container\">\n\t\t\t\t\t<div class='accordion' id='accordionParent95a1e1a'>\n<div style=\"padding: 2.5rem 0;\" class=\"border border-muted border-start-0 border-end-0\">\n\t<h2 style=\"cursor: pointer;\" class=\"text-primary title-collapsed d-flex justify-content-between fs-5 collapsed mb-0\" data-bs-toggle=\"collapse\" data-bs-target=\"#collapseaccordionItem95a1e1a0\" aria-expanded=\"true\" aria-controls=\"collapseaccordionItem95a1e1a0\">\n\t\t<span class=\"d-flex align-items-center\">\n\t\t\tQual o hor\u00e1rio de funcionamento da Casa das Pedras Parideiras\t\t<\/span>\n\t\t<span class=\"icon-collapsed\">\n\t\t\t<i class=\"fa-solid fa-chevron-down\"><\/i>\n\t\t<\/span>\n\t<\/h2>\n\t<div id=\"collapseaccordionItem95a1e1a0\" class=\"accordion-collapse collapse\" data-bs-parent=\"#accordionArouca\">\n\t\t<div class=\"accordion-body pt-2 px-0\">\n\t\t\t<p>A Casa das Pedras Parideiras acolhe visitantes e realiza visitas guiadas de segunda a domingo das 9h30 \u00e0s 12h30 e das 14h00 \u00e0s 17h00. O hor\u00e1rio das \u00faltimas visitas guiadas (para um m\u00e1ximo de 30 pessoas) \u00e9 \u00e0s 12h00, no per\u00edodo da manh\u00e3, e \u00e0s 17h00, no per\u00edodo da tarde.<\/p><p>Encerramos nos dias 1 de janeiro, domingo de P\u00e1scoa, 24 e 25 de dezembro e ainda na tarde de 31 de dezembro.<\/p>\t\t<\/div>\n\t<\/div>\n<\/div>\n<div style=\"padding: 2.5rem 0;\" class=\"border border-muted border-start-0 border-end-0\">\n\t<h2 style=\"cursor: pointer;\" class=\"text-primary title-collapsed d-flex justify-content-between fs-5 collapsed mb-0\" data-bs-toggle=\"collapse\" data-bs-target=\"#collapseaccordionItem95a1e1a1\" aria-expanded=\"true\" aria-controls=\"collapseaccordionItem95a1e1a1\">\n\t\t<span class=\"d-flex align-items-center\">\n\t\t\t\u00c9 preciso marca\u00e7\u00e3o para visitar as Pedras Parideiras?\t\t<\/span>\n\t\t<span class=\"icon-collapsed\">\n\t\t\t<i class=\"fa-solid fa-chevron-down\"><\/i>\n\t\t<\/span>\n\t<\/h2>\n\t<div id=\"collapseaccordionItem95a1e1a1\" class=\"accordion-collapse collapse\" data-bs-parent=\"#accordionArouca\">\n\t\t<div class=\"accordion-body pt-2 px-0\">\n\t\t\t<p>N\u00e3o. Na aldeia da Castanheira encontrar\u00e1 a Casa das Pedras Parideiras \u2013 Centro de Interpreta\u00e7\u00e3o que \u00e9 composto pelas seguintes \u00e1reas: (i) Mostra a c\u00e9u aberto \u2013 uma \u00e1rea de acesso livre e gratuito onde pode observar as Pedras Parideiras; (ii) Mostra Coberta \u2013 \u00e1rea de acesso gratuito, mas de acesso condicionado, caso estejam a decorrer visitas guiadas neste Centro de Interpreta\u00e7\u00e3o. Aqui tamb\u00e9m poder\u00e1 observar as Pedras Parideiras; (iii) Rece\u00e7\u00e3o e Loja - onde poder\u00e1 obter informa\u00e7\u00f5es sobre as Pedras Parideiras e o restante territ\u00f3rio Arouca Geopark, observar n\u00f3dulos de Pedras Parideiras e ainda comprar produtos locais; (iv) Audit\u00f3rio onde s\u00e3o enquadradas as visitas guiadas, dando a conhecer as Pedras Parideiras e\/ou a hist\u00f3ria do Homem no Arouca Geopark.<\/p>\t\t<\/div>\n\t<\/div>\n<\/div>\n<div style=\"padding: 2.5rem 0;\" class=\"border border-muted border-start-0 border-end-0\">\n\t<h2 style=\"cursor: pointer;\" class=\"text-primary title-collapsed d-flex justify-content-between fs-5 collapsed mb-0\" data-bs-toggle=\"collapse\" data-bs-target=\"#collapseaccordionItem95a1e1a2\" aria-expanded=\"true\" aria-controls=\"collapseaccordionItem95a1e1a2\">\n\t\t<span class=\"d-flex align-items-center\">\n\t\t\tPosso visitar o geoss\u00edtio Pedras Parideiras livremente?\t\t<\/span>\n\t\t<span class=\"icon-collapsed\">\n\t\t\t<i class=\"fa-solid fa-chevron-down\"><\/i>\n\t\t<\/span>\n\t<\/h2>\n\t<div id=\"collapseaccordionItem95a1e1a2\" class=\"accordion-collapse collapse\" data-bs-parent=\"#accordionArouca\">\n\t\t<div class=\"accordion-body pt-2 px-0\">\n\t\t\t<p>Sim, poder\u00e1 visitar autonomamente a \u00e1rea de Mostra a C\u00e9u Aberto das Pedras Parideiras. Recomendamos que atente no painel interpretativo que consta no local e que aceda \u00e0 informa\u00e7\u00e3o do geoss\u00edtio atrav\u00e9s do QR Code dispon\u00edvel na bandeirola identificativa do local. A entrada na Rece\u00e7\u00e3o da Casa das Pedras Parideiras, dentro do hor\u00e1rio de funcionamento, \u00e9 gratuita e aqui encontrar\u00e1 mais informa\u00e7\u00e3o sobre este fen\u00f3meno geol\u00f3gico.<\/p>\t\t<\/div>\n\t<\/div>\n<\/div>\n<div style=\"padding: 2.5rem 0;\" class=\"border border-muted border-start-0 border-end-0\">\n\t<h2 style=\"cursor: pointer;\" class=\"text-primary title-collapsed d-flex justify-content-between fs-5 collapsed mb-0\" data-bs-toggle=\"collapse\" data-bs-target=\"#collapseaccordionItem95a1e1a3\" aria-expanded=\"true\" aria-controls=\"collapseaccordionItem95a1e1a3\">\n\t\t<span class=\"d-flex align-items-center\">\n\t\t\tPosso visitar a \u00c1rea de Mostra Coberta livremente? \t\t<\/span>\n\t\t<span class=\"icon-collapsed\">\n\t\t\t<i class=\"fa-solid fa-chevron-down\"><\/i>\n\t\t<\/span>\n\t<\/h2>\n\t<div id=\"collapseaccordionItem95a1e1a3\" class=\"accordion-collapse collapse\" data-bs-parent=\"#accordionArouca\">\n\t\t<div class=\"accordion-body pt-2 px-0\">\n\t\t\t<p>Caso estejam a decorrer visitas guiadas o acesso \u00e0 \u00c1rea de Mostra Coberta poder\u00e1 estar temporariamente condicionado. Ser\u00e1 permitido o acesso a esta \u00e1rea ap\u00f3s o final da visita.<\/p>\t\t<\/div>\n\t<\/div>\n<\/div>\n<div style=\"padding: 2.5rem 0;\" class=\"border border-muted border-start-0 border-end-0\">\n\t<h2 style=\"cursor: pointer;\" class=\"text-primary title-collapsed d-flex justify-content-between fs-5 collapsed mb-0\" data-bs-toggle=\"collapse\" data-bs-target=\"#collapseaccordionItem95a1e1a4\" aria-expanded=\"true\" aria-controls=\"collapseaccordionItem95a1e1a4\">\n\t\t<span class=\"d-flex align-items-center\">\n\t\t\t\u00c9 poss\u00edvel comprar Pedras Parideiras no centro de Interpreta\u00e7\u00e3o?\t\t<\/span>\n\t\t<span class=\"icon-collapsed\">\n\t\t\t<i class=\"fa-solid fa-chevron-down\"><\/i>\n\t\t<\/span>\n\t<\/h2>\n\t<div id=\"collapseaccordionItem95a1e1a4\" class=\"accordion-collapse collapse\" data-bs-parent=\"#accordionArouca\">\n\t\t<div class=\"accordion-body pt-2 px-0\">\n\t\t\t<p>N\u00e3o. Este \u00e9 um fen\u00f3meno geol\u00f3gico de relev\u00e2ncia internacional do Arouca Geopark. Assim a AGA \u2013 Associa\u00e7\u00e3o Geoparque Arouca tem o compromisso de assegurar a salvaguarda deste patrim\u00f3nio geol\u00f3gico. Alertamos para o facto de que a venda de patrim\u00f3nio \u00e9 ato pun\u00edvel com coima, perante a legisla\u00e7\u00e3o nacional.<\/p>\t\t<\/div>\n\t<\/div>\n<\/div>\n<div style=\"padding: 2.5rem 0;\" class=\"border border-muted border-start-0 border-end-0\">\n\t<h2 style=\"cursor: pointer;\" class=\"text-primary title-collapsed d-flex justify-content-between fs-5 collapsed mb-0\" data-bs-toggle=\"collapse\" data-bs-target=\"#collapseaccordionItem95a1e1a5\" aria-expanded=\"true\" aria-controls=\"collapseaccordionItem95a1e1a5\">\n\t\t<span class=\"d-flex align-items-center\">\n\t\t\tDesloco-me em cadeira de rodas. A Casa das Pedras Parideiras \u2013 Centro de Interpreta\u00e7\u00e3o \u00e9 acess\u00edvel?\t\t<\/span>\n\t\t<span class=\"icon-collapsed\">\n\t\t\t<i class=\"fa-solid fa-chevron-down\"><\/i>\n\t\t<\/span>\n\t<\/h2>\n\t<div id=\"collapseaccordionItem95a1e1a5\" class=\"accordion-collapse collapse\" data-bs-parent=\"#accordionArouca\">\n\t\t<div class=\"accordion-body pt-2 px-0\">\n\t\t\t<p>Sim, a Casa das Pedras Parideiras (CPP) \u00e9 acess\u00edvel. O acesso \u00e0 Rece\u00e7\u00e3o e Loja \u00e9 feito a partir da varada da CPP. Por sua vez, o acesso ao Audit\u00f3rio \u00e9 realizado pela Rua de Santo Ant\u00f3nio e entrada pela porta Este do Audit\u00f3rio, requerendo algum aux\u00edlio, devido \u00e0 inclina\u00e7\u00e3o da rua. Recomendamos, por isso, contacto pr\u00e9vio com os nossos servi\u00e7os para prestar o melhor apoio \u00e0 sua visita.<\/p>\t\t<\/div>\n\t<\/div>\n<\/div>\n<div style=\"padding: 2.5rem 0;\" class=\"border border-muted border-start-0 border-end-0\">\n\t<h2 style=\"cursor: pointer;\" class=\"text-primary title-collapsed d-flex justify-content-between fs-5 collapsed mb-0\" data-bs-toggle=\"collapse\" data-bs-target=\"#collapseaccordionItem95a1e1a6\" aria-expanded=\"true\" aria-controls=\"collapseaccordionItem95a1e1a6\">\n\t\t<span class=\"d-flex align-items-center\">\n\t\t\tPosso aceder livremente ao WC da Casa das Pedras Parideiras? \t\t<\/span>\n\t\t<span class=\"icon-collapsed\">\n\t\t\t<i class=\"fa-solid fa-chevron-down\"><\/i>\n\t\t<\/span>\n\t<\/h2>\n\t<div id=\"collapseaccordionItem95a1e1a6\" class=\"accordion-collapse collapse\" data-bs-parent=\"#accordionArouca\">\n\t\t<div class=\"accordion-body pt-2 px-0\">\n\t\t\t<p>N\u00e3o. O acesso \u00e9 restrito a quem realiza visitas guiadas. Os WC\u2019s p\u00fablicos mais pr\u00f3ximos localizam-se na \u00c1rea de Recreio e Lazer de Albergaria da Serra (40.865783, -8.277308) ou Parque de Merendas do Merujal (<u>40.871413, -8.288341).<\/u><\/p>\t\t<\/div>\n\t<\/div>\n<\/div>\n<div style=\"padding: 2.5rem 0;\" class=\"border border-muted border-start-0 border-end-0\">\n\t<h2 style=\"cursor: pointer;\" class=\"text-primary title-collapsed d-flex justify-content-between fs-5 collapsed mb-0\" data-bs-toggle=\"collapse\" data-bs-target=\"#collapseaccordionItem95a1e1a7\" aria-expanded=\"true\" aria-controls=\"collapseaccordionItem95a1e1a7\">\n\t\t<span class=\"d-flex align-items-center\">\n\t\t\tQual a pol\u00edtica de descontos nas visitas guiadas e servi\u00e7os da Casa das Pedras Parideiras e Piso Panor\u00e2mico do Radar Meteorol\u00f3gico de Arouca? \t\t<\/span>\n\t\t<span class=\"icon-collapsed\">\n\t\t\t<i class=\"fa-solid fa-chevron-down\"><\/i>\n\t\t<\/span>\n\t<\/h2>\n\t<div id=\"collapseaccordionItem95a1e1a7\" class=\"accordion-collapse collapse\" data-bs-parent=\"#accordionArouca\">\n\t\t<div class=\"accordion-body pt-2 px-0\">\n\t\t\t<p>A Casa das Pedras Parideiras \u2013 Centro de Interpreta\u00e7\u00e3o \u00e9 gerida pela AGA \u2013 Associa\u00e7\u00e3o Geoparque Arouca, tal como as visitas guiadas ao Piso Panor\u00e2mico do Radar Meteorol\u00f3gico de Arouca. Desta feita est\u00e3o aprovados, em reuni\u00e3o de Dire\u00e7\u00e3o da AGA, descontos para jovens, s\u00e9niores, fam\u00edlias, habitantes do concelho de Arouca (que se fa\u00e7am acompanhar de comprovativo de resid\u00eancia), parceiros sedeados na \u00e1rea das Montanhas M\u00e1gicas e titulares de vouchers (de alojamento de unidades associadas da AGA ou de distribui\u00e7\u00e3o no \u00e2mbito de eventos ou projetos pontuais). Consulte a tabela de pre\u00e7os em vigor e\/ou entre em contacto com os nossos servi\u00e7os.<\/p>\t\t<\/div>\n\t<\/div>\n<\/div>\n<div style=\"padding: 2.5rem 0;\" class=\"border border-muted border-start-0 border-end-0\">\n\t<h2 style=\"cursor: pointer;\" class=\"text-primary title-collapsed d-flex justify-content-between fs-5 collapsed mb-0\" data-bs-toggle=\"collapse\" data-bs-target=\"#collapseaccordionItem95a1e1a8\" aria-expanded=\"true\" aria-controls=\"collapseaccordionItem95a1e1a8\">\n\t\t<span class=\"d-flex align-items-center\">\n\t\t\tDesloco-me em cadeira de rodas. O Radar Meteorol\u00f3gico de Arouca \u2013 Piso Panor\u00e2mico \u00e9 acess\u00edvel?\t\t<\/span>\n\t\t<span class=\"icon-collapsed\">\n\t\t\t<i class=\"fa-solid fa-chevron-down\"><\/i>\n\t\t<\/span>\n\t<\/h2>\n\t<div id=\"collapseaccordionItem95a1e1a8\" class=\"accordion-collapse collapse\" data-bs-parent=\"#accordionArouca\">\n\t\t<div class=\"accordion-body pt-2 px-0\">\n\t\t\t<p>Sim, durante as visitas guiadas, poder\u00e1 aceder ao Piso Panor\u00e2mico do Radar Meteorol\u00f3gico de Arouca atrav\u00e9s do elevador.<\/p>\t\t<\/div>\n\t<\/div>\n<\/div>\n<div style=\"padding: 2.5rem 0;\" class=\"border border-muted border-start-0 border-end-0\">\n\t<h2 style=\"cursor: pointer;\" class=\"text-primary title-collapsed d-flex justify-content-between fs-5 collapsed mb-0\" data-bs-toggle=\"collapse\" data-bs-target=\"#collapseaccordionItem95a1e1a9\" aria-expanded=\"true\" aria-controls=\"collapseaccordionItem95a1e1a9\">\n\t\t<span class=\"d-flex align-items-center\">\n\t\t\t\u00c9 preciso marca\u00e7\u00e3o para visitar o Piso Panor\u00e2mico do Radar Meteorol\u00f3gico de Arouca?\t\t<\/span>\n\t\t<span class=\"icon-collapsed\">\n\t\t\t<i class=\"fa-solid fa-chevron-down\"><\/i>\n\t\t<\/span>\n\t<\/h2>\n\t<div id=\"collapseaccordionItem95a1e1a9\" class=\"accordion-collapse collapse\" data-bs-parent=\"#accordionArouca\">\n\t\t<div class=\"accordion-body pt-2 px-0\">\n\t\t\t<p>Sim. Em \u00e9poca baixa as visitas realizam-se apenas por marca\u00e7\u00e3o e para um grupo m\u00ednimo de 12 pessoas. No per\u00edodo de ver\u00e3o est\u00e3o dispon\u00edveis v\u00e1rios hor\u00e1rios de visita, que est\u00e3o limitados a 30 pessoas, pelo que dever\u00e1 agendar a sua visita por forma a garantir que pode visitar esta infraestrutura.<\/p>\t\t<\/div>\n\t<\/div>\n<\/div>\n<div style=\"padding: 2.5rem 0;\" class=\"border border-muted border-start-0 border-end-0\">\n\t<h2 style=\"cursor: pointer;\" class=\"text-primary title-collapsed d-flex justify-content-between fs-5 collapsed mb-0\" data-bs-toggle=\"collapse\" data-bs-target=\"#collapseaccordionItem95a1e1a10\" aria-expanded=\"true\" aria-controls=\"collapseaccordionItem95a1e1a10\">\n\t\t<span class=\"d-flex align-items-center\">\n\t\t\t\u00c9 poss\u00edvel visitar o Piso Panor\u00e2mico do Radar Meteorol\u00f3gico de Arouca fora do per\u00edodo de veraneio?\t\t<\/span>\n\t\t<span class=\"icon-collapsed\">\n\t\t\t<i class=\"fa-solid fa-chevron-down\"><\/i>\n\t\t<\/span>\n\t<\/h2>\n\t<div id=\"collapseaccordionItem95a1e1a10\" class=\"accordion-collapse collapse\" data-bs-parent=\"#accordionArouca\">\n\t\t<div class=\"accordion-body pt-2 px-0\">\n\t\t\t<p>Sim, mediante marca\u00e7\u00e3o pr\u00e9via, disponibilidade dos servi\u00e7os, e para um m\u00ednimo de 12 pessoas. Pontualmente realizam-se visitas tem\u00e1ticas\/intrpretadas nas quais se poder\u00e1 inscrever individualmente. Sugerimos que contacte os servi\u00e7os para mais informa\u00e7\u00f5es.<\/p>\t\t<\/div>\n\t<\/div>\n<\/div><\/div>\t\t\t\t<\/div>\n\t\t\t\t<\/div>\n\t\t\t\t\t<\/div>\n\t\t<\/div>\n\t\t\t\t\t<\/div>\n\t\t<\/section>\n\t\t\t\t<section class=\"elementor-section elementor-top-section elementor-element elementor-element-c425a79 elementor-section-full_width elementor-section-height-min-height elementor-section-content-middle elementor-section-stretched elementor-section-height-default elementor-section-items-middle\" data-id=\"c425a79\" data-element_type=\"section\" data-settings=\"{&quot;stretch_section&quot;:&quot;section-stretched&quot;,&quot;background_background&quot;:&quot;classic&quot;}\">\n\t\t\t\t\t\t<div class=\"elementor-container elementor-column-gap-default\">\n\t\t\t\t\t<div class=\"elementor-column elementor-col-100 elementor-top-column elementor-element elementor-element-b9aa447\" data-id=\"b9aa447\" data-element_type=\"column\">\n\t\t\t<div class=\"elementor-widget-wrap elementor-element-populated\">\n\t\t\t\t\t\t<div class=\"elementor-element elementor-element-2b1365a header-title elementor-widget elementor-widget-heading\" data-id=\"2b1365a\" data-element_type=\"widget\" data-widget_type=\"heading.default\">\n\t\t\t\t<div class=\"elementor-widget-container\">\n\t\t\t\t\t<h2 class=\"elementor-heading-title elementor-size-default\"><small>Conhe\u00e7a a <\/small>NosSa Loja Online<\/h2>\t\t\t\t<\/div>\n\t\t\t\t<\/div>\n\t\t\t\t\t<\/div>\n\t\t<\/div>\n\t\t\t\t\t<\/div>\n\t\t<\/section>\n\t\t\t\t<\/div>\n\t\t","protected":false},"excerpt":{"rendered":"<p>Qual o hor\u00e1rio de funcionamento da Casa das Pedras Parideiras A Casa das Pedras Parideiras acolhe visitantes e realiza visitas guiadas de segunda a domingo das 9h30 \u00e0s 12h30 e das 14h00 \u00e0s 17h00. O hor\u00e1rio das \u00faltimas visitas guiadas (para um m\u00e1ximo de 30 pessoas) \u00e9 \u00e0s 12h00, no per\u00edodo da manh\u00e3, e \u00e0s [&hellip;]<\/p>\n","protected":false},"author":1,"featured_media":false,"parent":0,"menu_order":0,"comment_status":"closed","ping_status":"closed","template":"","meta":{"_acf_changed":false,"footnotes":""},"class_list":["post-190","page","type-page","status-publish","hentry"],"acf":[],"yoast_head":"<!-- This site is optimized with the Yoast SEO plugin v25.7 - https:\/\/yoast.com\/wordpress\/plugins\/seo\/ -->\n<title>Perguntas Frequentes - Casa das Pedras Parideiras<\/title>\n<meta name=\"robots\" content=\"index, follow, max-snippet:-1, max-image-preview:large, max-video-preview:-1\" \/>\n<link rel=\"canonical\" href=\"https:\/\/aroucageopark.pt\/casa-das-pedras-parideiras\/preguntas-frequentes\/\" \/>\n<meta property=\"og:locale\" content=\"pt_PT\" \/>\n<meta property=\"og:type\" content=\"article\" \/>\n<meta property=\"og:title\" content=\"Perguntas Frequentes - Casa das Pedras Parideiras\" \/>\n<meta property=\"og:description\" content=\"Qual o hor\u00e1rio de funcionamento da Casa das Pedras Parideiras A Casa das Pedras Parideiras acolhe visitantes e realiza visitas guiadas de segunda a domingo das 9h30 \u00e0s 12h30 e das 14h00 \u00e0s 17h00. O hor\u00e1rio das \u00faltimas visitas guiadas (para um m\u00e1ximo de 30 pessoas) \u00e9 \u00e0s 12h00, no per\u00edodo da manh\u00e3, e \u00e0s [&hellip;]\" \/>\n<meta property=\"og:url\" content=\"https:\/\/aroucageopark.pt\/casa-das-pedras-parideiras\/preguntas-frequentes\/\" \/>\n<meta property=\"og:site_name\" content=\"Casa das Pedras Parideiras\" \/>\n<meta property=\"article:modified_time\" content=\"2025-08-26T16:08:37+00:00\" \/>\n<meta name=\"twitter:card\" content=\"summary_large_image\" \/>\n<meta name=\"twitter:label1\" content=\"Tempo estimado de leitura\" \/>\n\t<meta name=\"twitter:data1\" content=\"5 minutos\" \/>\n<script type=\"application\/ld+json\" class=\"yoast-schema-graph\">{\"@context\":\"https:\/\/schema.org\",\"@graph\":[{\"@type\":\"WebPage\",\"@id\":\"https:\/\/aroucageopark.pt\/casa-das-pedras-parideiras\/preguntas-frequentes\/\",\"url\":\"https:\/\/aroucageopark.pt\/casa-das-pedras-parideiras\/preguntas-frequentes\/\",\"name\":\"Perguntas Frequentes - Casa das Pedras Parideiras\",\"isPartOf\":{\"@id\":\"https:\/\/aroucageopark.pt\/casa-das-pedras-parideiras\/#website\"},\"datePublished\":\"2023-11-22T16:41:42+00:00\",\"dateModified\":\"2025-08-26T16:08:37+00:00\",\"breadcrumb\":{\"@id\":\"https:\/\/aroucageopark.pt\/casa-das-pedras-parideiras\/preguntas-frequentes\/#breadcrumb\"},\"inLanguage\":\"pt-PT\",\"potentialAction\":[{\"@type\":\"ReadAction\",\"target\":[\"https:\/\/aroucageopark.pt\/casa-das-pedras-parideiras\/preguntas-frequentes\/\"]}]},{\"@type\":\"BreadcrumbList\",\"@id\":\"https:\/\/aroucageopark.pt\/casa-das-pedras-parideiras\/preguntas-frequentes\/#breadcrumb\",\"itemListElement\":[{\"@type\":\"ListItem\",\"position\":1,\"name\":\"In\u00edcio\",\"item\":\"https:\/\/aroucageopark.pt\/casa-das-pedras-parideiras\/\"},{\"@type\":\"ListItem\",\"position\":2,\"name\":\"Perguntas Frequentes\"}]},{\"@type\":\"WebSite\",\"@id\":\"https:\/\/aroucageopark.pt\/casa-das-pedras-parideiras\/#website\",\"url\":\"https:\/\/aroucageopark.pt\/casa-das-pedras-parideiras\/\",\"name\":\"Casa das Pedras Parideiras\",\"description\":\"Centro de Interpreta\u00e7\u00e3o\",\"potentialAction\":[{\"@type\":\"SearchAction\",\"target\":{\"@type\":\"EntryPoint\",\"urlTemplate\":\"https:\/\/aroucageopark.pt\/casa-das-pedras-parideiras\/?s={search_term_string}\"},\"query-input\":{\"@type\":\"PropertyValueSpecification\",\"valueRequired\":true,\"valueName\":\"search_term_string\"}}],\"inLanguage\":\"pt-PT\"}]}<\/script>\n<!-- \/ Yoast SEO plugin. -->","yoast_head_json":{"title":"Perguntas Frequentes - Casa das Pedras Parideiras","robots":{"index":"index","follow":"follow","max-snippet":"max-snippet:-1","max-image-preview":"max-image-preview:large","max-video-preview":"max-video-preview:-1"},"canonical":"https:\/\/aroucageopark.pt\/casa-das-pedras-parideiras\/preguntas-frequentes\/","og_locale":"pt_PT","og_type":"article","og_title":"Perguntas Frequentes - Casa das Pedras Parideiras","og_description":"Qual o hor\u00e1rio de funcionamento da Casa das Pedras Parideiras A Casa das Pedras Parideiras acolhe visitantes e realiza visitas guiadas de segunda a domingo das 9h30 \u00e0s 12h30 e das 14h00 \u00e0s 17h00. O hor\u00e1rio das \u00faltimas visitas guiadas (para um m\u00e1ximo de 30 pessoas) \u00e9 \u00e0s 12h00, no per\u00edodo da manh\u00e3, e \u00e0s [&hellip;]","og_url":"https:\/\/aroucageopark.pt\/casa-das-pedras-parideiras\/preguntas-frequentes\/","og_site_name":"Casa das Pedras Parideiras","article_modified_time":"2025-08-26T16:08:37+00:00","twitter_card":"summary_large_image","twitter_misc":{"Tempo estimado de leitura":"5 minutos"},"schema":{"@context":"https:\/\/schema.org","@graph":[{"@type":"WebPage","@id":"https:\/\/aroucageopark.pt\/casa-das-pedras-parideiras\/preguntas-frequentes\/","url":"https:\/\/aroucageopark.pt\/casa-das-pedras-parideiras\/preguntas-frequentes\/","name":"Perguntas Frequentes - Casa das Pedras Parideiras","isPartOf":{"@id":"https:\/\/aroucageopark.pt\/casa-das-pedras-parideiras\/#website"},"datePublished":"2023-11-22T16:41:42+00:00","dateModified":"2025-08-26T16:08:37+00:00","breadcrumb":{"@id":"https:\/\/aroucageopark.pt\/casa-das-pedras-parideiras\/preguntas-frequentes\/#breadcrumb"},"inLanguage":"pt-PT","potentialAction":[{"@type":"ReadAction","target":["https:\/\/aroucageopark.pt\/casa-das-pedras-parideiras\/preguntas-frequentes\/"]}]},{"@type":"BreadcrumbList","@id":"https:\/\/aroucageopark.pt\/casa-das-pedras-parideiras\/preguntas-frequentes\/#breadcrumb","itemListElement":[{"@type":"ListItem","position":1,"name":"In\u00edcio","item":"https:\/\/aroucageopark.pt\/casa-das-pedras-parideiras\/"},{"@type":"ListItem","position":2,"name":"Perguntas Frequentes"}]},{"@type":"WebSite","@id":"https:\/\/aroucageopark.pt\/casa-das-pedras-parideiras\/#website","url":"https:\/\/aroucageopark.pt\/casa-das-pedras-parideiras\/","name":"Casa das Pedras Parideiras","description":"Centro de Interpreta\u00e7\u00e3o","potentialAction":[{"@type":"SearchAction","target":{"@type":"EntryPoint","urlTemplate":"https:\/\/aroucageopark.pt\/casa-das-pedras-parideiras\/?s={search_term_string}"},"query-input":{"@type":"PropertyValueSpecification","valueRequired":true,"valueName":"search_term_string"}}],"inLanguage":"pt-PT"}]}},"lang":"pt","translations":{"pt":190,"en":1975,"es":2110},"pll_sync_post":[],"_links":{"self":[{"href":"https:\/\/aroucageopark.pt\/casa-das-pedras-parideiras\/wp-json\/wp\/v2\/pages\/190","targetHints":{"allow":["GET"]}}],"collection":[{"href":"https:\/\/aroucageopark.pt\/casa-das-pedras-parideiras\/wp-json\/wp\/v2\/pages"}],"about":[{"href":"https:\/\/aroucageopark.pt\/casa-das-pedras-parideiras\/wp-json\/wp\/v2\/types\/page"}],"author":[{"embeddable":true,"href":"https:\/\/aroucageopark.pt\/casa-das-pedras-parideiras\/wp-json\/wp\/v2\/users\/1"}],"replies":[{"embeddable":true,"href":"https:\/\/aroucageopark.pt\/casa-das-pedras-parideiras\/wp-json\/wp\/v2\/comments?post=190"}],"version-history":[{"count":49,"href":"https:\/\/aroucageopark.pt\/casa-das-pedras-parideiras\/wp-json\/wp\/v2\/pages\/190\/revisions"}],"predecessor-version":[{"id":1325,"href":"https:\/\/aroucageopark.pt\/casa-das-pedras-parideiras\/wp-json\/wp\/v2\/pages\/190\/revisions\/1325"}],"wp:attachment":[{"href":"https:\/\/aroucageopark.pt\/casa-das-pedras-parideiras\/wp-json\/wp\/v2\/media?parent=190"}],"curies":[{"name":"wp","href":"https:\/\/api.w.org\/{rel}","templated":true}]}}