{"id":1975,"date":"2025-06-18T10:39:48","date_gmt":"2025-06-18T10:39:48","guid":{"rendered":"https:\/\/aroucageopark.pt\/casa-das-pedras-parideiras\/?page_id=1975"},"modified":"2025-06-18T10:46:10","modified_gmt":"2025-06-18T10:46:10","slug":"frequently-asked-questions","status":"publish","type":"page","link":"https:\/\/aroucageopark.pt\/casa-das-pedras-parideiras\/en\/frequently-asked-questions\/","title":{"rendered":"Frequently Asked Questions"},"content":{"rendered":"\t\t<div data-elementor-type=\"wp-page\" data-elementor-id=\"1975\" class=\"elementor elementor-1975\" data-elementor-post-type=\"page\">\n\t\t\t\t\t\t<section class=\"elementor-section elementor-top-section elementor-element elementor-element-9216c3a mb-5 elementor-section-boxed elementor-section-height-default elementor-section-height-default\" data-id=\"9216c3a\" data-element_type=\"section\">\n\t\t\t\t\t\t<div class=\"elementor-container elementor-column-gap-default\">\n\t\t\t\t\t<div class=\"elementor-column elementor-col-100 elementor-top-column elementor-element elementor-element-10510d4\" data-id=\"10510d4\" data-element_type=\"column\">\n\t\t\t<div class=\"elementor-widget-wrap elementor-element-populated\">\n\t\t\t\t\t\t<div class=\"elementor-element elementor-element-95a1e1a elementor-widget elementor-widget-arouca-acordeon\" data-id=\"95a1e1a\" data-element_type=\"widget\" data-widget_type=\"arouca-acordeon.default\">\n\t\t\t\t<div class=\"elementor-widget-container\">\n\t\t\t\t\t<div class='accordion' id='accordionParent95a1e1a'>\n<div style=\"padding: 2.5rem 0;\" class=\"border border-muted border-start-0 border-end-0\">\n\t<h2 style=\"cursor: pointer;\" class=\"text-primary title-collapsed d-flex justify-content-between fs-5 collapsed mb-0\" data-bs-toggle=\"collapse\" data-bs-target=\"#collapseaccordionItem95a1e1a0\" aria-expanded=\"true\" aria-controls=\"collapseaccordionItem95a1e1a0\">\n\t\t<span class=\"d-flex align-items-center\">\n\t\t\tWhat are the opening hours of Casa das Pedras Parideiras?\t\t<\/span>\n\t\t<span class=\"icon-collapsed\">\n\t\t\t<i class=\"fa-solid fa-chevron-down\"><\/i>\n\t\t<\/span>\n\t<\/h2>\n\t<div id=\"collapseaccordionItem95a1e1a0\" class=\"accordion-collapse collapse\" data-bs-parent=\"#accordionArouca\">\n\t\t<div class=\"accordion-body pt-2 px-0\">\n\t\t\t<p>The Casa das Pedras Parideiras welcomes visitors and offers guided tours from Monday to Sunday from 9:30 a.m. to 12:30 p.m. and from 2:00 p.m. to 5:00 p.m. The last guided tours (for a maximum of 30 people) are at 12:00 p.m. in the morning and 5:00 p.m. in the afternoon.<\/p><p>We are closed on January 1, Easter Sunday, December 24 and 25, and on the afternoon of December 31.<\/p>\t\t<\/div>\n\t<\/div>\n<\/div>\n<div style=\"padding: 2.5rem 0;\" class=\"border border-muted border-start-0 border-end-0\">\n\t<h2 style=\"cursor: pointer;\" class=\"text-primary title-collapsed d-flex justify-content-between fs-5 collapsed mb-0\" data-bs-toggle=\"collapse\" data-bs-target=\"#collapseaccordionItem95a1e1a1\" aria-expanded=\"true\" aria-controls=\"collapseaccordionItem95a1e1a1\">\n\t\t<span class=\"d-flex align-items-center\">\n\t\t\tDo I need to make an appointment to visit the Pedras Parideiras?\t\t<\/span>\n\t\t<span class=\"icon-collapsed\">\n\t\t\t<i class=\"fa-solid fa-chevron-down\"><\/i>\n\t\t<\/span>\n\t<\/h2>\n\t<div id=\"collapseaccordionItem95a1e1a1\" class=\"accordion-collapse collapse\" data-bs-parent=\"#accordionArouca\">\n\t\t<div class=\"accordion-body pt-2 px-0\">\n\t\t\t<p>N\u00e3o. Na aldeia da Castanheira encontrar\u00e1 a Casa das Pedras Parideiras \u2013 Centro de Interpreta\u00e7\u00e3o que \u00e9 composto pelas seguintes \u00e1reas: (i) Mostra a c\u00e9u aberto \u2013 uma \u00e1rea de acesso livre e gratuito onde pode observar as Pedras Parideiras; (ii) Mostra Coberta \u2013 \u00e1rea de acesso gratuito, mas de acesso condicionado, caso estejam a decorrer visitas guiadas neste Centro de Interpreta\u00e7\u00e3o. Aqui tamb\u00e9m poder\u00e1 observar as Pedras Parideiras; (iii) Rece\u00e7\u00e3o e Loja - onde poder\u00e1 obter informa\u00e7\u00f5es sobre as Pedras Parideiras e o restante territ\u00f3rio Arouca Geopark, observar n\u00f3dulos de Pedras Parideiras e ainda comprar produtos locais; (iv) Audit\u00f3rio onde s\u00e3o enquadradas as visitas guiadas, dando a conhecer as Pedras Parideiras e\/ou a hist\u00f3ria do Homem no Arouca Geopark.<\/p>\t\t<\/div>\n\t<\/div>\n<\/div>\n<div style=\"padding: 2.5rem 0;\" class=\"border border-muted border-start-0 border-end-0\">\n\t<h2 style=\"cursor: pointer;\" class=\"text-primary title-collapsed d-flex justify-content-between fs-5 collapsed mb-0\" data-bs-toggle=\"collapse\" data-bs-target=\"#collapseaccordionItem95a1e1a2\" aria-expanded=\"true\" aria-controls=\"collapseaccordionItem95a1e1a2\">\n\t\t<span class=\"d-flex align-items-center\">\n\t\t\tCan I visit the Pedras Parideiras geosite freely?\t\t<\/span>\n\t\t<span class=\"icon-collapsed\">\n\t\t\t<i class=\"fa-solid fa-chevron-down\"><\/i>\n\t\t<\/span>\n\t<\/h2>\n\t<div id=\"collapseaccordionItem95a1e1a2\" class=\"accordion-collapse collapse\" data-bs-parent=\"#accordionArouca\">\n\t\t<div class=\"accordion-body pt-2 px-0\">\n\t\t\t<p>Yes, you can visit the Pedras Parideiras Open Air Exhibition area on your own. We recommend that you pay attention to the interpretive panel on site and access the geosite information via the QR Code available on the flag identifying the site. Entry to the Casa das Pedras Parideiras reception, during opening hours, is free and here you'll find more information about this geological phenomenon.<\/p>\t\t<\/div>\n\t<\/div>\n<\/div>\n<div style=\"padding: 2.5rem 0;\" class=\"border border-muted border-start-0 border-end-0\">\n\t<h2 style=\"cursor: pointer;\" class=\"text-primary title-collapsed d-flex justify-content-between fs-5 collapsed mb-0\" data-bs-toggle=\"collapse\" data-bs-target=\"#collapseaccordionItem95a1e1a3\" aria-expanded=\"true\" aria-controls=\"collapseaccordionItem95a1e1a3\">\n\t\t<span class=\"d-flex align-items-center\">\n\t\t\tCan I visit the Covered Exhibition Area freely?\t\t<\/span>\n\t\t<span class=\"icon-collapsed\">\n\t\t\t<i class=\"fa-solid fa-chevron-down\"><\/i>\n\t\t<\/span>\n\t<\/h2>\n\t<div id=\"collapseaccordionItem95a1e1a3\" class=\"accordion-collapse collapse\" data-bs-parent=\"#accordionArouca\">\n\t\t<div class=\"accordion-body pt-2 px-0\">\n\t\t\t<p>If guided tours are taking place, access to the Covered Exhibition Area may be temporarily restricted. Access to this area will be allowed after the end of the visit.<\/p>\t\t<\/div>\n\t<\/div>\n<\/div>\n<div style=\"padding: 2.5rem 0;\" class=\"border border-muted border-start-0 border-end-0\">\n\t<h2 style=\"cursor: pointer;\" class=\"text-primary title-collapsed d-flex justify-content-between fs-5 collapsed mb-0\" data-bs-toggle=\"collapse\" data-bs-target=\"#collapseaccordionItem95a1e1a4\" aria-expanded=\"true\" aria-controls=\"collapseaccordionItem95a1e1a4\">\n\t\t<span class=\"d-flex align-items-center\">\n\t\t\tIs it possible to buy Boulders at the Interpretation Center?\t\t<\/span>\n\t\t<span class=\"icon-collapsed\">\n\t\t\t<i class=\"fa-solid fa-chevron-down\"><\/i>\n\t\t<\/span>\n\t<\/h2>\n\t<div id=\"collapseaccordionItem95a1e1a4\" class=\"accordion-collapse collapse\" data-bs-parent=\"#accordionArouca\">\n\t\t<div class=\"accordion-body pt-2 px-0\">\n\t\t\t<p>No. This is a geological phenomenon of international importance to the Arouca Geopark. AGA - Associa\u00e7\u00e3o Geoparque Arouca is therefore committed to ensuring that this geological heritage is safeguarded. We would like to point out that the sale of heritage is punishable by a fine under national law.<\/p>\t\t<\/div>\n\t<\/div>\n<\/div>\n<div style=\"padding: 2.5rem 0;\" class=\"border border-muted border-start-0 border-end-0\">\n\t<h2 style=\"cursor: pointer;\" class=\"text-primary title-collapsed d-flex justify-content-between fs-5 collapsed mb-0\" data-bs-toggle=\"collapse\" data-bs-target=\"#collapseaccordionItem95a1e1a5\" aria-expanded=\"true\" aria-controls=\"collapseaccordionItem95a1e1a5\">\n\t\t<span class=\"d-flex align-items-center\">\n\t\t\tI'm in a wheelchair. Is Casa das Pedras Parideiras - Interpretation Center accessible?\t\t<\/span>\n\t\t<span class=\"icon-collapsed\">\n\t\t\t<i class=\"fa-solid fa-chevron-down\"><\/i>\n\t\t<\/span>\n\t<\/h2>\n\t<div id=\"collapseaccordionItem95a1e1a5\" class=\"accordion-collapse collapse\" data-bs-parent=\"#accordionArouca\">\n\t\t<div class=\"accordion-body pt-2 px-0\">\n\t\t\t<p>Yes, Casa das Pedras Parideiras (CPP) is accessible. Access to the Reception and Shop is from the balcony of the CPP. Access to the Auditorium is via Rua de Santo Ant\u00f3nio and the east door of the Auditorium, requiring some assistance due to the slope of the street. We therefore recommend that you contact our services in advance to provide the best support for your visit.<\/p>\t\t<\/div>\n\t<\/div>\n<\/div>\n<div style=\"padding: 2.5rem 0;\" class=\"border border-muted border-start-0 border-end-0\">\n\t<h2 style=\"cursor: pointer;\" class=\"text-primary title-collapsed d-flex justify-content-between fs-5 collapsed mb-0\" data-bs-toggle=\"collapse\" data-bs-target=\"#collapseaccordionItem95a1e1a6\" aria-expanded=\"true\" aria-controls=\"collapseaccordionItem95a1e1a6\">\n\t\t<span class=\"d-flex align-items-center\">\n\t\t\tCan I have free access to the toilets at Casa das Pedras Parideiras?\t\t<\/span>\n\t\t<span class=\"icon-collapsed\">\n\t\t\t<i class=\"fa-solid fa-chevron-down\"><\/i>\n\t\t<\/span>\n\t<\/h2>\n\t<div id=\"collapseaccordionItem95a1e1a6\" class=\"accordion-collapse collapse\" data-bs-parent=\"#accordionArouca\">\n\t\t<div class=\"accordion-body pt-2 px-0\">\n\t\t\t<p>No. Access is restricted to those on guided tours. The nearest public toilets are in the Albergaria da Serra Recreation and Leisure Area (40.865783, -8.277308) or Merujal Picnic Park (40.871413, -8.288341).<\/p>\t\t<\/div>\n\t<\/div>\n<\/div>\n<div style=\"padding: 2.5rem 0;\" class=\"border border-muted border-start-0 border-end-0\">\n\t<h2 style=\"cursor: pointer;\" class=\"text-primary title-collapsed d-flex justify-content-between fs-5 collapsed mb-0\" data-bs-toggle=\"collapse\" data-bs-target=\"#collapseaccordionItem95a1e1a7\" aria-expanded=\"true\" aria-controls=\"collapseaccordionItem95a1e1a7\">\n\t\t<span class=\"d-flex align-items-center\">\n\t\t\tWhat is the discount policy for guided tours and services at the Casa das Pedras Parideiras and the Panoramic Floor of the Arouca Meteorological Radar?\t\t<\/span>\n\t\t<span class=\"icon-collapsed\">\n\t\t\t<i class=\"fa-solid fa-chevron-down\"><\/i>\n\t\t<\/span>\n\t<\/h2>\n\t<div id=\"collapseaccordionItem95a1e1a7\" class=\"accordion-collapse collapse\" data-bs-parent=\"#accordionArouca\">\n\t\t<div class=\"accordion-body pt-2 px-0\">\n\t\t\t<p>The Casa das Pedras Parideiras - Interpretation Center is managed by AGA - Associa\u00e7\u00e3o Geoparque Arouca, as are the guided tours of the Panoramic Floor of the Arouca Meteorological Radar. This time, AGA's Board of Directors approved discounts for young people, seniors, families, residents of the municipality of Arouca (accompanied by proof of residence), partners based in the Montanhas M\u00e1gicas area and holders of vouchers (for accommodation in AGA member units or for distribution as part of one-off events or projects). Check the current price list and\/or contact our services.<\/p>\t\t<\/div>\n\t<\/div>\n<\/div>\n<div style=\"padding: 2.5rem 0;\" class=\"border border-muted border-start-0 border-end-0\">\n\t<h2 style=\"cursor: pointer;\" class=\"text-primary title-collapsed d-flex justify-content-between fs-5 collapsed mb-0\" data-bs-toggle=\"collapse\" data-bs-target=\"#collapseaccordionItem95a1e1a8\" aria-expanded=\"true\" aria-controls=\"collapseaccordionItem95a1e1a8\">\n\t\t<span class=\"d-flex align-items-center\">\n\t\t\tI'm in a wheelchair. Is the Arouca Weather Radar - Panoramic Floor accessible?\t\t<\/span>\n\t\t<span class=\"icon-collapsed\">\n\t\t\t<i class=\"fa-solid fa-chevron-down\"><\/i>\n\t\t<\/span>\n\t<\/h2>\n\t<div id=\"collapseaccordionItem95a1e1a8\" class=\"accordion-collapse collapse\" data-bs-parent=\"#accordionArouca\">\n\t\t<div class=\"accordion-body pt-2 px-0\">\n\t\t\t<p>Yes, during guided tours, you can access the Panoramic Floor of the Arouca Meteorological Radar via the elevator.<\/p>\t\t<\/div>\n\t<\/div>\n<\/div>\n<div style=\"padding: 2.5rem 0;\" class=\"border border-muted border-start-0 border-end-0\">\n\t<h2 style=\"cursor: pointer;\" class=\"text-primary title-collapsed d-flex justify-content-between fs-5 collapsed mb-0\" data-bs-toggle=\"collapse\" data-bs-target=\"#collapseaccordionItem95a1e1a9\" aria-expanded=\"true\" aria-controls=\"collapseaccordionItem95a1e1a9\">\n\t\t<span class=\"d-flex align-items-center\">\n\t\t\tDo you need an appointment to visit the Panoramic Floor of the Arouca Weather Radar?\t\t<\/span>\n\t\t<span class=\"icon-collapsed\">\n\t\t\t<i class=\"fa-solid fa-chevron-down\"><\/i>\n\t\t<\/span>\n\t<\/h2>\n\t<div id=\"collapseaccordionItem95a1e1a9\" class=\"accordion-collapse collapse\" data-bs-parent=\"#accordionArouca\">\n\t\t<div class=\"accordion-body pt-2 px-0\">\n\t\t\t<p>Yes. In the low season, visits are by appointment only and for a minimum group of 12 people. In the summer, there are several visiting times available, but they are limited to 30 people, so you should schedule your visit to ensure that you can visit this infrastructure.<\/p>\t\t<\/div>\n\t<\/div>\n<\/div>\n<div style=\"padding: 2.5rem 0;\" class=\"border border-muted border-start-0 border-end-0\">\n\t<h2 style=\"cursor: pointer;\" class=\"text-primary title-collapsed d-flex justify-content-between fs-5 collapsed mb-0\" data-bs-toggle=\"collapse\" data-bs-target=\"#collapseaccordionItem95a1e1a10\" aria-expanded=\"true\" aria-controls=\"collapseaccordionItem95a1e1a10\">\n\t\t<span class=\"d-flex align-items-center\">\n\t\t\tIs it possible to visit the Panoramic Floor of the Arouca Weather Radar outside the summer season?\t\t<\/span>\n\t\t<span class=\"icon-collapsed\">\n\t\t\t<i class=\"fa-solid fa-chevron-down\"><\/i>\n\t\t<\/span>\n\t<\/h2>\n\t<div id=\"collapseaccordionItem95a1e1a10\" class=\"accordion-collapse collapse\" data-bs-parent=\"#accordionArouca\">\n\t\t<div class=\"accordion-body pt-2 px-0\">\n\t\t\t<p>Yes, by prior appointment, subject to availability and for a minimum of 12 people. Occasionally there are themed\/interpreted visits which you can sign up for individually. We suggest you contact the services for more information.<\/p>\t\t<\/div>\n\t<\/div>\n<\/div><\/div>\t\t\t\t<\/div>\n\t\t\t\t<\/div>\n\t\t\t\t\t<\/div>\n\t\t<\/div>\n\t\t\t\t\t<\/div>\n\t\t<\/section>\n\t\t\t\t<section class=\"elementor-section elementor-top-section elementor-element elementor-element-c425a79 elementor-section-full_width elementor-section-height-min-height elementor-section-content-middle elementor-section-stretched elementor-section-height-default elementor-section-items-middle\" data-id=\"c425a79\" data-element_type=\"section\" data-settings=\"{&quot;stretch_section&quot;:&quot;section-stretched&quot;,&quot;background_background&quot;:&quot;classic&quot;}\">\n\t\t\t\t\t\t<div class=\"elementor-container elementor-column-gap-default\">\n\t\t\t\t\t<div class=\"elementor-column elementor-col-100 elementor-top-column elementor-element elementor-element-b9aa447\" data-id=\"b9aa447\" data-element_type=\"column\">\n\t\t\t<div class=\"elementor-widget-wrap elementor-element-populated\">\n\t\t\t\t\t\t<div class=\"elementor-element elementor-element-2b1365a header-title elementor-widget elementor-widget-heading\" data-id=\"2b1365a\" data-element_type=\"widget\" data-widget_type=\"heading.default\">\n\t\t\t\t<div class=\"elementor-widget-container\">\n\t\t\t\t\t<h2 class=\"elementor-heading-title elementor-size-default\"><small>Get to know <\/small> <br>\nOur Online Shop<\/h2>\t\t\t\t<\/div>\n\t\t\t\t<\/div>\n\t\t\t\t\t<\/div>\n\t\t<\/div>\n\t\t\t\t\t<\/div>\n\t\t<\/section>\n\t\t\t\t<\/div>\n\t\t","protected":false},"excerpt":{"rendered":"<p>What are the opening hours of Casa das Pedras Parideiras? The Casa das Pedras Parideiras welcomes visitors and offers guided tours from Monday to Sunday from 9:30 a.m. to 12:30 p.m. and from 2:00 p.m. to 5:00 p.m. The last guided tours (for a maximum of 30 people) are at 12:00 p.m. in the morning [&hellip;]<\/p>\n","protected":false},"author":1,"featured_media":false,"parent":0,"menu_order":0,"comment_status":"closed","ping_status":"closed","template":"","meta":{"_acf_changed":false,"footnotes":""},"class_list":["post-1975","page","type-page","status-publish","hentry"],"acf":[],"yoast_head":"<!-- This site is optimized with the Yoast SEO plugin v25.7 - https:\/\/yoast.com\/wordpress\/plugins\/seo\/ -->\n<title>Frequently Asked Questions - Casa das Pedras Parideiras<\/title>\n<meta name=\"robots\" content=\"index, follow, max-snippet:-1, max-image-preview:large, max-video-preview:-1\" \/>\n<link rel=\"canonical\" href=\"https:\/\/aroucageopark.pt\/casa-das-pedras-parideiras\/en\/frequently-asked-questions\/\" \/>\n<meta property=\"og:locale\" content=\"pt_PT\" \/>\n<meta property=\"og:type\" content=\"article\" \/>\n<meta property=\"og:title\" content=\"Frequently Asked Questions - Casa das Pedras Parideiras\" \/>\n<meta property=\"og:description\" content=\"What are the opening hours of Casa das Pedras Parideiras? The Casa das Pedras Parideiras welcomes visitors and offers guided tours from Monday to Sunday from 9:30 a.m. to 12:30 p.m. and from 2:00 p.m. to 5:00 p.m. The last guided tours (for a maximum of 30 people) are at 12:00 p.m. in the morning [&hellip;]\" \/>\n<meta property=\"og:url\" content=\"https:\/\/aroucageopark.pt\/casa-das-pedras-parideiras\/en\/frequently-asked-questions\/\" \/>\n<meta property=\"og:site_name\" content=\"Casa das Pedras Parideiras\" \/>\n<meta property=\"article:modified_time\" content=\"2025-06-18T10:46:10+00:00\" \/>\n<meta name=\"twitter:card\" content=\"summary_large_image\" \/>\n<meta name=\"twitter:label1\" content=\"Tempo estimado de leitura\" \/>\n\t<meta name=\"twitter:data1\" content=\"5 minutos\" \/>\n<script type=\"application\/ld+json\" class=\"yoast-schema-graph\">{\"@context\":\"https:\/\/schema.org\",\"@graph\":[{\"@type\":\"WebPage\",\"@id\":\"https:\/\/aroucageopark.pt\/casa-das-pedras-parideiras\/en\/frequently-asked-questions\/\",\"url\":\"https:\/\/aroucageopark.pt\/casa-das-pedras-parideiras\/en\/frequently-asked-questions\/\",\"name\":\"Frequently Asked Questions - Casa das Pedras Parideiras\",\"isPartOf\":{\"@id\":\"https:\/\/aroucageopark.pt\/casa-das-pedras-parideiras\/#website\"},\"datePublished\":\"2025-06-18T10:39:48+00:00\",\"dateModified\":\"2025-06-18T10:46:10+00:00\",\"breadcrumb\":{\"@id\":\"https:\/\/aroucageopark.pt\/casa-das-pedras-parideiras\/en\/frequently-asked-questions\/#breadcrumb\"},\"inLanguage\":\"pt-PT\",\"potentialAction\":[{\"@type\":\"ReadAction\",\"target\":[\"https:\/\/aroucageopark.pt\/casa-das-pedras-parideiras\/en\/frequently-asked-questions\/\"]}]},{\"@type\":\"BreadcrumbList\",\"@id\":\"https:\/\/aroucageopark.pt\/casa-das-pedras-parideiras\/en\/frequently-asked-questions\/#breadcrumb\",\"itemListElement\":[{\"@type\":\"ListItem\",\"position\":1,\"name\":\"In\u00edcio\",\"item\":\"https:\/\/aroucageopark.pt\/casa-das-pedras-parideiras\/\"},{\"@type\":\"ListItem\",\"position\":2,\"name\":\"Frequently Asked Questions\"}]},{\"@type\":\"WebSite\",\"@id\":\"https:\/\/aroucageopark.pt\/casa-das-pedras-parideiras\/#website\",\"url\":\"https:\/\/aroucageopark.pt\/casa-das-pedras-parideiras\/\",\"name\":\"Casa das Pedras Parideiras\",\"description\":\"Centro de Interpreta\u00e7\u00e3o\",\"potentialAction\":[{\"@type\":\"SearchAction\",\"target\":{\"@type\":\"EntryPoint\",\"urlTemplate\":\"https:\/\/aroucageopark.pt\/casa-das-pedras-parideiras\/?s={search_term_string}\"},\"query-input\":{\"@type\":\"PropertyValueSpecification\",\"valueRequired\":true,\"valueName\":\"search_term_string\"}}],\"inLanguage\":\"pt-PT\"}]}<\/script>\n<!-- \/ Yoast SEO plugin. -->","yoast_head_json":{"title":"Frequently Asked Questions - Casa das Pedras Parideiras","robots":{"index":"index","follow":"follow","max-snippet":"max-snippet:-1","max-image-preview":"max-image-preview:large","max-video-preview":"max-video-preview:-1"},"canonical":"https:\/\/aroucageopark.pt\/casa-das-pedras-parideiras\/en\/frequently-asked-questions\/","og_locale":"pt_PT","og_type":"article","og_title":"Frequently Asked Questions - Casa das Pedras Parideiras","og_description":"What are the opening hours of Casa das Pedras Parideiras? The Casa das Pedras Parideiras welcomes visitors and offers guided tours from Monday to Sunday from 9:30 a.m. to 12:30 p.m. and from 2:00 p.m. to 5:00 p.m. The last guided tours (for a maximum of 30 people) are at 12:00 p.m. in the morning [&hellip;]","og_url":"https:\/\/aroucageopark.pt\/casa-das-pedras-parideiras\/en\/frequently-asked-questions\/","og_site_name":"Casa das Pedras Parideiras","article_modified_time":"2025-06-18T10:46:10+00:00","twitter_card":"summary_large_image","twitter_misc":{"Tempo estimado de leitura":"5 minutos"},"schema":{"@context":"https:\/\/schema.org","@graph":[{"@type":"WebPage","@id":"https:\/\/aroucageopark.pt\/casa-das-pedras-parideiras\/en\/frequently-asked-questions\/","url":"https:\/\/aroucageopark.pt\/casa-das-pedras-parideiras\/en\/frequently-asked-questions\/","name":"Frequently Asked Questions - Casa das Pedras Parideiras","isPartOf":{"@id":"https:\/\/aroucageopark.pt\/casa-das-pedras-parideiras\/#website"},"datePublished":"2025-06-18T10:39:48+00:00","dateModified":"2025-06-18T10:46:10+00:00","breadcrumb":{"@id":"https:\/\/aroucageopark.pt\/casa-das-pedras-parideiras\/en\/frequently-asked-questions\/#breadcrumb"},"inLanguage":"pt-PT","potentialAction":[{"@type":"ReadAction","target":["https:\/\/aroucageopark.pt\/casa-das-pedras-parideiras\/en\/frequently-asked-questions\/"]}]},{"@type":"BreadcrumbList","@id":"https:\/\/aroucageopark.pt\/casa-das-pedras-parideiras\/en\/frequently-asked-questions\/#breadcrumb","itemListElement":[{"@type":"ListItem","position":1,"name":"In\u00edcio","item":"https:\/\/aroucageopark.pt\/casa-das-pedras-parideiras\/"},{"@type":"ListItem","position":2,"name":"Frequently Asked Questions"}]},{"@type":"WebSite","@id":"https:\/\/aroucageopark.pt\/casa-das-pedras-parideiras\/#website","url":"https:\/\/aroucageopark.pt\/casa-das-pedras-parideiras\/","name":"Casa das Pedras Parideiras","description":"Centro de Interpreta\u00e7\u00e3o","potentialAction":[{"@type":"SearchAction","target":{"@type":"EntryPoint","urlTemplate":"https:\/\/aroucageopark.pt\/casa-das-pedras-parideiras\/?s={search_term_string}"},"query-input":{"@type":"PropertyValueSpecification","valueRequired":true,"valueName":"search_term_string"}}],"inLanguage":"pt-PT"}]}},"lang":"en","translations":{"en":1975,"pt":190,"es":2110},"pll_sync_post":[],"_links":{"self":[{"href":"https:\/\/aroucageopark.pt\/casa-das-pedras-parideiras\/wp-json\/wp\/v2\/pages\/1975","targetHints":{"allow":["GET"]}}],"collection":[{"href":"https:\/\/aroucageopark.pt\/casa-das-pedras-parideiras\/wp-json\/wp\/v2\/pages"}],"about":[{"href":"https:\/\/aroucageopark.pt\/casa-das-pedras-parideiras\/wp-json\/wp\/v2\/types\/page"}],"author":[{"embeddable":true,"href":"https:\/\/aroucageopark.pt\/casa-das-pedras-parideiras\/wp-json\/wp\/v2\/users\/1"}],"replies":[{"embeddable":true,"href":"https:\/\/aroucageopark.pt\/casa-das-pedras-parideiras\/wp-json\/wp\/v2\/comments?post=1975"}],"version-history":[{"count":7,"href":"https:\/\/aroucageopark.pt\/casa-das-pedras-parideiras\/wp-json\/wp\/v2\/pages\/1975\/revisions"}],"predecessor-version":[{"id":1982,"href":"https:\/\/aroucageopark.pt\/casa-das-pedras-parideiras\/wp-json\/wp\/v2\/pages\/1975\/revisions\/1982"}],"wp:attachment":[{"href":"https:\/\/aroucageopark.pt\/casa-das-pedras-parideiras\/wp-json\/wp\/v2\/media?parent=1975"}],"curies":[{"name":"wp","href":"https:\/\/api.w.org\/{rel}","templated":true}]}}