{"id":1998,"date":"2025-06-18T10:54:54","date_gmt":"2025-06-18T10:54:54","guid":{"rendered":"https:\/\/aroucageopark.pt\/casa-das-pedras-parideiras\/?page_id=1998"},"modified":"2025-06-18T10:57:07","modified_gmt":"2025-06-18T10:57:07","slug":"politica-de-privacidade","status":"publish","type":"page","link":"https:\/\/aroucageopark.pt\/casa-das-pedras-parideiras\/politica-de-privacidade\/","title":{"rendered":"Pol\u00edtica de privacidade"},"content":{"rendered":"\n<h2 class=\"wp-block-heading has-medium-font-size\">Introdu\u00e7\u00e3o<\/h2>\n\n\n\n<p>A pol\u00edtica de privacidade da AGA \u2013 Associa\u00e7\u00e3o Geoparque Arouca esclarece quais os seus dados pessoais que recolhemos e para que finalidades, e quais os princ\u00edpios que orientam a utiliza\u00e7\u00e3o desses dados e os direitos dos titulares dos dados. A AGA na sua a\u00e7\u00e3o rege-se por valores de rigor, transpar\u00eancia, profissionalismo, coopera\u00e7\u00e3o institucional e justi\u00e7a social.<\/p>\n\n\n\n<h2 class=\"wp-block-heading has-medium-font-size\">\u00c2mbito<\/h2>\n\n\n\n<p>Esta pol\u00edtica aplica-se a todos os utilizadores e garante a privacidade e seguran\u00e7a nos dados facultados para os v\u00e1rios servi\u00e7os disponibilizados, sendo apenas pedidos e recolhidos os dados necess\u00e1rios para a presta\u00e7\u00e3o do servi\u00e7o de acordo com as indica\u00e7\u00f5es expl\u00edcitas nas op\u00e7\u00f5es do utilizador.<\/p>\n\n\n\n<h2 class=\"wp-block-heading has-medium-font-size\">Quem\u00a0\u00e9 o respons\u00e1vel pelo tratamento dos teus dados?<\/h2>\n\n\n\n<p>Queremos informar-lhe que a AGA, enquanto entidade gestora do Arouca Geopark, atua como respons\u00e1vel no tratamento dos ficheiros de dados cuja titularidade corresponde \u00e0 AGA. O Encarregado de Prote\u00e7\u00e3o de Dados pode ser contactado atrav\u00e9s de email geral@aroucageopark.pt ou por carta registadas, com aviso de rece\u00e7\u00e3o, para Rua Alfredo Vaz Pinto \u2013 apartado 20, 4540-118 Arouca.&nbsp;Esta Pol\u00edtica de Privacidade \u00e9 aplicada a todos os equipamentos\/ espa\u00e7os geridos pela AGA, designadamente a sede da Associa\u00e7\u00e3o, a Casa das Pedras Parideiras \u2013 Centro de Interpreta\u00e7\u00e3o, o Piso panor\u00e2mico do Radar Meteorol\u00f3gico de Arouca, a Loja Interativa de Turismo de Arouca e o espa\u00e7o Arouca Agr\u00edcola \u2013 Mercado Local.<\/p>\n\n\n\n<h2 class=\"wp-block-heading has-medium-font-size\">Quais<strong>&nbsp;s\u00e3o os dados que tratamos?<\/strong><\/h2>\n\n\n\n<p>Dados que nos foram facultados por si atrav\u00e9s de:<\/p>\n\n\n\n<ul class=\"wp-block-list\">\n<li><strong>Newsletter Arouca Geopark<\/strong><\/li>\n<\/ul>\n\n\n\n<p>A ades\u00e3o \u00e0 newsletter do Arouca Geopark pode ser efetuada atrav\u00e9s do formul\u00e1rio existente no site www.aroucageopark.pt e diz respeito aos seguintes dados pessoais: email, nome e apelidos.&nbsp; &nbsp;&nbsp;<\/p>\n\n\n\n<ul class=\"wp-block-list\">\n<li><strong>Participa\u00e7\u00e3o em diversas atividades<\/strong><\/li>\n<\/ul>\n\n\n\n<p>A participa\u00e7\u00e3o nas mais variadas atividades que a AGA dinamiza pode ser efetuada atrav\u00e9s do preenchimento de formul\u00e1rios dispon\u00edveis, para o efeito, e dizem respeito aos seguintes dados pessoais: email, telem\u00f3vel, nome, apelidos, data de nascimento, morada, localidade, sexo, n\u00famero de identifica\u00e7\u00e3o fiscal. Tamb\u00e9m se podem inscrever nas atividades atrav\u00e9s de email ou telefone e, nesse caso, os dados pessoais s\u00e3o: nome, apelidos, email, telem\u00f3vel.<\/p>\n\n\n\n<ul class=\"wp-block-list\">\n<li><strong>Central de pr\u00e9-reservas do Arouca Geopark<\/strong><\/li>\n<\/ul>\n\n\n\n<p>&nbsp;A central de pr\u00e9-reservas da p\u00e1gina web www.aroucageopark.pt permite pr\u00e9-reservar programas educativos, visitas interpretadas, unidades de alojamento e restaura\u00e7\u00e3o, que dizem respeito aos seguintes dados pessoais: nome, apelidos, morada, telefone, fax, n\u00famero de identifica\u00e7\u00e3o fiscal e email.<\/p>\n\n\n\n<ul class=\"wp-block-list\">\n<li><strong>Loja online Arouca Geopark<\/strong><\/li>\n<\/ul>\n\n\n\n<p>A Loja online do Arouca Geopark, dispon\u00edvel em http:\/\/loja.aroucageopark.pt\/, permite a compra de edi\u00e7\u00f5es e merchandising e diz respeito aos seguintes dados pessoais: nome, apelido, email e n\u00famero de identifica\u00e7\u00e3o fiscal.<\/p>\n\n\n\n<ul class=\"wp-block-list\">\n<li><strong>Redes Sociais<\/strong><\/li>\n<\/ul>\n\n\n\n<p>Atrav\u00e9s das p\u00e1ginas nas redes sociais (Facebook, Twitter, YouTube e Instagram), a AGA disponibiliza um suporte personalizado e abrangente e a possibilidade de se manter em contacto. Estes servi\u00e7os recolhem dados pessoais, por exemplo, atrav\u00e9s do seu perfil ou atrav\u00e9s dos chamados Plug-ins sociais, que s\u00e3o implementados nas p\u00e1ginas web de terceiros. Se enviar um pedido, para a AGA, atrav\u00e9s de uma destas redes sociais, o mesmo ser\u00e1 encaminhado para o departamento respons\u00e1vel. Os dados ser\u00e3o utilizados, exclusivamente, para responder ao seu pedido e n\u00e3o ser\u00e3o transmitidos a terceiros. Para poder entrar em contacto connosco atrav\u00e9s destas redes sociais, tem de se registar nestes servi\u00e7os.<\/p>\n\n\n\n<ul class=\"wp-block-list\">\n<li><strong>Com que finalidade tratamos os seus dados pessoais?<\/strong><\/li>\n<\/ul>\n\n\n\n<p>Tratamos os dados com as seguintes finalidades, prazos de conserva\u00e7\u00e3o estabelecidos e as limita\u00e7\u00f5es quanto \u00e0 presta\u00e7\u00e3o de servi\u00e7os, descritos de seguida:<\/p>\n\n\n\n<ul class=\"wp-block-list\">\n<li>\n<ul class=\"wp-block-list\">\n<li>Newsletter do Arouca Geopark para que o possamos informar acerca das atividades dinamizadas no territ\u00f3rio Arouca Geopark (pr\u00f3prias ou de terceiros).<\/li>\n\n\n\n<li>Central de Pr\u00e9-reservas para usufruir dos programas educativos, visitas interpretadas e, ainda, de uma unidade de alojamento ou restaura\u00e7\u00e3o.<\/li>\n\n\n\n<li>Preenchimento de formul\u00e1rios online e impressos para participa\u00e7\u00e3o em diversas atividades dinamizadas no Arouca Geopark.<\/li>\n<\/ul>\n<\/li>\n<\/ul>\n\n\n\n<p>A n\u00e3o-aceita\u00e7\u00e3o de qualquer das tipologias acima implica que n\u00e3o possa informar-se acerca das atividades dinamizadas no territ\u00f3rio Arouca Geopark.<\/p>\n\n\n\n<p>A AGA nunca cede os seus dados a terceiros.<\/p>\n\n\n\n<ul class=\"wp-block-list\">\n<li><strong>Reten\u00e7\u00e3o de dados pessoais<\/strong><\/li>\n<\/ul>\n\n\n\n<p>A AGA conservar\u00e1 os seus dados pelo per\u00edodo necess\u00e1rio e razo\u00e1vel, tendo em considera\u00e7\u00e3o o \u00e2mbito e finalidade da recolha, comprometendo-se a adotar medidas de conserva\u00e7\u00e3o e seguran\u00e7a.<\/p>\n\n\n\n<ul class=\"wp-block-list\">\n<li><strong>Informa\u00e7\u00f5es de contacto<\/strong><\/li>\n<\/ul>\n\n\n\n<p>Para mais informa\u00e7\u00f5es sobre as pr\u00e1ticas de privacidade da AGA e sobre os seus direitos consulte a p\u00e1gina web www.aroucageopark.pt, ou envie um email para geral@aroucageopark.pt.<\/p>\n\n\n\n<ul class=\"wp-block-list\">\n<li><strong>Altera\u00e7\u00e3o \u00e0 pol\u00edtica de seguran\u00e7a e privacidade<\/strong><\/li>\n<\/ul>\n\n\n\n<p>Os presentes Termos e Condi\u00e7\u00f5es, que dever\u00e1 ler atentamente, poder\u00e3o ser alterados, considerando-se que as altera\u00e7\u00f5es entram em vigor a partir da data da sua coloca\u00e7\u00e3o neste s\u00edtio, fazendo-se expressa refer\u00eancia \u00e0 data de atualiza\u00e7\u00e3o.<\/p>\n\n\n\n<p>Data da \u00faltima atualiza\u00e7\u00e3o da pol\u00edtica de privacidade: 25 de maio de 2018<\/p>\n\n\n\n<p><\/p>\n","protected":false},"excerpt":{"rendered":"<p>Introdu\u00e7\u00e3o A pol\u00edtica de privacidade da AGA \u2013 Associa\u00e7\u00e3o Geoparque Arouca esclarece quais os seus dados pessoais que recolhemos e para que finalidades, e quais os princ\u00edpios que orientam a utiliza\u00e7\u00e3o desses dados e os direitos dos titulares dos dados. A AGA na sua a\u00e7\u00e3o rege-se por valores de rigor, transpar\u00eancia, profissionalismo, coopera\u00e7\u00e3o institucional e [&hellip;]<\/p>\n","protected":false},"author":1,"featured_media":false,"parent":0,"menu_order":0,"comment_status":"closed","ping_status":"closed","template":"","meta":{"_acf_changed":false,"footnotes":""},"class_list":["post-1998","page","type-page","status-publish","hentry"],"acf":[],"yoast_head":"<!-- This site is optimized with the Yoast SEO plugin v25.7 - https:\/\/yoast.com\/wordpress\/plugins\/seo\/ -->\n<title>Pol\u00edtica de privacidade - Casa das Pedras Parideiras<\/title>\n<meta name=\"robots\" content=\"index, follow, max-snippet:-1, max-image-preview:large, max-video-preview:-1\" \/>\n<link rel=\"canonical\" href=\"https:\/\/aroucageopark.pt\/casa-das-pedras-parideiras\/politica-de-privacidade\/\" \/>\n<meta property=\"og:locale\" content=\"pt_PT\" \/>\n<meta property=\"og:type\" content=\"article\" \/>\n<meta property=\"og:title\" content=\"Pol\u00edtica de privacidade - Casa das Pedras Parideiras\" \/>\n<meta property=\"og:description\" content=\"Introdu\u00e7\u00e3o A pol\u00edtica de privacidade da AGA \u2013 Associa\u00e7\u00e3o Geoparque Arouca esclarece quais os seus dados pessoais que recolhemos e para que finalidades, e quais os princ\u00edpios que orientam a utiliza\u00e7\u00e3o desses dados e os direitos dos titulares dos dados. A AGA na sua a\u00e7\u00e3o rege-se por valores de rigor, transpar\u00eancia, profissionalismo, coopera\u00e7\u00e3o institucional e [&hellip;]\" \/>\n<meta property=\"og:url\" content=\"https:\/\/aroucageopark.pt\/casa-das-pedras-parideiras\/politica-de-privacidade\/\" \/>\n<meta property=\"og:site_name\" content=\"Casa das Pedras Parideiras\" \/>\n<meta property=\"article:modified_time\" content=\"2025-06-18T10:57:07+00:00\" \/>\n<meta name=\"twitter:card\" content=\"summary_large_image\" \/>\n<meta name=\"twitter:label1\" content=\"Tempo estimado de leitura\" \/>\n\t<meta name=\"twitter:data1\" content=\"5 minutos\" \/>\n<script type=\"application\/ld+json\" class=\"yoast-schema-graph\">{\"@context\":\"https:\/\/schema.org\",\"@graph\":[{\"@type\":\"WebPage\",\"@id\":\"https:\/\/aroucageopark.pt\/casa-das-pedras-parideiras\/politica-de-privacidade\/\",\"url\":\"https:\/\/aroucageopark.pt\/casa-das-pedras-parideiras\/politica-de-privacidade\/\",\"name\":\"Pol\u00edtica de privacidade - Casa das Pedras Parideiras\",\"isPartOf\":{\"@id\":\"https:\/\/aroucageopark.pt\/casa-das-pedras-parideiras\/#website\"},\"datePublished\":\"2025-06-18T10:54:54+00:00\",\"dateModified\":\"2025-06-18T10:57:07+00:00\",\"breadcrumb\":{\"@id\":\"https:\/\/aroucageopark.pt\/casa-das-pedras-parideiras\/politica-de-privacidade\/#breadcrumb\"},\"inLanguage\":\"pt-PT\",\"potentialAction\":[{\"@type\":\"ReadAction\",\"target\":[\"https:\/\/aroucageopark.pt\/casa-das-pedras-parideiras\/politica-de-privacidade\/\"]}]},{\"@type\":\"BreadcrumbList\",\"@id\":\"https:\/\/aroucageopark.pt\/casa-das-pedras-parideiras\/politica-de-privacidade\/#breadcrumb\",\"itemListElement\":[{\"@type\":\"ListItem\",\"position\":1,\"name\":\"In\u00edcio\",\"item\":\"https:\/\/aroucageopark.pt\/casa-das-pedras-parideiras\/\"},{\"@type\":\"ListItem\",\"position\":2,\"name\":\"Pol\u00edtica de privacidade\"}]},{\"@type\":\"WebSite\",\"@id\":\"https:\/\/aroucageopark.pt\/casa-das-pedras-parideiras\/#website\",\"url\":\"https:\/\/aroucageopark.pt\/casa-das-pedras-parideiras\/\",\"name\":\"Casa das Pedras Parideiras\",\"description\":\"Centro de Interpreta\u00e7\u00e3o\",\"potentialAction\":[{\"@type\":\"SearchAction\",\"target\":{\"@type\":\"EntryPoint\",\"urlTemplate\":\"https:\/\/aroucageopark.pt\/casa-das-pedras-parideiras\/?s={search_term_string}\"},\"query-input\":{\"@type\":\"PropertyValueSpecification\",\"valueRequired\":true,\"valueName\":\"search_term_string\"}}],\"inLanguage\":\"pt-PT\"}]}<\/script>\n<!-- \/ Yoast SEO plugin. -->","yoast_head_json":{"title":"Pol\u00edtica de privacidade - Casa das Pedras Parideiras","robots":{"index":"index","follow":"follow","max-snippet":"max-snippet:-1","max-image-preview":"max-image-preview:large","max-video-preview":"max-video-preview:-1"},"canonical":"https:\/\/aroucageopark.pt\/casa-das-pedras-parideiras\/politica-de-privacidade\/","og_locale":"pt_PT","og_type":"article","og_title":"Pol\u00edtica de privacidade - Casa das Pedras Parideiras","og_description":"Introdu\u00e7\u00e3o A pol\u00edtica de privacidade da AGA \u2013 Associa\u00e7\u00e3o Geoparque Arouca esclarece quais os seus dados pessoais que recolhemos e para que finalidades, e quais os princ\u00edpios que orientam a utiliza\u00e7\u00e3o desses dados e os direitos dos titulares dos dados. A AGA na sua a\u00e7\u00e3o rege-se por valores de rigor, transpar\u00eancia, profissionalismo, coopera\u00e7\u00e3o institucional e [&hellip;]","og_url":"https:\/\/aroucageopark.pt\/casa-das-pedras-parideiras\/politica-de-privacidade\/","og_site_name":"Casa das Pedras Parideiras","article_modified_time":"2025-06-18T10:57:07+00:00","twitter_card":"summary_large_image","twitter_misc":{"Tempo estimado de leitura":"5 minutos"},"schema":{"@context":"https:\/\/schema.org","@graph":[{"@type":"WebPage","@id":"https:\/\/aroucageopark.pt\/casa-das-pedras-parideiras\/politica-de-privacidade\/","url":"https:\/\/aroucageopark.pt\/casa-das-pedras-parideiras\/politica-de-privacidade\/","name":"Pol\u00edtica de privacidade - Casa das Pedras Parideiras","isPartOf":{"@id":"https:\/\/aroucageopark.pt\/casa-das-pedras-parideiras\/#website"},"datePublished":"2025-06-18T10:54:54+00:00","dateModified":"2025-06-18T10:57:07+00:00","breadcrumb":{"@id":"https:\/\/aroucageopark.pt\/casa-das-pedras-parideiras\/politica-de-privacidade\/#breadcrumb"},"inLanguage":"pt-PT","potentialAction":[{"@type":"ReadAction","target":["https:\/\/aroucageopark.pt\/casa-das-pedras-parideiras\/politica-de-privacidade\/"]}]},{"@type":"BreadcrumbList","@id":"https:\/\/aroucageopark.pt\/casa-das-pedras-parideiras\/politica-de-privacidade\/#breadcrumb","itemListElement":[{"@type":"ListItem","position":1,"name":"In\u00edcio","item":"https:\/\/aroucageopark.pt\/casa-das-pedras-parideiras\/"},{"@type":"ListItem","position":2,"name":"Pol\u00edtica de privacidade"}]},{"@type":"WebSite","@id":"https:\/\/aroucageopark.pt\/casa-das-pedras-parideiras\/#website","url":"https:\/\/aroucageopark.pt\/casa-das-pedras-parideiras\/","name":"Casa das Pedras Parideiras","description":"Centro de Interpreta\u00e7\u00e3o","potentialAction":[{"@type":"SearchAction","target":{"@type":"EntryPoint","urlTemplate":"https:\/\/aroucageopark.pt\/casa-das-pedras-parideiras\/?s={search_term_string}"},"query-input":{"@type":"PropertyValueSpecification","valueRequired":true,"valueName":"search_term_string"}}],"inLanguage":"pt-PT"}]}},"lang":"pt","translations":{"pt":1998,"en":2007,"es":2108},"pll_sync_post":[],"_links":{"self":[{"href":"https:\/\/aroucageopark.pt\/casa-das-pedras-parideiras\/wp-json\/wp\/v2\/pages\/1998","targetHints":{"allow":["GET"]}}],"collection":[{"href":"https:\/\/aroucageopark.pt\/casa-das-pedras-parideiras\/wp-json\/wp\/v2\/pages"}],"about":[{"href":"https:\/\/aroucageopark.pt\/casa-das-pedras-parideiras\/wp-json\/wp\/v2\/types\/page"}],"author":[{"embeddable":true,"href":"https:\/\/aroucageopark.pt\/casa-das-pedras-parideiras\/wp-json\/wp\/v2\/users\/1"}],"replies":[{"embeddable":true,"href":"https:\/\/aroucageopark.pt\/casa-das-pedras-parideiras\/wp-json\/wp\/v2\/comments?post=1998"}],"version-history":[{"count":5,"href":"https:\/\/aroucageopark.pt\/casa-das-pedras-parideiras\/wp-json\/wp\/v2\/pages\/1998\/revisions"}],"predecessor-version":[{"id":2004,"href":"https:\/\/aroucageopark.pt\/casa-das-pedras-parideiras\/wp-json\/wp\/v2\/pages\/1998\/revisions\/2004"}],"wp:attachment":[{"href":"https:\/\/aroucageopark.pt\/casa-das-pedras-parideiras\/wp-json\/wp\/v2\/media?parent=1998"}],"curies":[{"name":"wp","href":"https:\/\/api.w.org\/{rel}","templated":true}]}}