{"id":2009,"date":"2025-06-18T11:03:33","date_gmt":"2025-06-18T11:03:33","guid":{"rendered":"https:\/\/aroucageopark.pt\/casa-das-pedras-parideiras\/?page_id=2009"},"modified":"2025-06-18T11:04:13","modified_gmt":"2025-06-18T11:04:13","slug":"codigo-de-conduta-e-boas-praticas","status":"publish","type":"page","link":"https:\/\/aroucageopark.pt\/casa-das-pedras-parideiras\/codigo-de-conduta-e-boas-praticas\/","title":{"rendered":"C\u00f3digo de conduta e boas pr\u00e1ticas"},"content":{"rendered":"\n<h2 class=\"wp-block-heading has-medium-font-size\">Preserve a sua Seguran\u00e7a e a de Outros Visitantes<\/h2>\n\n\n\n<ul class=\"wp-block-list\">\n<li>Prepare-se devida e antecipadamente para as atividades ao ar livre;<\/li>\n\n\n\n<li>Respeite a sinaliza\u00e7\u00e3o existente no territ\u00f3rio;<\/li>\n\n\n\n<li>Acampe apenas nos locais autorizados;<\/li>\n\n\n\n<li>Pratique desportos de natureza apenas nos locais sinalizados;<\/li>\n\n\n\n<li>N\u00e3o fa\u00e7a fogueiras, utilize os fogareiros dispon\u00edveis nos parques de merendas;<\/li>\n\n\n\n<li>Respeite a passagem dos animais pelas estradas e caminhos;<\/li>\n\n\n\n<li>Evite aproxima\u00e7\u00e3o a animais dom\u00e9sticos ou selvagens;<\/li>\n\n\n\n<li>Estacione o seu ve\u00edculo nos parques apropriados;<\/li>\n\n\n\n<li>Contacte as autoridades sempre que detetar algo irregular;<\/li>\n<\/ul>\n\n\n\n<h2 class=\"wp-block-heading has-medium-font-size\">Respeite e Preserve o Patrim\u00f3nio Natural<\/h2>\n\n\n\n<ul class=\"wp-block-list\">\n<li>\u00c9 proibida a venda de patrim\u00f3nio geol\u00f3gico;<\/li>\n\n\n\n<li>Preserve a integridade de geoss\u00edtios;<\/li>\n\n\n\n<li>N\u00e3o recolha amostras de rochas, minerais ou f\u00f3sseis;<\/li>\n\n\n\n<li>N\u00e3o pinte ou escreva nas rochas ou em qualquer outro substrato incluindo \u00e1rvores;<\/li>\n\n\n\n<li>N\u00e3o alimente qualquer animal e mantenha uma dist\u00e2ncia de seguran\u00e7a;<\/li>\n\n\n\n<li>N\u00e3o colha plantas, nem pise a vegeta\u00e7\u00e3o;<\/li>\n\n\n\n<li>Quando utilizar ve\u00edculos motorizados circule sempre pelas estradas p\u00fablicas;<\/li>\n\n\n\n<li>Recolha o lixo que produzir;<\/li>\n\n\n\n<li>Para recordar a beleza deste patrim\u00f3nio leve apenas fotografias;<\/li>\n\n\n\n<li>Respeite o sil\u00eancio;<\/li>\n<\/ul>\n\n\n\n<h2 class=\"wp-block-heading has-medium-font-size\">Respeite e Preserve o Patrim\u00f3nio Cultural<\/h2>\n\n\n\n<ul class=\"wp-block-list\">\n<li>Mantenha a integridade do patrim\u00f3nio (museus, igrejas, complexos mineiros, mamoas);<\/li>\n\n\n\n<li>Respeite as regras e normas em vigor nos diversos monumentos;<\/li>\n\n\n\n<li>Respeite os habitantes locais e as suas propriedades;<\/li>\n\n\n\n<li>Respeite as tradi\u00e7\u00f5es e modo de vida da popula\u00e7\u00e3o;<\/li>\n<\/ul>\n\n\n\n<h2 class=\"wp-block-heading has-medium-font-size\">Promova os Produtos e Servi\u00e7os Locais<\/h2>\n\n\n\n<ul class=\"wp-block-list\">\n<li>Usufrua dos servi\u00e7os e atividades de anima\u00e7\u00e3o do territ\u00f3rio;<\/li>\n\n\n\n<li>Visite os museus e unidades interpretativas;<\/li>\n\n\n\n<li>Desfrute dos servi\u00e7os de alojamento e restaura\u00e7\u00e3o locais;<\/li>\n\n\n\n<li>Adquira produtos tradicionais;<\/li>\n\n\n\n<li>Aproveite os eventos que o territ\u00f3rio oferece.<\/li>\n<\/ul>\n\n\n\n<h2 class=\"wp-block-heading has-medium-font-size\">Recomenda\u00e7\u00f5es e Interdi\u00e7\u00f5es (Salbo nas Zonas Autorizadas)<\/h2>\n\n\n\n<figure class=\"wp-block-image size-full is-resized\"><img fetchpriority=\"high\" decoding=\"async\" width=\"493\" height=\"116\" src=\"https:\/\/aroucageopark.pt\/casa-das-pedras-parideiras\/wp-content\/uploads\/sites\/7\/2025\/06\/Screenshot-2025-06-18-120310.png\" alt=\"\" class=\"wp-image-2012\" style=\"width:216px;height:auto\" srcset=\"https:\/\/aroucageopark.pt\/casa-das-pedras-parideiras\/wp-content\/uploads\/sites\/7\/2025\/06\/Screenshot-2025-06-18-120310.png 493w, https:\/\/aroucageopark.pt\/casa-das-pedras-parideiras\/wp-content\/uploads\/sites\/7\/2025\/06\/Screenshot-2025-06-18-120310-300x71.png 300w\" sizes=\"(max-width: 493px) 100vw, 493px\" \/><\/figure>\n\n\n\n<p><\/p>\n","protected":false},"excerpt":{"rendered":"<p>Preserve a sua Seguran\u00e7a e a de Outros Visitantes Respeite e Preserve o Patrim\u00f3nio Natural Respeite e Preserve o Patrim\u00f3nio Cultural Promova os Produtos e Servi\u00e7os Locais Recomenda\u00e7\u00f5es e Interdi\u00e7\u00f5es (Salbo nas Zonas Autorizadas)<\/p>\n","protected":false},"author":1,"featured_media":false,"parent":0,"menu_order":0,"comment_status":"closed","ping_status":"closed","template":"","meta":{"_acf_changed":false,"footnotes":""},"class_list":["post-2009","page","type-page","status-publish","hentry"],"acf":[],"yoast_head":"<!-- This site is optimized with the Yoast SEO plugin v25.7 - https:\/\/yoast.com\/wordpress\/plugins\/seo\/ -->\n<title>C\u00f3digo de conduta e boas pr\u00e1ticas - Casa das Pedras Parideiras<\/title>\n<meta name=\"robots\" content=\"index, follow, max-snippet:-1, max-image-preview:large, max-video-preview:-1\" \/>\n<link rel=\"canonical\" href=\"https:\/\/aroucageopark.pt\/casa-das-pedras-parideiras\/codigo-de-conduta-e-boas-praticas\/\" \/>\n<meta property=\"og:locale\" content=\"pt_PT\" \/>\n<meta property=\"og:type\" content=\"article\" \/>\n<meta property=\"og:title\" content=\"C\u00f3digo de conduta e boas pr\u00e1ticas - Casa das Pedras Parideiras\" \/>\n<meta property=\"og:description\" content=\"Preserve a sua Seguran\u00e7a e a de Outros Visitantes Respeite e Preserve o Patrim\u00f3nio Natural Respeite e Preserve o Patrim\u00f3nio Cultural Promova os Produtos e Servi\u00e7os Locais Recomenda\u00e7\u00f5es e Interdi\u00e7\u00f5es (Salbo nas Zonas Autorizadas)\" \/>\n<meta property=\"og:url\" content=\"https:\/\/aroucageopark.pt\/casa-das-pedras-parideiras\/codigo-de-conduta-e-boas-praticas\/\" \/>\n<meta property=\"og:site_name\" content=\"Casa das Pedras Parideiras\" \/>\n<meta property=\"article:modified_time\" content=\"2025-06-18T11:04:13+00:00\" \/>\n<meta property=\"og:image\" content=\"https:\/\/aroucageopark.pt\/casa-das-pedras-parideiras\/wp-content\/uploads\/sites\/7\/2025\/06\/Screenshot-2025-06-18-120310.png\" \/>\n\t<meta property=\"og:image:width\" content=\"493\" \/>\n\t<meta property=\"og:image:height\" content=\"116\" \/>\n\t<meta property=\"og:image:type\" content=\"image\/png\" \/>\n<meta name=\"twitter:card\" content=\"summary_large_image\" \/>\n<meta name=\"twitter:label1\" content=\"Tempo estimado de leitura\" \/>\n\t<meta name=\"twitter:data1\" content=\"2 minutos\" \/>\n<script type=\"application\/ld+json\" class=\"yoast-schema-graph\">{\"@context\":\"https:\/\/schema.org\",\"@graph\":[{\"@type\":\"WebPage\",\"@id\":\"https:\/\/aroucageopark.pt\/casa-das-pedras-parideiras\/codigo-de-conduta-e-boas-praticas\/\",\"url\":\"https:\/\/aroucageopark.pt\/casa-das-pedras-parideiras\/codigo-de-conduta-e-boas-praticas\/\",\"name\":\"C\u00f3digo de conduta e boas pr\u00e1ticas - Casa das Pedras Parideiras\",\"isPartOf\":{\"@id\":\"https:\/\/aroucageopark.pt\/casa-das-pedras-parideiras\/#website\"},\"primaryImageOfPage\":{\"@id\":\"https:\/\/aroucageopark.pt\/casa-das-pedras-parideiras\/codigo-de-conduta-e-boas-praticas\/#primaryimage\"},\"image\":{\"@id\":\"https:\/\/aroucageopark.pt\/casa-das-pedras-parideiras\/codigo-de-conduta-e-boas-praticas\/#primaryimage\"},\"thumbnailUrl\":\"https:\/\/aroucageopark.pt\/casa-das-pedras-parideiras\/wp-content\/uploads\/sites\/7\/2025\/06\/Screenshot-2025-06-18-120310.png\",\"datePublished\":\"2025-06-18T11:03:33+00:00\",\"dateModified\":\"2025-06-18T11:04:13+00:00\",\"breadcrumb\":{\"@id\":\"https:\/\/aroucageopark.pt\/casa-das-pedras-parideiras\/codigo-de-conduta-e-boas-praticas\/#breadcrumb\"},\"inLanguage\":\"pt-PT\",\"potentialAction\":[{\"@type\":\"ReadAction\",\"target\":[\"https:\/\/aroucageopark.pt\/casa-das-pedras-parideiras\/codigo-de-conduta-e-boas-praticas\/\"]}]},{\"@type\":\"ImageObject\",\"inLanguage\":\"pt-PT\",\"@id\":\"https:\/\/aroucageopark.pt\/casa-das-pedras-parideiras\/codigo-de-conduta-e-boas-praticas\/#primaryimage\",\"url\":\"https:\/\/aroucageopark.pt\/casa-das-pedras-parideiras\/wp-content\/uploads\/sites\/7\/2025\/06\/Screenshot-2025-06-18-120310.png\",\"contentUrl\":\"https:\/\/aroucageopark.pt\/casa-das-pedras-parideiras\/wp-content\/uploads\/sites\/7\/2025\/06\/Screenshot-2025-06-18-120310.png\",\"width\":493,\"height\":116},{\"@type\":\"BreadcrumbList\",\"@id\":\"https:\/\/aroucageopark.pt\/casa-das-pedras-parideiras\/codigo-de-conduta-e-boas-praticas\/#breadcrumb\",\"itemListElement\":[{\"@type\":\"ListItem\",\"position\":1,\"name\":\"In\u00edcio\",\"item\":\"https:\/\/aroucageopark.pt\/casa-das-pedras-parideiras\/\"},{\"@type\":\"ListItem\",\"position\":2,\"name\":\"C\u00f3digo de conduta e boas pr\u00e1ticas\"}]},{\"@type\":\"WebSite\",\"@id\":\"https:\/\/aroucageopark.pt\/casa-das-pedras-parideiras\/#website\",\"url\":\"https:\/\/aroucageopark.pt\/casa-das-pedras-parideiras\/\",\"name\":\"Casa das Pedras Parideiras\",\"description\":\"Centro de Interpreta\u00e7\u00e3o\",\"potentialAction\":[{\"@type\":\"SearchAction\",\"target\":{\"@type\":\"EntryPoint\",\"urlTemplate\":\"https:\/\/aroucageopark.pt\/casa-das-pedras-parideiras\/?s={search_term_string}\"},\"query-input\":{\"@type\":\"PropertyValueSpecification\",\"valueRequired\":true,\"valueName\":\"search_term_string\"}}],\"inLanguage\":\"pt-PT\"}]}<\/script>\n<!-- \/ Yoast SEO plugin. -->","yoast_head_json":{"title":"C\u00f3digo de conduta e boas pr\u00e1ticas - Casa das Pedras Parideiras","robots":{"index":"index","follow":"follow","max-snippet":"max-snippet:-1","max-image-preview":"max-image-preview:large","max-video-preview":"max-video-preview:-1"},"canonical":"https:\/\/aroucageopark.pt\/casa-das-pedras-parideiras\/codigo-de-conduta-e-boas-praticas\/","og_locale":"pt_PT","og_type":"article","og_title":"C\u00f3digo de conduta e boas pr\u00e1ticas - Casa das Pedras Parideiras","og_description":"Preserve a sua Seguran\u00e7a e a de Outros Visitantes Respeite e Preserve o Patrim\u00f3nio Natural Respeite e Preserve o Patrim\u00f3nio Cultural Promova os Produtos e Servi\u00e7os Locais Recomenda\u00e7\u00f5es e Interdi\u00e7\u00f5es (Salbo nas Zonas Autorizadas)","og_url":"https:\/\/aroucageopark.pt\/casa-das-pedras-parideiras\/codigo-de-conduta-e-boas-praticas\/","og_site_name":"Casa das Pedras Parideiras","article_modified_time":"2025-06-18T11:04:13+00:00","og_image":[{"width":493,"height":116,"url":"https:\/\/aroucageopark.pt\/casa-das-pedras-parideiras\/wp-content\/uploads\/sites\/7\/2025\/06\/Screenshot-2025-06-18-120310.png","type":"image\/png"}],"twitter_card":"summary_large_image","twitter_misc":{"Tempo estimado de leitura":"2 minutos"},"schema":{"@context":"https:\/\/schema.org","@graph":[{"@type":"WebPage","@id":"https:\/\/aroucageopark.pt\/casa-das-pedras-parideiras\/codigo-de-conduta-e-boas-praticas\/","url":"https:\/\/aroucageopark.pt\/casa-das-pedras-parideiras\/codigo-de-conduta-e-boas-praticas\/","name":"C\u00f3digo de conduta e boas pr\u00e1ticas - Casa das Pedras Parideiras","isPartOf":{"@id":"https:\/\/aroucageopark.pt\/casa-das-pedras-parideiras\/#website"},"primaryImageOfPage":{"@id":"https:\/\/aroucageopark.pt\/casa-das-pedras-parideiras\/codigo-de-conduta-e-boas-praticas\/#primaryimage"},"image":{"@id":"https:\/\/aroucageopark.pt\/casa-das-pedras-parideiras\/codigo-de-conduta-e-boas-praticas\/#primaryimage"},"thumbnailUrl":"https:\/\/aroucageopark.pt\/casa-das-pedras-parideiras\/wp-content\/uploads\/sites\/7\/2025\/06\/Screenshot-2025-06-18-120310.png","datePublished":"2025-06-18T11:03:33+00:00","dateModified":"2025-06-18T11:04:13+00:00","breadcrumb":{"@id":"https:\/\/aroucageopark.pt\/casa-das-pedras-parideiras\/codigo-de-conduta-e-boas-praticas\/#breadcrumb"},"inLanguage":"pt-PT","potentialAction":[{"@type":"ReadAction","target":["https:\/\/aroucageopark.pt\/casa-das-pedras-parideiras\/codigo-de-conduta-e-boas-praticas\/"]}]},{"@type":"ImageObject","inLanguage":"pt-PT","@id":"https:\/\/aroucageopark.pt\/casa-das-pedras-parideiras\/codigo-de-conduta-e-boas-praticas\/#primaryimage","url":"https:\/\/aroucageopark.pt\/casa-das-pedras-parideiras\/wp-content\/uploads\/sites\/7\/2025\/06\/Screenshot-2025-06-18-120310.png","contentUrl":"https:\/\/aroucageopark.pt\/casa-das-pedras-parideiras\/wp-content\/uploads\/sites\/7\/2025\/06\/Screenshot-2025-06-18-120310.png","width":493,"height":116},{"@type":"BreadcrumbList","@id":"https:\/\/aroucageopark.pt\/casa-das-pedras-parideiras\/codigo-de-conduta-e-boas-praticas\/#breadcrumb","itemListElement":[{"@type":"ListItem","position":1,"name":"In\u00edcio","item":"https:\/\/aroucageopark.pt\/casa-das-pedras-parideiras\/"},{"@type":"ListItem","position":2,"name":"C\u00f3digo de conduta e boas pr\u00e1ticas"}]},{"@type":"WebSite","@id":"https:\/\/aroucageopark.pt\/casa-das-pedras-parideiras\/#website","url":"https:\/\/aroucageopark.pt\/casa-das-pedras-parideiras\/","name":"Casa das Pedras Parideiras","description":"Centro de Interpreta\u00e7\u00e3o","potentialAction":[{"@type":"SearchAction","target":{"@type":"EntryPoint","urlTemplate":"https:\/\/aroucageopark.pt\/casa-das-pedras-parideiras\/?s={search_term_string}"},"query-input":{"@type":"PropertyValueSpecification","valueRequired":true,"valueName":"search_term_string"}}],"inLanguage":"pt-PT"}]}},"lang":"pt","translations":{"pt":2009,"en":2016,"es":2107},"pll_sync_post":[],"_links":{"self":[{"href":"https:\/\/aroucageopark.pt\/casa-das-pedras-parideiras\/wp-json\/wp\/v2\/pages\/2009","targetHints":{"allow":["GET"]}}],"collection":[{"href":"https:\/\/aroucageopark.pt\/casa-das-pedras-parideiras\/wp-json\/wp\/v2\/pages"}],"about":[{"href":"https:\/\/aroucageopark.pt\/casa-das-pedras-parideiras\/wp-json\/wp\/v2\/types\/page"}],"author":[{"embeddable":true,"href":"https:\/\/aroucageopark.pt\/casa-das-pedras-parideiras\/wp-json\/wp\/v2\/users\/1"}],"replies":[{"embeddable":true,"href":"https:\/\/aroucageopark.pt\/casa-das-pedras-parideiras\/wp-json\/wp\/v2\/comments?post=2009"}],"version-history":[{"count":2,"href":"https:\/\/aroucageopark.pt\/casa-das-pedras-parideiras\/wp-json\/wp\/v2\/pages\/2009\/revisions"}],"predecessor-version":[{"id":2014,"href":"https:\/\/aroucageopark.pt\/casa-das-pedras-parideiras\/wp-json\/wp\/v2\/pages\/2009\/revisions\/2014"}],"wp:attachment":[{"href":"https:\/\/aroucageopark.pt\/casa-das-pedras-parideiras\/wp-json\/wp\/v2\/media?parent=2009"}],"curies":[{"name":"wp","href":"https:\/\/api.w.org\/{rel}","templated":true}]}}