{"id":2107,"date":"2025-08-26T16:00:40","date_gmt":"2025-08-26T16:00:40","guid":{"rendered":"https:\/\/aroucageopark.pt\/casa-das-pedras-parideiras\/?page_id=2107"},"modified":"2025-08-26T16:01:19","modified_gmt":"2025-08-26T16:01:19","slug":"codigo-de-conducta-y-buenas-practicas","status":"publish","type":"page","link":"https:\/\/aroucageopark.pt\/casa-das-pedras-parideiras\/es\/codigo-de-conducta-y-buenas-practicas\/","title":{"rendered":"C\u00f3digo de Conducta y Buenas Pr\u00e1cticas"},"content":{"rendered":"\n<h2 class=\"wp-block-heading has-medium-font-size\">Preserve su seguridad y la de otros visitantes<\/h2>\n\n\n\n<ul class=\"wp-block-list\">\n<li>prepararse adecuadamente y con anticipaci\u00f3n para actividades al aire libre;<\/li>\n\n\n\n<li>respetar la se\u00f1alizaci\u00f3n existente en el territorio;<\/li>\n\n\n\n<li>acampar solo en lugares autorizados;<\/li>\n\n\n\n<li>Practique deportes de naturaleza solo en lugares se\u00f1alizados;<\/li>\n\n\n\n<li>No haga fuegos, use las estufas disponibles en los picnics;<\/li>\n\n\n\n<li>Respete el paso de animales en los caminos y caminos;<\/li>\n\n\n\n<li>Evite acercarse a los animales dom\u00e9sticos o salvajes;<\/li>\n\n\n\n<li>Estacione su veh\u00edculo en los parques apropiados;<\/li>\n\n\n\n<li>comun\u00edquese con las autoridades siempre que detecte algo irregular;<\/li>\n<\/ul>\n\n\n\n<h2 class=\"wp-block-heading has-medium-font-size\">Respetar y preservar el patrimonio natural<\/h2>\n\n\n\n<ul class=\"wp-block-list\">\n<li>Queda prohibida la venta de patrimonio geol\u00f3gico;<\/li>\n\n\n\n<li>preservar la integridad de los geositos;<\/li>\n\n\n\n<li>No recoger muestras de rocas, minerales o f\u00f3siles;<\/li>\n\n\n\n<li>No pintes ni escribas sobre rocas o cualquier otro sustrato, incluidos los \u00e1rboles;<\/li>\n\n\n\n<li>No alimente a ning\u00fan animal y mantenga una distancia segura;<\/li>\n\n\n\n<li>No coseche plantas ni pise la vegetaci\u00f3n;<\/li>\n\n\n\n<li>Al utilizar veh\u00edculos motorizados, siempre circule por v\u00edas p\u00fablicas;<\/li>\n\n\n\n<li>Recoge la basura que produces;<\/li>\n\n\n\n<li>Para recordar la belleza de esta herencia, toma solo fotograf\u00edas;<\/li>\n\n\n\n<li>Respeta el silencio;<\/li>\n<\/ul>\n\n\n\n<h2 class=\"wp-block-heading has-medium-font-size\">Respetar y preservar el patrimonio cultural<\/h2>\n\n\n\n<ul class=\"wp-block-list\">\n<li>mantener la integridad del patrimonio (museos, iglesias, complejos mineros, mamoas);<\/li>\n\n\n\n<li>respetar las reglas y normas vigentes en los diversos monumentos;<\/li>\n\n\n\n<li>Respete a los locales y sus propiedades;<\/li>\n\n\n\n<li>Respetar las tradiciones y la forma de vida de la poblaci\u00f3n;<\/li>\n<\/ul>\n\n\n\n<h2 class=\"wp-block-heading has-medium-font-size\">Promover productos y servicios locales<\/h2>\n\n\n\n<ul class=\"wp-block-list\">\n<li>Disfrutar de los servicios y actividades de animaci\u00f3n en el territorio;<\/li>\n\n\n\n<li>visitar museos y unidades interpretativas;<\/li>\n\n\n\n<li>Disfrute de los servicios locales de alojamiento y catering;<\/li>\n\n\n\n<li>comprar productos tradicionales;<\/li>\n\n\n\n<li>Disfruta de los eventos que ofrece el territorio.<\/li>\n<\/ul>\n\n\n\n<h2 class=\"wp-block-heading has-medium-font-size\">Recomendaciones e interdicciones (Salbo en \u00e1reas autorizadas)<\/h2>\n\n\n\n<figure class=\"wp-block-image size-full is-resized\"><img fetchpriority=\"high\" decoding=\"async\" width=\"493\" height=\"116\" src=\"https:\/\/aroucageopark.pt\/casa-das-pedras-parideiras\/wp-content\/uploads\/sites\/7\/2025\/06\/Screenshot-2025-06-18-120310.png\" alt=\"\" class=\"wp-image-2012\" style=\"width:216px;height:auto\" srcset=\"https:\/\/aroucageopark.pt\/casa-das-pedras-parideiras\/wp-content\/uploads\/sites\/7\/2025\/06\/Screenshot-2025-06-18-120310.png 493w, https:\/\/aroucageopark.pt\/casa-das-pedras-parideiras\/wp-content\/uploads\/sites\/7\/2025\/06\/Screenshot-2025-06-18-120310-300x71.png 300w\" sizes=\"(max-width: 493px) 100vw, 493px\" \/><\/figure>\n\n\n\n<p><\/p>\n","protected":false},"excerpt":{"rendered":"<p>Preserve su seguridad y la de otros visitantes Respetar y preservar el patrimonio natural Respetar y preservar el patrimonio cultural Promover productos y servicios locales Recomendaciones e interdicciones (Salbo en \u00e1reas autorizadas)<\/p>\n","protected":false},"author":1,"featured_media":false,"parent":0,"menu_order":0,"comment_status":"closed","ping_status":"closed","template":"","meta":{"_acf_changed":false,"footnotes":""},"class_list":["post-2107","page","type-page","status-publish","hentry"],"acf":[],"yoast_head":"<!-- This site is optimized with the Yoast SEO plugin v25.7 - https:\/\/yoast.com\/wordpress\/plugins\/seo\/ -->\n<title>C\u00f3digo de Conducta y Buenas Pr\u00e1cticas - Casa das Pedras Parideiras<\/title>\n<meta name=\"robots\" content=\"index, follow, max-snippet:-1, max-image-preview:large, max-video-preview:-1\" \/>\n<link rel=\"canonical\" href=\"https:\/\/aroucageopark.pt\/casa-das-pedras-parideiras\/es\/codigo-de-conducta-y-buenas-practicas\/\" \/>\n<meta property=\"og:locale\" content=\"pt_PT\" \/>\n<meta property=\"og:type\" content=\"article\" \/>\n<meta property=\"og:title\" content=\"C\u00f3digo de Conducta y Buenas Pr\u00e1cticas - Casa das Pedras Parideiras\" \/>\n<meta property=\"og:description\" content=\"Preserve su seguridad y la de otros visitantes Respetar y preservar el patrimonio natural Respetar y preservar el patrimonio cultural Promover productos y servicios locales Recomendaciones e interdicciones (Salbo en \u00e1reas autorizadas)\" \/>\n<meta property=\"og:url\" content=\"https:\/\/aroucageopark.pt\/casa-das-pedras-parideiras\/es\/codigo-de-conducta-y-buenas-practicas\/\" \/>\n<meta property=\"og:site_name\" content=\"Casa das Pedras Parideiras\" \/>\n<meta property=\"article:modified_time\" content=\"2025-08-26T16:01:19+00:00\" \/>\n<meta property=\"og:image\" content=\"https:\/\/aroucageopark.pt\/casa-das-pedras-parideiras\/wp-content\/uploads\/sites\/7\/2025\/06\/Screenshot-2025-06-18-120310.png\" \/>\n\t<meta property=\"og:image:width\" content=\"493\" \/>\n\t<meta property=\"og:image:height\" content=\"116\" \/>\n\t<meta property=\"og:image:type\" content=\"image\/png\" \/>\n<meta name=\"twitter:card\" content=\"summary_large_image\" \/>\n<meta name=\"twitter:label1\" content=\"Tempo estimado de leitura\" \/>\n\t<meta name=\"twitter:data1\" content=\"2 minutos\" \/>\n<script type=\"application\/ld+json\" class=\"yoast-schema-graph\">{\"@context\":\"https:\/\/schema.org\",\"@graph\":[{\"@type\":\"WebPage\",\"@id\":\"https:\/\/aroucageopark.pt\/casa-das-pedras-parideiras\/es\/codigo-de-conducta-y-buenas-practicas\/\",\"url\":\"https:\/\/aroucageopark.pt\/casa-das-pedras-parideiras\/es\/codigo-de-conducta-y-buenas-practicas\/\",\"name\":\"C\u00f3digo de Conducta y Buenas Pr\u00e1cticas - Casa das Pedras Parideiras\",\"isPartOf\":{\"@id\":\"https:\/\/aroucageopark.pt\/casa-das-pedras-parideiras\/#website\"},\"primaryImageOfPage\":{\"@id\":\"https:\/\/aroucageopark.pt\/casa-das-pedras-parideiras\/es\/codigo-de-conducta-y-buenas-practicas\/#primaryimage\"},\"image\":{\"@id\":\"https:\/\/aroucageopark.pt\/casa-das-pedras-parideiras\/es\/codigo-de-conducta-y-buenas-practicas\/#primaryimage\"},\"thumbnailUrl\":\"https:\/\/aroucageopark.pt\/casa-das-pedras-parideiras\/wp-content\/uploads\/sites\/7\/2025\/06\/Screenshot-2025-06-18-120310.png\",\"datePublished\":\"2025-08-26T16:00:40+00:00\",\"dateModified\":\"2025-08-26T16:01:19+00:00\",\"breadcrumb\":{\"@id\":\"https:\/\/aroucageopark.pt\/casa-das-pedras-parideiras\/es\/codigo-de-conducta-y-buenas-practicas\/#breadcrumb\"},\"inLanguage\":\"pt-PT\",\"potentialAction\":[{\"@type\":\"ReadAction\",\"target\":[\"https:\/\/aroucageopark.pt\/casa-das-pedras-parideiras\/es\/codigo-de-conducta-y-buenas-practicas\/\"]}]},{\"@type\":\"ImageObject\",\"inLanguage\":\"pt-PT\",\"@id\":\"https:\/\/aroucageopark.pt\/casa-das-pedras-parideiras\/es\/codigo-de-conducta-y-buenas-practicas\/#primaryimage\",\"url\":\"https:\/\/aroucageopark.pt\/casa-das-pedras-parideiras\/wp-content\/uploads\/sites\/7\/2025\/06\/Screenshot-2025-06-18-120310.png\",\"contentUrl\":\"https:\/\/aroucageopark.pt\/casa-das-pedras-parideiras\/wp-content\/uploads\/sites\/7\/2025\/06\/Screenshot-2025-06-18-120310.png\",\"width\":493,\"height\":116},{\"@type\":\"BreadcrumbList\",\"@id\":\"https:\/\/aroucageopark.pt\/casa-das-pedras-parideiras\/es\/codigo-de-conducta-y-buenas-practicas\/#breadcrumb\",\"itemListElement\":[{\"@type\":\"ListItem\",\"position\":1,\"name\":\"In\u00edcio\",\"item\":\"https:\/\/aroucageopark.pt\/casa-das-pedras-parideiras\/\"},{\"@type\":\"ListItem\",\"position\":2,\"name\":\"C\u00f3digo de Conducta y Buenas Pr\u00e1cticas\"}]},{\"@type\":\"WebSite\",\"@id\":\"https:\/\/aroucageopark.pt\/casa-das-pedras-parideiras\/#website\",\"url\":\"https:\/\/aroucageopark.pt\/casa-das-pedras-parideiras\/\",\"name\":\"Casa das Pedras Parideiras\",\"description\":\"Centro de Interpreta\u00e7\u00e3o\",\"potentialAction\":[{\"@type\":\"SearchAction\",\"target\":{\"@type\":\"EntryPoint\",\"urlTemplate\":\"https:\/\/aroucageopark.pt\/casa-das-pedras-parideiras\/?s={search_term_string}\"},\"query-input\":{\"@type\":\"PropertyValueSpecification\",\"valueRequired\":true,\"valueName\":\"search_term_string\"}}],\"inLanguage\":\"pt-PT\"}]}<\/script>\n<!-- \/ Yoast SEO plugin. -->","yoast_head_json":{"title":"C\u00f3digo de Conducta y Buenas Pr\u00e1cticas - Casa das Pedras Parideiras","robots":{"index":"index","follow":"follow","max-snippet":"max-snippet:-1","max-image-preview":"max-image-preview:large","max-video-preview":"max-video-preview:-1"},"canonical":"https:\/\/aroucageopark.pt\/casa-das-pedras-parideiras\/es\/codigo-de-conducta-y-buenas-practicas\/","og_locale":"pt_PT","og_type":"article","og_title":"C\u00f3digo de Conducta y Buenas Pr\u00e1cticas - Casa das Pedras Parideiras","og_description":"Preserve su seguridad y la de otros visitantes Respetar y preservar el patrimonio natural Respetar y preservar el patrimonio cultural Promover productos y servicios locales Recomendaciones e interdicciones (Salbo en \u00e1reas autorizadas)","og_url":"https:\/\/aroucageopark.pt\/casa-das-pedras-parideiras\/es\/codigo-de-conducta-y-buenas-practicas\/","og_site_name":"Casa das Pedras Parideiras","article_modified_time":"2025-08-26T16:01:19+00:00","og_image":[{"width":493,"height":116,"url":"https:\/\/aroucageopark.pt\/casa-das-pedras-parideiras\/wp-content\/uploads\/sites\/7\/2025\/06\/Screenshot-2025-06-18-120310.png","type":"image\/png"}],"twitter_card":"summary_large_image","twitter_misc":{"Tempo estimado de leitura":"2 minutos"},"schema":{"@context":"https:\/\/schema.org","@graph":[{"@type":"WebPage","@id":"https:\/\/aroucageopark.pt\/casa-das-pedras-parideiras\/es\/codigo-de-conducta-y-buenas-practicas\/","url":"https:\/\/aroucageopark.pt\/casa-das-pedras-parideiras\/es\/codigo-de-conducta-y-buenas-practicas\/","name":"C\u00f3digo de Conducta y Buenas Pr\u00e1cticas - Casa das Pedras Parideiras","isPartOf":{"@id":"https:\/\/aroucageopark.pt\/casa-das-pedras-parideiras\/#website"},"primaryImageOfPage":{"@id":"https:\/\/aroucageopark.pt\/casa-das-pedras-parideiras\/es\/codigo-de-conducta-y-buenas-practicas\/#primaryimage"},"image":{"@id":"https:\/\/aroucageopark.pt\/casa-das-pedras-parideiras\/es\/codigo-de-conducta-y-buenas-practicas\/#primaryimage"},"thumbnailUrl":"https:\/\/aroucageopark.pt\/casa-das-pedras-parideiras\/wp-content\/uploads\/sites\/7\/2025\/06\/Screenshot-2025-06-18-120310.png","datePublished":"2025-08-26T16:00:40+00:00","dateModified":"2025-08-26T16:01:19+00:00","breadcrumb":{"@id":"https:\/\/aroucageopark.pt\/casa-das-pedras-parideiras\/es\/codigo-de-conducta-y-buenas-practicas\/#breadcrumb"},"inLanguage":"pt-PT","potentialAction":[{"@type":"ReadAction","target":["https:\/\/aroucageopark.pt\/casa-das-pedras-parideiras\/es\/codigo-de-conducta-y-buenas-practicas\/"]}]},{"@type":"ImageObject","inLanguage":"pt-PT","@id":"https:\/\/aroucageopark.pt\/casa-das-pedras-parideiras\/es\/codigo-de-conducta-y-buenas-practicas\/#primaryimage","url":"https:\/\/aroucageopark.pt\/casa-das-pedras-parideiras\/wp-content\/uploads\/sites\/7\/2025\/06\/Screenshot-2025-06-18-120310.png","contentUrl":"https:\/\/aroucageopark.pt\/casa-das-pedras-parideiras\/wp-content\/uploads\/sites\/7\/2025\/06\/Screenshot-2025-06-18-120310.png","width":493,"height":116},{"@type":"BreadcrumbList","@id":"https:\/\/aroucageopark.pt\/casa-das-pedras-parideiras\/es\/codigo-de-conducta-y-buenas-practicas\/#breadcrumb","itemListElement":[{"@type":"ListItem","position":1,"name":"In\u00edcio","item":"https:\/\/aroucageopark.pt\/casa-das-pedras-parideiras\/"},{"@type":"ListItem","position":2,"name":"C\u00f3digo de Conducta y Buenas Pr\u00e1cticas"}]},{"@type":"WebSite","@id":"https:\/\/aroucageopark.pt\/casa-das-pedras-parideiras\/#website","url":"https:\/\/aroucageopark.pt\/casa-das-pedras-parideiras\/","name":"Casa das Pedras Parideiras","description":"Centro de Interpreta\u00e7\u00e3o","potentialAction":[{"@type":"SearchAction","target":{"@type":"EntryPoint","urlTemplate":"https:\/\/aroucageopark.pt\/casa-das-pedras-parideiras\/?s={search_term_string}"},"query-input":{"@type":"PropertyValueSpecification","valueRequired":true,"valueName":"search_term_string"}}],"inLanguage":"pt-PT"}]}},"lang":"es","translations":{"es":2107,"pt":2009,"en":2016},"pll_sync_post":[],"_links":{"self":[{"href":"https:\/\/aroucageopark.pt\/casa-das-pedras-parideiras\/wp-json\/wp\/v2\/pages\/2107","targetHints":{"allow":["GET"]}}],"collection":[{"href":"https:\/\/aroucageopark.pt\/casa-das-pedras-parideiras\/wp-json\/wp\/v2\/pages"}],"about":[{"href":"https:\/\/aroucageopark.pt\/casa-das-pedras-parideiras\/wp-json\/wp\/v2\/types\/page"}],"author":[{"embeddable":true,"href":"https:\/\/aroucageopark.pt\/casa-das-pedras-parideiras\/wp-json\/wp\/v2\/users\/1"}],"replies":[{"embeddable":true,"href":"https:\/\/aroucageopark.pt\/casa-das-pedras-parideiras\/wp-json\/wp\/v2\/comments?post=2107"}],"version-history":[{"count":1,"href":"https:\/\/aroucageopark.pt\/casa-das-pedras-parideiras\/wp-json\/wp\/v2\/pages\/2107\/revisions"}],"predecessor-version":[{"id":2111,"href":"https:\/\/aroucageopark.pt\/casa-das-pedras-parideiras\/wp-json\/wp\/v2\/pages\/2107\/revisions\/2111"}],"wp:attachment":[{"href":"https:\/\/aroucageopark.pt\/casa-das-pedras-parideiras\/wp-json\/wp\/v2\/media?parent=2107"}],"curies":[{"name":"wp","href":"https:\/\/api.w.org\/{rel}","templated":true}]}}