{"id":2108,"date":"2025-08-26T16:02:56","date_gmt":"2025-08-26T16:02:56","guid":{"rendered":"https:\/\/aroucageopark.pt\/casa-das-pedras-parideiras\/?page_id=2108"},"modified":"2025-08-26T16:03:45","modified_gmt":"2025-08-26T16:03:45","slug":"politica-de-privacidad","status":"publish","type":"page","link":"https:\/\/aroucageopark.pt\/casa-das-pedras-parideiras\/es\/politica-de-privacidad\/","title":{"rendered":"Pol\u00edtica de Privacidad"},"content":{"rendered":"\n<h2 class=\"wp-block-heading has-medium-font-size\">Introduccion<\/h2>\n\n\n\n<p>La Pol\u00edtica de Privacidad AGA \u2013 Associa\u00e7\u00e3o Geoparque Arouca aclara sus datos personales que recopilamos y para qu\u00e9 fines, y cu\u00e1les son los principios que gu\u00edan el uso de estos datos y los derechos de los interesados. AGA en su acci\u00f3n se rige por valores de rigor, transparencia, profesionalismo, cooperaci\u00f3n institucional y justicia social.<\/p>\n\n\n\n<h2 class=\"wp-block-heading has-medium-font-size\">Alcance<\/h2>\n\n\n\n<p>Esta pol\u00edtica se aplica a todos los usuarios y garantiza la privacidad y seguridad en los datos prestados para los diversos servicios disponibles, solo solicita y recogido los datos necesarios para la prestaci\u00f3n del servicio de acuerdo con las indicaciones expl\u00edcitas en las opciones del usuario.<\/p>\n\n\n\n<h2 class=\"wp-block-heading has-medium-font-size\">\u00bfQui\u00e9n es responsable del tratamiento de sus datos?<\/h2>\n\n\n\n<p>Queremos informarles que AGA, como entidad de gesti\u00f3n de Arouca Geopark, act\u00faa como responsable del tratamiento de ficheros de datos cuya propiedad corresponde al AGA. El oficial de protecci\u00f3n de datos puede ser contactado por correo electr\u00f3nico geral@aroucageopark.pt o por carta registrada, con acuse de recibo, por Rua Alfredo Vaz Pinto \u2013 Apartado 20, 4540-118 AROUCA. Esta Pol\u00edtica de Privacidad se aplica a todos los equipos\/espacios gestionados por AGA, a saber, la sede de la Asociaci\u00f3n, Casa das Pedras Parideiras \u2013 Centro de Interpretaci\u00f3n, Panor\u00e1mica del Radar Meteorol\u00f3gico Arouca, Tienda de Turismo Interactivo de Arouca y Espacio Arouca Agr\u00edcola \u2013 Mercado Local.<\/p>\n\n\n\n<h2 class=\"wp-block-heading has-medium-font-size\">\u00bfCuales son<strong> los datos que manejamos?<\/strong><\/h2>\n\n\n\n<p>Datos que nos fueron facilitados a trav\u00e9s de:<\/p>\n\n\n\n<ul class=\"wp-block-list\">\n<li><strong>Bolet\u00edn Arouca Geoparque<\/strong><\/li>\n<\/ul>\n\n\n\n<p>La membres\u00eda del bolet\u00edn AROUCA GeoPark puede realizarse mediante el formulario en el sitio web www.aroucageopark.pt y se refiere a los siguientes datos personales: correo electr\u00f3nico, nombre y apodos.\u00a0 \u00a0\u00a0<\/p>\n\n\n\n<ul class=\"wp-block-list\">\n<li><strong>Participaci\u00f3n en diversas actividades<\/strong><\/li>\n<\/ul>\n\n\n\n<p>La participaci\u00f3n en las m\u00e1s variadas actividades que AGA dinamiza se puede realizar rellenando formularios disponibles, para tal efecto, y se refiere a los siguientes datos personales: correo electr\u00f3nico, celular, nombre, apellidos, fecha de nacimiento, direcci\u00f3n, ubicaci\u00f3n, sexo, n\u00famero de identificaci\u00f3n fiscal. Tambi\u00e9n puede registrarse para actividades por correo electr\u00f3nico o por tel\u00e9fono y, en este caso, los datos personales son: nombre, apellidos, correos electr\u00f3nicos, celulares.<\/p>\n\n\n\n<ul class=\"wp-block-list\">\n<li><strong>Centro de pre-reserva Arouca Geopark<\/strong><\/li>\n<\/ul>\n\n\n\n<p>\u00a0El centro de reserva previa en el sitio web www.arocageopark.pt permite programas educativos de pre-reserva, visitas interpretadas, unidades de alojamiento y restauraci\u00f3n, que se refieren a los siguientes datos personales: nombre, apellidos, direcci\u00f3n, tel\u00e9fono, fax, n\u00famero de impuesto y correo electr\u00f3nico.<\/p>\n\n\n\n<ul class=\"wp-block-list\">\n<li><strong>Tienda Online Arouca Geopark<\/strong><\/li>\n<\/ul>\n\n\n\n<p>La tienda online AROUCA Geopark, disponible en http:\/\/loja.arocageopark.pt\/, permite la compra de ediciones y merchandising y se refiere a los siguientes datos personales: nombre, apellido, correo electr\u00f3nico y n\u00famero de identificaci\u00f3n fiscal.<\/p>\n\n\n\n<ul class=\"wp-block-list\">\n<li><strong>Redes sociales<\/strong><\/li>\n<\/ul>\n\n\n\n<p>A trav\u00e9s de las p\u00e1ginas en redes sociales (Facebook, Twitter, YouTube e Instagram), AGA brinda un soporte personalizado e integral y la posibilidad de mantenerse en contacto. Estos servicios recopilan datos personales, por ejemplo, a trav\u00e9s de su perfil o a trav\u00e9s de los llamados complementos sociales, que se implementan en p\u00e1ginas web de terceros. Si env\u00eda una solicitud a AGA, a trav\u00e9s de una de estas redes sociales, se la enviar\u00e1 al departamento responsable. Los datos se utilizar\u00e1n exclusivamente para responder a su solicitud y no ser\u00e1n transmitidos a terceros. Para poder contactarnos a trav\u00e9s de estas redes sociales, debes registrarte con estos servicios.<\/p>\n\n\n\n<ul class=\"wp-block-list\">\n<li><strong>\u00bfCon qu\u00e9 prop\u00f3sito tratamos sus datos personales?<\/strong><\/li>\n<\/ul>\n\n\n\n<p>Tratamos los datos con los siguientes fines, plazos de conservaci\u00f3n establecidos y las limitaciones en cuanto a la prestaci\u00f3n de servicios, que se describen a continuaci\u00f3n:<\/p>\n\n\n\n<ul class=\"wp-block-list\">\n<li>\n<ul class=\"wp-block-list\">\n<li>Bolet\u00edn Arouca GeoPark para que podamos informarles sobre las actividades dinamizadas en el Territorio de Arouca Geoparque (propio o de terceros).<\/li>\n\n\n\n<li>Centro de reserva para disfrutar de programas educativos, visitas interpretadas y tambi\u00e9n de una unidad de alojamiento o restauraci\u00f3n.<\/li>\n\n\n\n<li>Rellenando formularios en l\u00ednea e impresos para participar en diversas actividades dinamizadas en Arouca Geopark.<\/li>\n<\/ul>\n<\/li>\n<\/ul>\n\n\n\n<p>La no aceptaci\u00f3n de cualquiera de las tipolog\u00edas anteriores implica que no se puede informar sobre las actividades dinamizadas en el territorio de Arouca Geopark.<\/p>\n\n\n\n<p>AGA nunca da sus datos a terceros.<\/p>\n\n\n\n<ul class=\"wp-block-list\">\n<li><strong>Retenci\u00f3n de datos personales<\/strong><\/li>\n<\/ul>\n\n\n\n<p>AGA conservar\u00e1 sus datos durante el per\u00edodo necesario y razonable, teniendo en cuenta el alcance y finalidad de la recogida, comprometi\u00e9ndose a adoptar medidas de conservaci\u00f3n y seguridad.<\/p>\n\n\n\n<ul class=\"wp-block-list\">\n<li><strong>Informaci\u00f3n de contacto<\/strong><\/li>\n<\/ul>\n\n\n\n<p>Para obtener m\u00e1s informaci\u00f3n sobre las pr\u00e1cticas de privacidad de AGA y sus derechos, consulte el sitio web www.aroucageopark.pt o env\u00ede un correo electr\u00f3nico a geral@aroucageopark.pt.<\/p>\n\n\n\n<ul class=\"wp-block-list\">\n<li><strong>Cambio a la pol\u00edtica de seguridad y privacidad<\/strong><\/li>\n<\/ul>\n\n\n\n<p>Estos T\u00e9rminos y Condiciones, que deben leerse detenidamente, podr\u00e1n ser enmendados, considerando que los cambios entran en vigor desde la fecha de su colocaci\u00f3n en este sitio, con una referencia expresa a la fecha de actualizaci\u00f3n.<\/p>\n\n\n\n<p>Fecha de la \u00faltima actualizaci\u00f3n de la Pol\u00edtica de Privacidad: 25 de mayo de 2018<\/p>\n\n\n\n<p><\/p>\n","protected":false},"excerpt":{"rendered":"<p>Introduccion La Pol\u00edtica de Privacidad AGA \u2013 Associa\u00e7\u00e3o Geoparque Arouca aclara sus datos personales que recopilamos y para qu\u00e9 fines, y cu\u00e1les son los principios que gu\u00edan el uso de estos datos y los derechos de los interesados. AGA en su acci\u00f3n se rige por valores de rigor, transparencia, profesionalismo, cooperaci\u00f3n institucional y justicia social. [&hellip;]<\/p>\n","protected":false},"author":1,"featured_media":false,"parent":0,"menu_order":0,"comment_status":"closed","ping_status":"closed","template":"","meta":{"_acf_changed":false,"footnotes":""},"class_list":["post-2108","page","type-page","status-publish","hentry"],"acf":[],"yoast_head":"<!-- This site is optimized with the Yoast SEO plugin v25.7 - https:\/\/yoast.com\/wordpress\/plugins\/seo\/ -->\n<title>Pol\u00edtica de Privacidad - Casa das Pedras Parideiras<\/title>\n<meta name=\"robots\" content=\"index, follow, max-snippet:-1, max-image-preview:large, max-video-preview:-1\" \/>\n<link rel=\"canonical\" href=\"https:\/\/aroucageopark.pt\/casa-das-pedras-parideiras\/es\/politica-de-privacidad\/\" \/>\n<meta property=\"og:locale\" content=\"pt_PT\" \/>\n<meta property=\"og:type\" content=\"article\" \/>\n<meta property=\"og:title\" content=\"Pol\u00edtica de Privacidad - Casa das Pedras Parideiras\" \/>\n<meta property=\"og:description\" content=\"Introduccion La Pol\u00edtica de Privacidad AGA \u2013 Associa\u00e7\u00e3o Geoparque Arouca aclara sus datos personales que recopilamos y para qu\u00e9 fines, y cu\u00e1les son los principios que gu\u00edan el uso de estos datos y los derechos de los interesados. AGA en su acci\u00f3n se rige por valores de rigor, transparencia, profesionalismo, cooperaci\u00f3n institucional y justicia social. [&hellip;]\" \/>\n<meta property=\"og:url\" content=\"https:\/\/aroucageopark.pt\/casa-das-pedras-parideiras\/es\/politica-de-privacidad\/\" \/>\n<meta property=\"og:site_name\" content=\"Casa das Pedras Parideiras\" \/>\n<meta property=\"article:modified_time\" content=\"2025-08-26T16:03:45+00:00\" \/>\n<meta name=\"twitter:card\" content=\"summary_large_image\" \/>\n<meta name=\"twitter:label1\" content=\"Tempo estimado de leitura\" \/>\n\t<meta name=\"twitter:data1\" content=\"5 minutos\" \/>\n<script type=\"application\/ld+json\" class=\"yoast-schema-graph\">{\"@context\":\"https:\/\/schema.org\",\"@graph\":[{\"@type\":\"WebPage\",\"@id\":\"https:\/\/aroucageopark.pt\/casa-das-pedras-parideiras\/es\/politica-de-privacidad\/\",\"url\":\"https:\/\/aroucageopark.pt\/casa-das-pedras-parideiras\/es\/politica-de-privacidad\/\",\"name\":\"Pol\u00edtica de Privacidad - Casa das Pedras Parideiras\",\"isPartOf\":{\"@id\":\"https:\/\/aroucageopark.pt\/casa-das-pedras-parideiras\/#website\"},\"datePublished\":\"2025-08-26T16:02:56+00:00\",\"dateModified\":\"2025-08-26T16:03:45+00:00\",\"breadcrumb\":{\"@id\":\"https:\/\/aroucageopark.pt\/casa-das-pedras-parideiras\/es\/politica-de-privacidad\/#breadcrumb\"},\"inLanguage\":\"pt-PT\",\"potentialAction\":[{\"@type\":\"ReadAction\",\"target\":[\"https:\/\/aroucageopark.pt\/casa-das-pedras-parideiras\/es\/politica-de-privacidad\/\"]}]},{\"@type\":\"BreadcrumbList\",\"@id\":\"https:\/\/aroucageopark.pt\/casa-das-pedras-parideiras\/es\/politica-de-privacidad\/#breadcrumb\",\"itemListElement\":[{\"@type\":\"ListItem\",\"position\":1,\"name\":\"In\u00edcio\",\"item\":\"https:\/\/aroucageopark.pt\/casa-das-pedras-parideiras\/\"},{\"@type\":\"ListItem\",\"position\":2,\"name\":\"Pol\u00edtica de Privacidad\"}]},{\"@type\":\"WebSite\",\"@id\":\"https:\/\/aroucageopark.pt\/casa-das-pedras-parideiras\/#website\",\"url\":\"https:\/\/aroucageopark.pt\/casa-das-pedras-parideiras\/\",\"name\":\"Casa das Pedras Parideiras\",\"description\":\"Centro de Interpreta\u00e7\u00e3o\",\"potentialAction\":[{\"@type\":\"SearchAction\",\"target\":{\"@type\":\"EntryPoint\",\"urlTemplate\":\"https:\/\/aroucageopark.pt\/casa-das-pedras-parideiras\/?s={search_term_string}\"},\"query-input\":{\"@type\":\"PropertyValueSpecification\",\"valueRequired\":true,\"valueName\":\"search_term_string\"}}],\"inLanguage\":\"pt-PT\"}]}<\/script>\n<!-- \/ Yoast SEO plugin. -->","yoast_head_json":{"title":"Pol\u00edtica de Privacidad - Casa das Pedras Parideiras","robots":{"index":"index","follow":"follow","max-snippet":"max-snippet:-1","max-image-preview":"max-image-preview:large","max-video-preview":"max-video-preview:-1"},"canonical":"https:\/\/aroucageopark.pt\/casa-das-pedras-parideiras\/es\/politica-de-privacidad\/","og_locale":"pt_PT","og_type":"article","og_title":"Pol\u00edtica de Privacidad - Casa das Pedras Parideiras","og_description":"Introduccion La Pol\u00edtica de Privacidad AGA \u2013 Associa\u00e7\u00e3o Geoparque Arouca aclara sus datos personales que recopilamos y para qu\u00e9 fines, y cu\u00e1les son los principios que gu\u00edan el uso de estos datos y los derechos de los interesados. AGA en su acci\u00f3n se rige por valores de rigor, transparencia, profesionalismo, cooperaci\u00f3n institucional y justicia social. [&hellip;]","og_url":"https:\/\/aroucageopark.pt\/casa-das-pedras-parideiras\/es\/politica-de-privacidad\/","og_site_name":"Casa das Pedras Parideiras","article_modified_time":"2025-08-26T16:03:45+00:00","twitter_card":"summary_large_image","twitter_misc":{"Tempo estimado de leitura":"5 minutos"},"schema":{"@context":"https:\/\/schema.org","@graph":[{"@type":"WebPage","@id":"https:\/\/aroucageopark.pt\/casa-das-pedras-parideiras\/es\/politica-de-privacidad\/","url":"https:\/\/aroucageopark.pt\/casa-das-pedras-parideiras\/es\/politica-de-privacidad\/","name":"Pol\u00edtica de Privacidad - Casa das Pedras Parideiras","isPartOf":{"@id":"https:\/\/aroucageopark.pt\/casa-das-pedras-parideiras\/#website"},"datePublished":"2025-08-26T16:02:56+00:00","dateModified":"2025-08-26T16:03:45+00:00","breadcrumb":{"@id":"https:\/\/aroucageopark.pt\/casa-das-pedras-parideiras\/es\/politica-de-privacidad\/#breadcrumb"},"inLanguage":"pt-PT","potentialAction":[{"@type":"ReadAction","target":["https:\/\/aroucageopark.pt\/casa-das-pedras-parideiras\/es\/politica-de-privacidad\/"]}]},{"@type":"BreadcrumbList","@id":"https:\/\/aroucageopark.pt\/casa-das-pedras-parideiras\/es\/politica-de-privacidad\/#breadcrumb","itemListElement":[{"@type":"ListItem","position":1,"name":"In\u00edcio","item":"https:\/\/aroucageopark.pt\/casa-das-pedras-parideiras\/"},{"@type":"ListItem","position":2,"name":"Pol\u00edtica de Privacidad"}]},{"@type":"WebSite","@id":"https:\/\/aroucageopark.pt\/casa-das-pedras-parideiras\/#website","url":"https:\/\/aroucageopark.pt\/casa-das-pedras-parideiras\/","name":"Casa das Pedras Parideiras","description":"Centro de Interpreta\u00e7\u00e3o","potentialAction":[{"@type":"SearchAction","target":{"@type":"EntryPoint","urlTemplate":"https:\/\/aroucageopark.pt\/casa-das-pedras-parideiras\/?s={search_term_string}"},"query-input":{"@type":"PropertyValueSpecification","valueRequired":true,"valueName":"search_term_string"}}],"inLanguage":"pt-PT"}]}},"lang":"es","translations":{"es":2108,"pt":1998,"en":2007},"pll_sync_post":[],"_links":{"self":[{"href":"https:\/\/aroucageopark.pt\/casa-das-pedras-parideiras\/wp-json\/wp\/v2\/pages\/2108","targetHints":{"allow":["GET"]}}],"collection":[{"href":"https:\/\/aroucageopark.pt\/casa-das-pedras-parideiras\/wp-json\/wp\/v2\/pages"}],"about":[{"href":"https:\/\/aroucageopark.pt\/casa-das-pedras-parideiras\/wp-json\/wp\/v2\/types\/page"}],"author":[{"embeddable":true,"href":"https:\/\/aroucageopark.pt\/casa-das-pedras-parideiras\/wp-json\/wp\/v2\/users\/1"}],"replies":[{"embeddable":true,"href":"https:\/\/aroucageopark.pt\/casa-das-pedras-parideiras\/wp-json\/wp\/v2\/comments?post=2108"}],"version-history":[{"count":2,"href":"https:\/\/aroucageopark.pt\/casa-das-pedras-parideiras\/wp-json\/wp\/v2\/pages\/2108\/revisions"}],"predecessor-version":[{"id":2113,"href":"https:\/\/aroucageopark.pt\/casa-das-pedras-parideiras\/wp-json\/wp\/v2\/pages\/2108\/revisions\/2113"}],"wp:attachment":[{"href":"https:\/\/aroucageopark.pt\/casa-das-pedras-parideiras\/wp-json\/wp\/v2\/media?parent=2108"}],"curies":[{"name":"wp","href":"https:\/\/api.w.org\/{rel}","templated":true}]}}