{"id":794,"date":"2024-05-06T16:31:20","date_gmt":"2024-05-06T16:31:20","guid":{"rendered":"http:\/\/dev.indice-consulting.com\/arouca-multisite\/casas-das-pedras-parideiras\/?page_id=794"},"modified":"2025-06-18T10:51:23","modified_gmt":"2025-06-18T10:51:23","slug":"ficha-tecnica","status":"publish","type":"page","link":"https:\/\/aroucageopark.pt\/casa-das-pedras-parideiras\/ficha-tecnica\/","title":{"rendered":"Ficha T\u00e9cnica"},"content":{"rendered":"\n<h2 class=\"wp-block-heading has-medium-font-size\">Coordena\u00e7\u00e3o<\/h2>\n\n\n\n<p>Vera Magalh\u00e3es | Associa\u00e7\u00e3o Geoparque Arouca<\/p>\n\n\n\n<hr class=\"wp-block-separator has-text-color has-white-color has-alpha-channel-opacity has-white-background-color has-background\"\/>\n\n\n\n<h2 class=\"wp-block-heading has-medium-font-size\">Textos<\/h2>\n\n\n\n<p>Ivo Brand\u00e3o | C\u00e2mara Municipal de Arouca<\/p>\n\n\n\n<p>Vera Magalh\u00e3es | Associa\u00e7\u00e3o Geoparque Arouca<\/p>\n\n\n\n<p>Susana Bastos | Associa\u00e7\u00e3o Geoparque Arouca<\/p>\n\n\n\n<p>Daniela Rocha | Associa\u00e7\u00e3o Geoparque Arouca<\/p>\n\n\n\n<p>Alexandra Paz | Associa\u00e7\u00e3o Geoparque Arouca<\/p>\n\n\n\n<hr class=\"wp-block-separator has-text-color has-white-color has-alpha-channel-opacity has-white-background-color has-background\"\/>\n\n\n\n<hr class=\"wp-block-separator has-text-color has-white-color has-alpha-channel-opacity has-white-background-color has-background\"\/>\n\n\n\n<h2 class=\"wp-block-heading has-medium-font-size\">Fotografias<\/h2>\n\n\n\n<p>Avelino Vieira<\/p>\n\n\n\n<p>Jo\u00e3o Martins<\/p>\n\n\n\n<p>Gabriel Soeiro Mendes<\/p>\n\n\n\n<p>Jo\u00e3o Petronilho<\/p>\n\n\n\n<p>Davide Guimar\u00e3es<\/p>\n\n\n\n<p>Associa\u00e7\u00e3o Geoparque Arouca<\/p>\n\n\n\n<p>Associa\u00e7\u00e3o de Desenvolvimento Rural Integrado das Serras do Montemuro, Arada e Gralheira<\/p>\n\n\n\n<p>C\u00e2mara Municipal de Arouca<\/p>\n\n\n\n<p>\u00cdndice ICT &amp; Management<\/p>\n","protected":false},"excerpt":{"rendered":"<p>Coordena\u00e7\u00e3o Vera Magalh\u00e3es | Associa\u00e7\u00e3o Geoparque Arouca Textos Ivo Brand\u00e3o | C\u00e2mara Municipal de Arouca Vera Magalh\u00e3es | Associa\u00e7\u00e3o Geoparque Arouca Susana Bastos | Associa\u00e7\u00e3o Geoparque Arouca Daniela Rocha | Associa\u00e7\u00e3o Geoparque Arouca Alexandra Paz | Associa\u00e7\u00e3o Geoparque Arouca Fotografias Avelino Vieira Jo\u00e3o Martins Gabriel Soeiro Mendes Jo\u00e3o Petronilho Davide Guimar\u00e3es Associa\u00e7\u00e3o Geoparque Arouca Associa\u00e7\u00e3o [&hellip;]<\/p>\n","protected":false},"author":1,"featured_media":false,"parent":0,"menu_order":0,"comment_status":"closed","ping_status":"closed","template":"","meta":{"_acf_changed":false,"footnotes":""},"class_list":["post-794","page","type-page","status-publish","hentry"],"acf":[],"yoast_head":"<!-- This site is optimized with the Yoast SEO plugin v25.7 - https:\/\/yoast.com\/wordpress\/plugins\/seo\/ -->\n<title>Ficha T\u00e9cnica - Casa das Pedras Parideiras<\/title>\n<meta name=\"robots\" content=\"index, follow, max-snippet:-1, max-image-preview:large, max-video-preview:-1\" \/>\n<link rel=\"canonical\" href=\"https:\/\/aroucageopark.pt\/casa-das-pedras-parideiras\/ficha-tecnica\/\" \/>\n<meta property=\"og:locale\" content=\"pt_PT\" \/>\n<meta property=\"og:type\" content=\"article\" \/>\n<meta property=\"og:title\" content=\"Ficha T\u00e9cnica - Casa das Pedras Parideiras\" \/>\n<meta property=\"og:description\" content=\"Coordena\u00e7\u00e3o Vera Magalh\u00e3es | Associa\u00e7\u00e3o Geoparque Arouca Textos Ivo Brand\u00e3o | C\u00e2mara Municipal de Arouca Vera Magalh\u00e3es | Associa\u00e7\u00e3o Geoparque Arouca Susana Bastos | Associa\u00e7\u00e3o Geoparque Arouca Daniela Rocha | Associa\u00e7\u00e3o Geoparque Arouca Alexandra Paz | Associa\u00e7\u00e3o Geoparque Arouca Fotografias Avelino Vieira Jo\u00e3o Martins Gabriel Soeiro Mendes Jo\u00e3o Petronilho Davide Guimar\u00e3es Associa\u00e7\u00e3o Geoparque Arouca Associa\u00e7\u00e3o [&hellip;]\" \/>\n<meta property=\"og:url\" content=\"https:\/\/aroucageopark.pt\/casa-das-pedras-parideiras\/ficha-tecnica\/\" \/>\n<meta property=\"og:site_name\" content=\"Casa das Pedras Parideiras\" \/>\n<meta property=\"article:modified_time\" content=\"2025-06-18T10:51:23+00:00\" \/>\n<meta name=\"twitter:card\" content=\"summary_large_image\" \/>\n<meta name=\"twitter:label1\" content=\"Tempo estimado de leitura\" \/>\n\t<meta name=\"twitter:data1\" content=\"1 minuto\" \/>\n<script type=\"application\/ld+json\" class=\"yoast-schema-graph\">{\"@context\":\"https:\/\/schema.org\",\"@graph\":[{\"@type\":\"WebPage\",\"@id\":\"https:\/\/aroucageopark.pt\/casa-das-pedras-parideiras\/ficha-tecnica\/\",\"url\":\"https:\/\/aroucageopark.pt\/casa-das-pedras-parideiras\/ficha-tecnica\/\",\"name\":\"Ficha T\u00e9cnica - Casa das Pedras Parideiras\",\"isPartOf\":{\"@id\":\"https:\/\/aroucageopark.pt\/casa-das-pedras-parideiras\/#website\"},\"datePublished\":\"2024-05-06T16:31:20+00:00\",\"dateModified\":\"2025-06-18T10:51:23+00:00\",\"breadcrumb\":{\"@id\":\"https:\/\/aroucageopark.pt\/casa-das-pedras-parideiras\/ficha-tecnica\/#breadcrumb\"},\"inLanguage\":\"pt-PT\",\"potentialAction\":[{\"@type\":\"ReadAction\",\"target\":[\"https:\/\/aroucageopark.pt\/casa-das-pedras-parideiras\/ficha-tecnica\/\"]}]},{\"@type\":\"BreadcrumbList\",\"@id\":\"https:\/\/aroucageopark.pt\/casa-das-pedras-parideiras\/ficha-tecnica\/#breadcrumb\",\"itemListElement\":[{\"@type\":\"ListItem\",\"position\":1,\"name\":\"In\u00edcio\",\"item\":\"https:\/\/aroucageopark.pt\/casa-das-pedras-parideiras\/\"},{\"@type\":\"ListItem\",\"position\":2,\"name\":\"Ficha T\u00e9cnica\"}]},{\"@type\":\"WebSite\",\"@id\":\"https:\/\/aroucageopark.pt\/casa-das-pedras-parideiras\/#website\",\"url\":\"https:\/\/aroucageopark.pt\/casa-das-pedras-parideiras\/\",\"name\":\"Casa das Pedras Parideiras\",\"description\":\"Centro de Interpreta\u00e7\u00e3o\",\"potentialAction\":[{\"@type\":\"SearchAction\",\"target\":{\"@type\":\"EntryPoint\",\"urlTemplate\":\"https:\/\/aroucageopark.pt\/casa-das-pedras-parideiras\/?s={search_term_string}\"},\"query-input\":{\"@type\":\"PropertyValueSpecification\",\"valueRequired\":true,\"valueName\":\"search_term_string\"}}],\"inLanguage\":\"pt-PT\"}]}<\/script>\n<!-- \/ Yoast SEO plugin. -->","yoast_head_json":{"title":"Ficha T\u00e9cnica - Casa das Pedras Parideiras","robots":{"index":"index","follow":"follow","max-snippet":"max-snippet:-1","max-image-preview":"max-image-preview:large","max-video-preview":"max-video-preview:-1"},"canonical":"https:\/\/aroucageopark.pt\/casa-das-pedras-parideiras\/ficha-tecnica\/","og_locale":"pt_PT","og_type":"article","og_title":"Ficha T\u00e9cnica - Casa das Pedras Parideiras","og_description":"Coordena\u00e7\u00e3o Vera Magalh\u00e3es | Associa\u00e7\u00e3o Geoparque Arouca Textos Ivo Brand\u00e3o | C\u00e2mara Municipal de Arouca Vera Magalh\u00e3es | Associa\u00e7\u00e3o Geoparque Arouca Susana Bastos | Associa\u00e7\u00e3o Geoparque Arouca Daniela Rocha | Associa\u00e7\u00e3o Geoparque Arouca Alexandra Paz | Associa\u00e7\u00e3o Geoparque Arouca Fotografias Avelino Vieira Jo\u00e3o Martins Gabriel Soeiro Mendes Jo\u00e3o Petronilho Davide Guimar\u00e3es Associa\u00e7\u00e3o Geoparque Arouca Associa\u00e7\u00e3o [&hellip;]","og_url":"https:\/\/aroucageopark.pt\/casa-das-pedras-parideiras\/ficha-tecnica\/","og_site_name":"Casa das Pedras Parideiras","article_modified_time":"2025-06-18T10:51:23+00:00","twitter_card":"summary_large_image","twitter_misc":{"Tempo estimado de leitura":"1 minuto"},"schema":{"@context":"https:\/\/schema.org","@graph":[{"@type":"WebPage","@id":"https:\/\/aroucageopark.pt\/casa-das-pedras-parideiras\/ficha-tecnica\/","url":"https:\/\/aroucageopark.pt\/casa-das-pedras-parideiras\/ficha-tecnica\/","name":"Ficha T\u00e9cnica - Casa das Pedras Parideiras","isPartOf":{"@id":"https:\/\/aroucageopark.pt\/casa-das-pedras-parideiras\/#website"},"datePublished":"2024-05-06T16:31:20+00:00","dateModified":"2025-06-18T10:51:23+00:00","breadcrumb":{"@id":"https:\/\/aroucageopark.pt\/casa-das-pedras-parideiras\/ficha-tecnica\/#breadcrumb"},"inLanguage":"pt-PT","potentialAction":[{"@type":"ReadAction","target":["https:\/\/aroucageopark.pt\/casa-das-pedras-parideiras\/ficha-tecnica\/"]}]},{"@type":"BreadcrumbList","@id":"https:\/\/aroucageopark.pt\/casa-das-pedras-parideiras\/ficha-tecnica\/#breadcrumb","itemListElement":[{"@type":"ListItem","position":1,"name":"In\u00edcio","item":"https:\/\/aroucageopark.pt\/casa-das-pedras-parideiras\/"},{"@type":"ListItem","position":2,"name":"Ficha T\u00e9cnica"}]},{"@type":"WebSite","@id":"https:\/\/aroucageopark.pt\/casa-das-pedras-parideiras\/#website","url":"https:\/\/aroucageopark.pt\/casa-das-pedras-parideiras\/","name":"Casa das Pedras Parideiras","description":"Centro de Interpreta\u00e7\u00e3o","potentialAction":[{"@type":"SearchAction","target":{"@type":"EntryPoint","urlTemplate":"https:\/\/aroucageopark.pt\/casa-das-pedras-parideiras\/?s={search_term_string}"},"query-input":{"@type":"PropertyValueSpecification","valueRequired":true,"valueName":"search_term_string"}}],"inLanguage":"pt-PT"}]}},"lang":"pt","translations":{"pt":794,"en":1996,"es":2109},"pll_sync_post":[],"_links":{"self":[{"href":"https:\/\/aroucageopark.pt\/casa-das-pedras-parideiras\/wp-json\/wp\/v2\/pages\/794","targetHints":{"allow":["GET"]}}],"collection":[{"href":"https:\/\/aroucageopark.pt\/casa-das-pedras-parideiras\/wp-json\/wp\/v2\/pages"}],"about":[{"href":"https:\/\/aroucageopark.pt\/casa-das-pedras-parideiras\/wp-json\/wp\/v2\/types\/page"}],"author":[{"embeddable":true,"href":"https:\/\/aroucageopark.pt\/casa-das-pedras-parideiras\/wp-json\/wp\/v2\/users\/1"}],"replies":[{"embeddable":true,"href":"https:\/\/aroucageopark.pt\/casa-das-pedras-parideiras\/wp-json\/wp\/v2\/comments?post=794"}],"version-history":[{"count":1,"href":"https:\/\/aroucageopark.pt\/casa-das-pedras-parideiras\/wp-json\/wp\/v2\/pages\/794\/revisions"}],"predecessor-version":[{"id":795,"href":"https:\/\/aroucageopark.pt\/casa-das-pedras-parideiras\/wp-json\/wp\/v2\/pages\/794\/revisions\/795"}],"wp:attachment":[{"href":"https:\/\/aroucageopark.pt\/casa-das-pedras-parideiras\/wp-json\/wp\/v2\/media?parent=794"}],"curies":[{"name":"wp","href":"https:\/\/api.w.org\/{rel}","templated":true}]}}